{"id":114803,"date":"2024-08-23T16:55:31","date_gmt":"2024-08-23T14:55:31","guid":{"rendered":"https:\/\/www.valmorel.com\/nouveaute-job-tourisme\/"},"modified":"2024-11-20T16:18:50","modified_gmt":"2024-11-20T15:18:50","slug":"nouveaute-job-tourisme","status":"publish","type":"page","link":"https:\/\/www.valmorel.com\/en\/nouveaute-job-tourisme\/","title":{"rendered":"Solutions Recrutement &#8211; Job Tourisme"},"content":{"rendered":"<div class=\"wpb-content-wrapper\"><p>[vc_row][vc_column][vc_column_text]<\/p>\n<h1 style=\"text-align: center;\">Solutions Recrutement &#8211; Job Tourisme<\/h1>\n<p>[\/vc_column_text][vc_empty_space][\/vc_column][\/vc_row][vc_row][vc_column width=&#8221;1\/2&#8243;][vc_column_text]<strong>Nouveaut\u00e9 2024-2025 : Offres d&#8217;Emploi Saisonnier Gratuit pour nos Partenaires<\/strong><\/p>\n<p>\u00c0 partir de la saison 2024-2025, l&#8217;Office de Tourisme de Valmorel et des Vall\u00e9es d\u2019Aigueblanche est fier de proposer un tout nouveau service \u00e0 ses partenaires : la mise en ligne d&#8217;offres d&#8217;emploi pour le recrutement saisonnier via la plateforme Job-Tourisme. Ce dispositif, enti\u00e8rement gratuit pour nos partenaires, a \u00e9t\u00e9 con\u00e7u pour soutenir les entreprises locales dans leur recherche de talents pour la saison \u00e0 venir.<\/p>\n<p>Vous \u00eates un h\u00f4telier, restaurateur, commer\u00e7ant ou une autre entreprise li\u00e9e au tourisme \u00e0 Valmorel ? Profitez de notre plateforme pour publier vos annonces et attirer des candidats motiv\u00e9s. Gr\u00e2ce \u00e0 notre visibilit\u00e9 et \u00e0 notre engagement envers la communaut\u00e9 locale, nous vous aidons \u00e0 recruter efficacement pour faire de la saison 2024-2025 un succ\u00e8s.<\/p>\n<p>Toutes les informations sur ce dispositif sont \u00e0 retrouver <a href=\"https:\/\/www.valmorel.com\/wp-content\/uploads\/2024\/08\/Valmorel-Job-Tourisme-0824.pdf\" target=\"_blank\" rel=\"noopener\"><u>en cliquant ici.<\/u><\/a><\/p>\n<p>&nbsp;<\/p>\n<p>Int\u00e9ress\u00e9\u00a0? Contactez-nous \u00e0 <a href=\"mailto:alliance@valmorel.com\">alliance@valmorel.com<\/a>[\/vc_column_text][\/vc_column][vc_column width=&#8221;1\/2&#8243;][vc_single_image image=&#8221;113229&#8243; img_size=&#8221;medium&#8221; alignment=&#8221;right&#8221; style=&#8221;img_valmo1&#8243;][\/vc_column][\/vc_row]<\/p>\n<\/div>","protected":false},"excerpt":{"rendered":"<p>[vc_row][vc_column][vc_column_text] Solutions Recrutement &#8211; Job Tourisme [\/vc_column_text][vc_empty_space][\/vc_column][\/vc_row][vc_row][vc_column width=&#8221;1\/2&#8243;][vc_column_text]Nouveaut\u00e9 2024-2025 : Offres d&#8217;Emploi Saisonnier Gratuit pour nos Partenaires \u00c0 partir de la saison 2024-2025, l&#8217;Office de Tourisme de Valmorel et des Vall\u00e9es d\u2019Aigueblanche est fier de proposer un tout nouveau service \u00e0 ses partenaires : la mise en ligne d&#8217;offres d&#8217;emploi pour le recrutement saisonnier via [&hellip;]<\/p>\n","protected":false},"author":19,"featured_media":114790,"parent":0,"menu_order":0,"comment_status":"closed","ping_status":"closed","template":"","meta":{"_acf_changed":false,"footnotes":""},"class_list":["post-114803","page","type-page","status-publish","has-post-thumbnail","hentry"],"acf":[],"_links":{"self":[{"href":"https:\/\/www.valmorel.com\/en\/wp-json\/wp\/v2\/pages\/114803","targetHints":{"allow":["GET"]}}],"collection":[{"href":"https:\/\/www.valmorel.com\/en\/wp-json\/wp\/v2\/pages"}],"about":[{"href":"https:\/\/www.valmorel.com\/en\/wp-json\/wp\/v2\/types\/page"}],"author":[{"embeddable":true,"href":"https:\/\/www.valmorel.com\/en\/wp-json\/wp\/v2\/users\/19"}],"replies":[{"embeddable":true,"href":"https:\/\/www.valmorel.com\/en\/wp-json\/wp\/v2\/comments?post=114803"}],"version-history":[{"count":3,"href":"https:\/\/www.valmorel.com\/en\/wp-json\/wp\/v2\/pages\/114803\/revisions"}],"predecessor-version":[{"id":115421,"href":"https:\/\/www.valmorel.com\/en\/wp-json\/wp\/v2\/pages\/114803\/revisions\/115421"}],"wp:featuredmedia":[{"embeddable":true,"href":"https:\/\/www.valmorel.com\/en\/wp-json\/wp\/v2\/media\/114790"}],"wp:attachment":[{"href":"https:\/\/www.valmorel.com\/en\/wp-json\/wp\/v2\/media?parent=114803"}],"curies":[{"name":"wp","href":"https:\/\/api.w.org\/{rel}","templated":true}]}}