{"id":19733,"date":"2020-06-30T14:50:06","date_gmt":"2020-06-30T12:50:06","guid":{"rendered":"https:\/\/valmorel.yata.fr\/?page_id=19733"},"modified":"2026-03-03T09:49:01","modified_gmt":"2026-03-03T08:49:01","slug":"ski-area","status":"publish","type":"page","link":"https:\/\/www.valmorel.com\/en\/winter-activities\/ski-slide\/ski-area\/","title":{"rendered":"Ski Area"},"content":{"rendered":"<div class=\"wpb-content-wrapper\"><p>[vc_row][vc_column][vc_column_text css=&#8221;&#8221;]<\/p>\n<h1>From December 20, 2025 to April 11, 2026<\/h1>\n<p>[\/vc_column_text][vc_column_text]<\/p>\n<h2 class=\"chapeau\">Located near the Parc de la Vanoise in Savoie, Le Grand Domaine includes the resorts of Valmorel, Saint-Fran\u00e7ois-Longchamp, Doucy and Celliers. A sunny ski area with 165km of pistes.<\/h2>\n<p>[\/vc_column_text][\/vc_column][\/vc_row][vc_row][vc_column width=&#8221;1\/6&#8243;][\/vc_column][vc_column width=&#8221;2\/3&#8243;][vc_single_image image=&#8221;118002&#8243; img_size=&#8221;full&#8221; onclick=&#8221;custom_link&#8221; img_link_target=&#8221;_blank&#8221; css=&#8221;&#8221; link=&#8221;https:\/\/www.valmorel.com\/wp-content\/uploads\/2025\/11\/plan-des-pistes-25-26-plan-unique.pdf&#8221;][\/vc_column][vc_column width=&#8221;1\/6&#8243;][\/vc_column][\/vc_row][vc_row][vc_column][vc_btn title=&#8221;Download the piste map&#8221; style=&#8221;valmo&#8221; color=&#8221;rougeval&#8221; align=&#8221;center&#8221; css_animation=&#8221;none&#8221; css=&#8221;&#8221; button_block=&#8221;true&#8221; link=&#8221;url:https%3A%2F%2Fwww.valmorel.com%2Fwp-content%2Fuploads%2F2025%2F11%2Fplan-des-pistes-25-26-plan-unique.pdf|target:_blank&#8221;][\/vc_column][\/vc_row][vc_row][vc_column width=&#8221;1\/2&#8243;][vc_column_text]<\/p>\n<h2>165km of slopes !<\/h2>\n<p>[\/vc_column_text][vc_column_text]Between forests, gentle alpine meadow slopes and steeper slopes at the summits, the <strong>Grand Domaine<\/strong> gives you the opportunity to enjoy a varied playground accessible to all levels of skiers. Young and old can easily cross the Col de la Madeleine on skis with a simple \u201cblue slope\u201d.<\/p>\n<p>A true paradise for lovers of ski touring and off-piste, a huge variety of breathtaking landscapes between pine trees and high mountains.[\/vc_column_text][\/vc_column][vc_column width=&#8221;1\/2&#8243;][vc_empty_space height=&#8221;60px&#8221;][vc_single_image image=&#8221;404&#8243; img_size=&#8221;large&#8221; alignment=&#8221;center&#8221; style=&#8221;img_valmo1&#8243;][\/vc_column][\/vc_row][vc_row][vc_column][vc_empty_space height=&#8221;50px&#8221;][\/vc_column][\/vc_row][vc_row][vc_column width=&#8221;1\/2&#8243;][vc_empty_space height=&#8221;60px&#8221;][vc_video link=&#8221;https:\/\/www.youtube.com\/watch?v=EpnqsDPiKy0&amp;t=7s&#8221;][\/vc_column][vc_column width=&#8221;1\/2&#8243;][vc_column_text]<\/p>\n<h2>Fun areas<\/h2>\n<p style=\"text-align: center;\">Discover the <strong>fun area<\/strong> of Valmorel with areas including a boardercross, snowparks or the Pirates&#8217; village with its week-long entertainment!<\/p>\n<p>[\/vc_column_text][vc_btn title=&#8221;Learn more&#8221; style=&#8221;valmo&#8221; color=&#8221;rougeval&#8221; align=&#8221;center&#8221; css_animation=&#8221;none&#8221; link=&#8221;url:https%3A%2F%2Fvalmorel.com%2Fski-glisse%2Fsnowpark-et-espaces-ludiques%2F|title:Snowpark%20et%20espaces%20ludiques||&#8221;][\/vc_column][\/vc_row][vc_row css=&#8221;.vc_custom_1592401824176{background-position: center !important;background-repeat: no-repeat !important;background-size: cover !important;}&#8221;][vc_column width=&#8221;1\/2&#8243;][vc_column_text]<\/p>\n<h2><strong>4 beginners&#8217; zones<\/strong><\/h2>\n<p><strong>4 zones spread over the ski area, where beginners can learn to ski in complete safety and tranquillity.<\/strong><\/p>\n<ul>\n<li><strong>Rocher-Blanchot area :<\/strong><br \/>\n&#8211; Rocher lift<br \/>\n&#8211; Blanchot lift (free)<br \/>\nAccess by Valmobus shuttle from Valmorel resort, \u201cle Pr\u00e9\u201d stop<\/li>\n<\/ul>\n<ul>\n<li><strong>Bois de la Croix &#8211; Cheval Blanc area:<\/strong><br \/>\n&#8211; Tapis du Bois de la Croix<br \/>\n&#8211; Cheval Blanc lift (free)<br \/>\nAccess by T\u00e9l\u00e9bourg, Cr\u00e8ve-c\u0153ur stop<\/li>\n<\/ul>\n<ul>\n<li><strong>Malatrai \u2013 Roches Blanches area :<\/strong><br \/>\n&#8211; Pierrafort gondola<br \/>\n&#8211; Tapis de Roches Blanches<br \/>\n&#8211; Malatrai lift<br \/>\nAccess by Pierrafort gondola<\/li>\n<\/ul>\n<ul>\n<li><strong>Echappeaux &#8211; Charmettes area:<\/strong><br \/>\n&#8211; Combelouvi\u00e8re lift<br \/>\n&#8211; Charmettes lift<br \/>\n&#8211; Echappeaux lift<br \/>\n&#8211; Celliers gondola<br \/>\nAccess by Combelouvi\u00e8re lift from Doucy resort<\/li>\n<\/ul>\n<p>[\/vc_column_text][\/vc_column][vc_column width=&#8221;1\/2&#8243;][vc_empty_space height=&#8221;60px&#8221;][vc_single_image image=&#8221;9950&#8243; img_size=&#8221;medium&#8221; style=&#8221;img_valmo1&#8243;][\/vc_column][\/vc_row][vc_row][vc_column][vc_row_inner][vc_column_inner width=&#8221;1\/2&#8243;][vc_empty_space][vc_single_image image=&#8221;9943&#8243; img_size=&#8221;medium&#8221; style=&#8221;img_valmo1&#8243;][\/vc_column_inner][vc_column_inner width=&#8221;1\/2&#8243;][vc_column_text]<\/p>\n<h2>4 Freeride areas<\/h2>\n<p><em><strong>Black or Red level<\/strong><\/em><\/p>\n<p>The Freeride areas are secure yet ungroomed areas for thrill seekers and powder snow lovers. Don&#8217;t wait to discover the 4 zones:<\/p>\n<ul>\n<li>The Gollet freeride<\/li>\n<li>The Mottet freeride<\/li>\n<li>The Riondet freeride<\/li>\n<li>The Procureuse freeride<\/li>\n<\/ul>\n<p>All these areas are outlined in yellow on <strong>the Valmorel piste map.<\/strong>[\/vc_column_text][\/vc_column_inner][\/vc_row_inner][vc_empty_space height=&#8221;50px&#8221;][\/vc_column][\/vc_row][vc_row][vc_column width=&#8221;1\/2&#8243;][vc_column_text]<\/p>\n<h2>2 points photos<\/h2>\n<div class=\"elementor-element elementor-element-8a6620b elementor-widget elementor-widget-heading\" data-id=\"8a6620b\" data-element_type=\"widget\" data-widget_type=\"heading.default\">\n<div class=\"elementor-widget-container\">\n<p class=\"elementor-heading-title elementor-size-default\" style=\"text-align: center;\"><strong>Share your best holiday memories!<\/strong><\/p>\n<\/div>\n<\/div>\n<section class=\"elementor-element elementor-element-517ab2a elementor-section-boxed elementor-section-height-default elementor-section-height-default elementor-section elementor-top-section\" data-particle_enable=\"false\" data-particle-mobile-disabled=\"false\" data-id=\"517ab2a\" data-element_type=\"section\">\n<div class=\"elementor-container elementor-column-gap-default\">\n<div class=\"elementor-row\">\n<div class=\"elementor-element elementor-element-ba821a2 elementor-column elementor-col-100 elementor-top-column\" data-id=\"ba821a2\" data-element_type=\"column\">\n<div class=\"elementor-column-wrap elementor-element-populated\">\n<div class=\"elementor-widget-wrap\">\n<div class=\"elementor-element elementor-element-4b4f1fd elementor-widget elementor-widget-text-editor\" data-id=\"4b4f1fd\" data-element_type=\"widget\" data-widget_type=\"text-editor.default\">\n<div class=\"elementor-widget-container\">\n<div class=\"elementor-text-editor elementor-clearfix\">\n<p>No need to get out your smartphone any longer or to take off your gloves or mittens in this Arctic cold \u2013 Valmorel has installed 2 photo systems for you in the resort livery!<\/p>\n<\/div>\n<\/div>\n<\/div>\n<\/div>\n<\/div>\n<\/div>\n<\/div>\n<\/div>\n<\/section>\n<section class=\"elementor-element elementor-element-d1f5009 elementor-section-boxed elementor-section-height-default elementor-section-height-default elementor-section elementor-top-section\" data-particle_enable=\"false\" data-particle-mobile-disabled=\"false\" data-id=\"d1f5009\" data-element_type=\"section\">\n<div class=\"elementor-container elementor-column-gap-default\">\n<div class=\"elementor-row\">\n<div class=\"elementor-element elementor-element-f482a4d elementor-column elementor-col-50 elementor-top-column\" data-id=\"f482a4d\" data-element_type=\"column\">\n<div class=\"elementor-column-wrap elementor-element-populated\">\n<div class=\"elementor-widget-wrap\">\n<div class=\"elementor-element elementor-element-c87fd49 elementor-view-default elementor-widget elementor-widget-icon\" data-id=\"c87fd49\" data-element_type=\"widget\" data-widget_type=\"icon.default\">\n<div class=\"elementor-widget-container\">\n<div class=\"elementor-icon-wrapper\">\n<div class=\"elementor-icon\"><span style=\"font-size: 1.1em;\">Sitting on one of the famous Mottet chairlift\u2019s old seats at an altitude of 2400m, all you have to do is show your lift pass to the terminal and wait for the 4 beeps then smile at the camera on the pylon just in front of you! In the background of your photo:<\/span><strong style=\"font-size: 1.1em;\">\u00a0an outstanding panoramic view of Mont-Blanc<\/strong><span style=\"font-size: 1.1em;\">\u00a0from the Mottet Photo Point and\u00a0<\/span><strong style=\"font-size: 1.1em;\">a stunning view of the Lauzi\u00e8re massif<\/strong><span style=\"font-size: 1.1em;\">\u00a0from the Arenouillaz Photo Point\u2026<\/span><\/div>\n<\/div>\n<\/div>\n<\/div>\n<\/div>\n<\/div>\n<\/div>\n<\/div>\n<\/div>\n<\/section>\n<div class=\"flex\">\n<div class=\"txt\">\n<p>No need to choose the official group photograph any longer, Valmorel will do everything for you!<\/p>\n<\/div>\n<\/div>\n<p>[\/vc_column_text][\/vc_column][vc_column width=&#8221;1\/2&#8243;][vc_empty_space height=&#8221;60px&#8221;][vc_single_image image=&#8221;2175&#8243; img_size=&#8221;medium&#8221; style=&#8221;img_valmo1&#8243;][\/vc_column][\/vc_row][vc_row][vc_column][vc_column_text]<\/p>\n<h2>Accessible to pedestrians!<\/h2>\n<div class=\"banner immersion-5\" data-stellar-offset-parent=\"true\" data-stellar-background-ratio=\"0.2\">\n<p style=\"text-align: center;\">On <strong>foot<\/strong> or <strong>snowshoes<\/strong>, our 50km of marked and maintained paths will allow you to discover another facet of the Grand Domaine. Easily accessible via the Altispace, Lanchettes or Combelouvi\u00e8re chairlifts, our mountain domain has a unique panorama of the unspoiled Lauzi\u00e8re mountain range.<\/p>\n<p style=\"text-align: center;\">The map of the Nordic itineraries is on sale at the Tourist Office<\/p>\n<\/div>\n<div class=\"banner immersion-6\" data-stellar-offset-parent=\"true\" data-stellar-background-ratio=\"0.8\">\n<div class=\"radial open\"><\/div>\n<\/div>\n<p>[\/vc_column_text][vc_empty_space][\/vc_column][\/vc_row][vc_row][vc_column width=&#8221;1\/2&#8243;][vc_single_image image=&#8221;102376&#8243; img_size=&#8221;medium&#8221; alignment=&#8221;center&#8221; style=&#8221;img_valmo1&#8243;][\/vc_column][vc_column width=&#8221;1\/2&#8243;][vc_column_text]<\/p>\n<h2>What&#8217;s new in the ski area<\/h2>\n<p>[\/vc_column_text][vc_column_text]<\/p>\n<div class=\"wpb_text_column wpb_content_element \">\n<div class=\"wpb_wrapper\">\n<p><strong>Ski Lockers Available<\/strong><\/p>\n<p>Discover our <strong>SKICASE ski locker solution<\/strong> at the base of the station. Perfect for safely storing your equipment and enjoying your stay to the fullest.<\/p>\n<ul>\n<li><strong>10 lockers<\/strong> for 2 to 3 pairs of skis<\/li>\n<li><strong>70 lockers<\/strong> for 4 to 5 pairs of skis<\/li>\n<\/ul>\n<p>Online Reservation:<br \/>\nA dedicated reservation site will open in early December 2024. It will also be possible to rent a locker on-site using our self-service kiosk located nearby.<\/p>\n<p>How does it work?<br \/>\nOnce you book, you will receive an access code by email to open your locker. You can rent a locker for a day, a week, or the entire season, depending on your needs.<\/p>\n<hr \/>\n<p><strong>ESF (French Ski School)<\/strong><\/p>\n<p>New Features Coming Soon!<\/p>\n<hr \/>\n<p><strong>New <em>Hors-Sac<\/em> Room<\/strong><\/p>\n<p>Enjoy our new <em>hors-sac<\/em> room located at the base of the Bioll\u00e8ne chairlift. This welcoming space is equipped to host you both indoors and outdoors, making it the perfect spot for a break before heading back to the slopes!<\/p>\n<hr \/>\n<p><strong>New Electric Charging Stations<\/strong><\/p>\n<p>In the covered parking lot <strong>P7 &#8211; Du Bourg<\/strong>, six new charging stations with Type 2 sockets are now available 24\/7. Charging is billed based on the time used and can be paid for with your parking ticket.<\/p>\n<\/div>\n<\/div>\n<p>[\/vc_column_text][\/vc_column][\/vc_row][vc_row][vc_column][vc_separator border_width=&#8221;2&#8243;][\/vc_column][\/vc_row][vc_row][vc_column width=&#8221;1\/4&#8243;][vc_btn title=&#8221;I book my skipass&#8221; style=&#8221;valmo&#8221; color=&#8221;rougeval&#8221; css=&#8221;&#8221; link=&#8221;url:https%3A%2F%2Fskipass.valmorel.com%2Fen%2F|target:_blank&#8221;][\/vc_column][vc_column width=&#8221;1\/4&#8243;][vc_btn title=&#8221;I book my ski lessons&#8221; style=&#8221;valmo&#8221; color=&#8221;rougeval&#8221; link=&#8221;url:https%3A%2F%2Fwww.esf-valmorel.com%2F||target:%20_blank|&#8221;][\/vc_column][vc_column width=&#8221;1\/4&#8243;][vc_btn title=&#8221;I book my stay&#8221; style=&#8221;valmo&#8221; color=&#8221;rougeval&#8221; link=&#8221;url:https%3A%2F%2Fbooking.valmorel.com%2Findex_uk.aspx||target:%20_blank|&#8221;][\/vc_column][vc_column width=&#8221;1\/4&#8243;][vc_btn title=&#8221;Security on slopes&#8221; style=&#8221;valmo&#8221; color=&#8221;grisval&#8221; link=&#8221;url:%2Fla-securite-sur-les-pistes%2F|title:La%20s%C3%A9curit%C3%A9%20sur%20les%20pistes||&#8221;][\/vc_column][\/vc_row][vc_row][vc_column]\n\n    <div class=\"brochure\">\n      <a class=\"brochure_link gtm-brochure\" href=\"\" target=\"_blank\">\n      <p class=\"brochure_title  gtm-nom-brochure\"><\/p>\n    \n  <\/a>\n  <\/div>[\/vc_column][\/vc_row]<\/p>\n<\/div>","protected":false},"excerpt":{"rendered":"<p>[vc_row][vc_column][vc_column_text css=&#8221;&#8221;] From December 20, 2025 to April 11, 2026 [\/vc_column_text][vc_column_text] Located near the Parc de la Vanoise in Savoie, Le Grand Domaine includes the resorts of Valmorel, Saint-Fran\u00e7ois-Longchamp, Doucy and Celliers. A sunny ski area with 165km of pistes. [\/vc_column_text][\/vc_column][\/vc_row][vc_row][vc_column width=&#8221;1\/6&#8243;][\/vc_column][vc_column width=&#8221;2\/3&#8243;][vc_single_image image=&#8221;118002&#8243; img_size=&#8221;full&#8221; onclick=&#8221;custom_link&#8221; img_link_target=&#8221;_blank&#8221; css=&#8221;&#8221; link=&#8221;https:\/\/www.valmorel.com\/wp-content\/uploads\/2025\/11\/plan-des-pistes-25-26-plan-unique.pdf&#8221;][\/vc_column][vc_column width=&#8221;1\/6&#8243;][\/vc_column][\/vc_row][vc_row][vc_column][vc_btn title=&#8221;Download the piste map&#8221; style=&#8221;valmo&#8221; [&hellip;]<\/p>\n","protected":false},"author":3,"featured_media":1142,"parent":32566,"menu_order":10,"comment_status":"closed","ping_status":"closed","template":"","meta":{"_acf_changed":false,"footnotes":""},"class_list":["post-19733","page","type-page","status-publish","has-post-thumbnail","hentry"],"acf":[],"_links":{"self":[{"href":"https:\/\/www.valmorel.com\/en\/wp-json\/wp\/v2\/pages\/19733","targetHints":{"allow":["GET"]}}],"collection":[{"href":"https:\/\/www.valmorel.com\/en\/wp-json\/wp\/v2\/pages"}],"about":[{"href":"https:\/\/www.valmorel.com\/en\/wp-json\/wp\/v2\/types\/page"}],"author":[{"embeddable":true,"href":"https:\/\/www.valmorel.com\/en\/wp-json\/wp\/v2\/users\/3"}],"replies":[{"embeddable":true,"href":"https:\/\/www.valmorel.com\/en\/wp-json\/wp\/v2\/comments?post=19733"}],"version-history":[{"count":6,"href":"https:\/\/www.valmorel.com\/en\/wp-json\/wp\/v2\/pages\/19733\/revisions"}],"predecessor-version":[{"id":118819,"href":"https:\/\/www.valmorel.com\/en\/wp-json\/wp\/v2\/pages\/19733\/revisions\/118819"}],"up":[{"embeddable":true,"href":"https:\/\/www.valmorel.com\/en\/wp-json\/wp\/v2\/pages\/32566"}],"wp:featuredmedia":[{"embeddable":true,"href":"https:\/\/www.valmorel.com\/en\/wp-json\/wp\/v2\/media\/1142"}],"wp:attachment":[{"href":"https:\/\/www.valmorel.com\/en\/wp-json\/wp\/v2\/media?parent=19733"}],"curies":[{"name":"wp","href":"https:\/\/api.w.org\/{rel}","templated":true}]}}