{"id":29028,"date":"2020-04-01T11:11:25","date_gmt":"2020-04-01T09:11:25","guid":{"rendered":"https:\/\/www.valmorel.com\/acces\/"},"modified":"2024-11-14T10:28:20","modified_gmt":"2024-11-14T09:28:20","slug":"access","status":"publish","type":"page","link":"https:\/\/www.valmorel.com\/en\/practical-information\/access\/","title":{"rendered":"Access"},"content":{"rendered":"<div class=\"wpb-content-wrapper\"><p>[vc_row][vc_column][vc_column_text]<\/p>\n<h2 style=\"text-align: center;\"><strong>How to come to Valmorel<\/strong><\/h2>\n<p style=\"text-align: center;\">Located at the gateway to the Tarentaise Valley, <strong>Valmorel and the Aigueblanche<\/strong> Valleys are just a <strong>2 hour<\/strong> drive from both Lyon and Geneva, <strong>1 hour<\/strong> from Chamb\u00e9ry and just <strong>30 minutes<\/strong> from Albertville.<\/p>\n<p>[\/vc_column_text][\/vc_column][\/vc_row][vc_row][vc_column][vc_single_image image=&#8221;831&#8243; img_size=&#8221;medium&#8221; alignment=&#8221;center&#8221; style=&#8221;img_valmo1&#8243; el_class=&#8221;show-ete&#8221;][vc_btn title=&#8221;Download the map in PDF&#8221; style=&#8221;valmo&#8221; color=&#8221;rougeval&#8221; align=&#8221;center&#8221; css_animation=&#8221;none&#8221; el_class=&#8221;show-ete&#8221; link=&#8221;url:%2Fwp-content%2Fuploads%2F2020%2F06%2FPlan-acces-station-territoire-valmorel-ete.pdf||target:%20_blank|&#8221;][vc_single_image image=&#8221;9927&#8243; img_size=&#8221;medium&#8221; alignment=&#8221;center&#8221; style=&#8221;img_valmo1&#8243; el_class=&#8221;show-hiver&#8221;][vc_btn title=&#8221;Download the map in PDF&#8221; style=&#8221;valmo&#8221; color=&#8221;rougeval&#8221; align=&#8221;center&#8221; css_animation=&#8221;none&#8221; el_class=&#8221;show-hiver&#8221; link=&#8221;url:%2Fwp-content%2Fuploads%2F2020%2F06%2FPlan-acces-station-territoire-valmorel-hiver.pdf||target:%20_blank|&#8221;][vc_empty_space][\/vc_column][\/vc_row][vc_row][vc_column][vc_zigzag color=&#8221;custom&#8221; el_width=&#8221;30&#8243; el_border_width=&#8221;10&#8243; custom_color=&#8221;#e52228&#8243;][vc_empty_space][\/vc_column][\/vc_row][vc_row full_width=&#8221;stretch_row&#8221; equal_height=&#8221;yes&#8221; content_placement=&#8221;middle&#8221; css=&#8221;.vc_custom_1592298340752{background-image: url(https:\/\/valmorel.com\/wp-content\/uploads\/2020\/05\/fond-bandeau-acces-voiture-2.jpg?id=2156) !important;background-position: center !important;background-repeat: no-repeat !important;background-size: cover !important;}&#8221;][vc_column width=&#8221;2\/3&#8243;][\/vc_column][vc_column width=&#8221;1\/3&#8243;][vc_custom_heading text=&#8221;To come by car&#8221; font_container=&#8221;tag:h2|text_align:right|color:%23ffffff&#8221; use_theme_fonts=&#8221;yes&#8221;][\/vc_column][\/vc_row][vc_row][vc_column][vc_column_text]<\/p>\n<h3 style=\"text-align: left;\"><strong>To come by car<\/strong><\/h3>\n<p>&nbsp;<\/p>\n<p style=\"text-align: left;\"><strong>Arrive at Albertville via the A43 from Chamb\u00e9ry or the N212 from Annecy, then follow the RN90 dual carriageway towards Mo\u00fbtiers.<\/strong><\/p>\n<ul>\n<li>Take exit 36 for Celliers and Pussy, in the direction of the Col de la Madeleine.<\/li>\n<li>Take exit 37 for La L\u00e9ch\u00e8re, Saint Oyen, Doucy, Valmorel and N\u00e2ves.<\/li>\n<li>Take exit 38 for Aigueblanche, Villargerel and Villoudry.<\/li>\n<\/ul>\n<p>[\/vc_column_text][\/vc_column][\/vc_row][vc_row][vc_column][vc_empty_space][\/vc_column][\/vc_row][vc_row full_width=&#8221;stretch_row&#8221; equal_height=&#8221;yes&#8221; content_placement=&#8221;middle&#8221; css=&#8221;.vc_custom_1592298354156{background-image: url(https:\/\/valmorel.com\/wp-content\/uploads\/2020\/05\/fond-bandeau-acces-train-3.jpg?id=2179) !important;background-position: center !important;background-repeat: no-repeat !important;background-size: cover !important;}&#8221;][vc_column width=&#8221;2\/3&#8243;][\/vc_column][vc_column width=&#8221;1\/3&#8243;][vc_custom_heading text=&#8221;To come by train&#8221; font_container=&#8221;tag:h2|text_align:right|color:%23ffffff&#8221; use_theme_fonts=&#8221;yes&#8221;][\/vc_column][\/vc_row][vc_row][vc_column][vc_column_text]<\/p>\n<h3 style=\"text-align: left;\"><strong>To come by train<\/strong><\/h3>\n<p>&nbsp;<\/p>\n<p style=\"text-align: left;\"><strong>Mo\u00fbtiers-Salins <\/strong>and <strong>Notre-Dame-de-Brian\u00e7on train stations are the closest stations serving Valmorel and Doucy.<\/strong><\/p>\n<p>[\/vc_column_text][vc_btn title=&#8221;Book my train ticket&#8221; style=&#8221;valmo&#8221; color=&#8221;rougeval&#8221; css_animation=&#8221;none&#8221; link=&#8221;url:https%3A%2F%2Fwww.oui.sncf%2F||target:%20_blank|&#8221;][vc_column_text]<strong>There are shuttle buses leaving from Mo\u00fbtiers bus and train stations\u00a0 going to the resort. (payable service).<\/strong><\/p>\n<ul>\n<li><a href=\"https:\/\/www.valmorel.com\/wp-content\/uploads\/2024\/11\/aura_referentielinfovoyageurs_fh_savoie_85x120_s62.pdf\">Mo\u00fbtiers \u2013 Valmorel (winter 2024-2025)<\/a><\/li>\n<li><a href=\"https:\/\/www.valmorel.com\/wp-content\/uploads\/2024\/11\/aura_referentielinfovoyageurs_fh_savoie_85x120_s61.pdf\">Mo\u00fbtiers \u2013 Doucy (winter 2024-2025)<\/a><\/li>\n<\/ul>\n<p>[\/vc_column_text][vc_btn title=&#8221;Book my bus trip&#8221; style=&#8221;valmo&#8221; color=&#8221;rougeval&#8221; css_animation=&#8221;none&#8221; link=&#8221;url:http%3A%2F%2Fwww.altibus.com||target:%20_blank|&#8221;][vc_column_text el_class=&#8221;show-hiver&#8221;]<strong>Additional shuttles between Feissons-sur-Is\u00e8re and Valmorel are in place during the February holidays:<\/strong><\/p>\n<ul>\n<li>Ski shuttle Feissons sur Is\u00e8re \u2013 Valmorel <em>(PDF)<\/em><\/li>\n<\/ul>\n<p>[\/vc_column_text][\/vc_column][\/vc_row][vc_row][vc_column][vc_empty_space][\/vc_column][\/vc_row][vc_row full_width=&#8221;stretch_row&#8221; equal_height=&#8221;yes&#8221; content_placement=&#8221;middle&#8221; css=&#8221;.vc_custom_1592298367282{background-image: url(https:\/\/valmorel.com\/wp-content\/uploads\/2020\/05\/fond-bandeau-acces-avion-2.jpg?id=2150) !important;background-position: center !important;background-repeat: no-repeat !important;background-size: cover !important;}&#8221;][vc_column width=&#8221;2\/3&#8243;][\/vc_column][vc_column width=&#8221;1\/3&#8243;][vc_custom_heading text=&#8221;To come by plane&#8221; font_container=&#8221;tag:h2|text_align:right|color:%23ffffff&#8221; use_theme_fonts=&#8221;yes&#8221;][\/vc_column][\/vc_row][vc_row][vc_column][vc_column_text]<\/p>\n<h3 style=\"text-align: left;\"><strong>To come by plane<\/strong><\/h3>\n<p>&nbsp;<\/p>\n<p><strong>There are three airports near Valmorel. Transfers by car, train or bus:<\/strong><\/p>\n<ul>\n<li><strong>Chamb\u00e9ry-Aix-les-Bains<\/strong> (90 km &#8211; 1h driving)<\/li>\n<li><strong>Lyon-Saint Exup\u00e9ry<\/strong> (180 km &#8211; 2h driving)<\/li>\n<li><strong>Gen\u00e8ve-Cointrin<\/strong> (125 km &#8211; 2h driving)<\/li>\n<\/ul>\n<p>[\/vc_column_text][\/vc_column][\/vc_row]<\/p>\n<\/div>","protected":false},"excerpt":{"rendered":"<p>[vc_row][vc_column][vc_column_text] How to come to Valmorel Located at the gateway to the Tarentaise Valley, Valmorel and the Aigueblanche Valleys are just a 2 hour drive from both Lyon and Geneva, 1 hour from Chamb\u00e9ry and just 30 minutes from Albertville. [\/vc_column_text][\/vc_column][\/vc_row][vc_row][vc_column][vc_single_image image=&#8221;831&#8243; img_size=&#8221;medium&#8221; alignment=&#8221;center&#8221; style=&#8221;img_valmo1&#8243; el_class=&#8221;show-ete&#8221;][vc_btn title=&#8221;Download the map in PDF&#8221; style=&#8221;valmo&#8221; color=&#8221;rougeval&#8221; align=&#8221;center&#8221; css_animation=&#8221;none&#8221; [&hellip;]<\/p>\n","protected":false},"author":1,"featured_media":795,"parent":31907,"menu_order":10,"comment_status":"closed","ping_status":"closed","template":"","meta":{"_acf_changed":false,"footnotes":""},"class_list":["post-29028","page","type-page","status-publish","has-post-thumbnail","hentry"],"acf":[],"_links":{"self":[{"href":"https:\/\/www.valmorel.com\/en\/wp-json\/wp\/v2\/pages\/29028","targetHints":{"allow":["GET"]}}],"collection":[{"href":"https:\/\/www.valmorel.com\/en\/wp-json\/wp\/v2\/pages"}],"about":[{"href":"https:\/\/www.valmorel.com\/en\/wp-json\/wp\/v2\/types\/page"}],"author":[{"embeddable":true,"href":"https:\/\/www.valmorel.com\/en\/wp-json\/wp\/v2\/users\/1"}],"replies":[{"embeddable":true,"href":"https:\/\/www.valmorel.com\/en\/wp-json\/wp\/v2\/comments?post=29028"}],"version-history":[{"count":3,"href":"https:\/\/www.valmorel.com\/en\/wp-json\/wp\/v2\/pages\/29028\/revisions"}],"predecessor-version":[{"id":115201,"href":"https:\/\/www.valmorel.com\/en\/wp-json\/wp\/v2\/pages\/29028\/revisions\/115201"}],"up":[{"embeddable":true,"href":"https:\/\/www.valmorel.com\/en\/wp-json\/wp\/v2\/pages\/31907"}],"wp:featuredmedia":[{"embeddable":true,"href":"https:\/\/www.valmorel.com\/en\/wp-json\/wp\/v2\/media\/795"}],"wp:attachment":[{"href":"https:\/\/www.valmorel.com\/en\/wp-json\/wp\/v2\/media?parent=29028"}],"curies":[{"name":"wp","href":"https:\/\/api.w.org\/{rel}","templated":true}]}}