{"id":29032,"date":"2020-04-01T11:11:48","date_gmt":"2020-04-01T09:11:48","guid":{"rendered":"https:\/\/www.valmorel.com\/navettes\/"},"modified":"2025-11-19T16:52:03","modified_gmt":"2025-11-19T15:52:03","slug":"shuttles","status":"publish","type":"page","link":"https:\/\/www.valmorel.com\/en\/practical-information\/shuttles\/","title":{"rendered":"Shuttles"},"content":{"rendered":"<div class=\"wpb-content-wrapper\"><p>[vc_row][vc_column][vc_column_text el_class=&#8221;titre-selection&#8221;]<\/p>\n<h1><span class=\"relative -mx-px my-[-0.2rem] rounded px-px py-[0.2rem] transition-colors duration-100 ease-in-out\"><strong data-start=\"0\" data-end=\"22\" data-is-last-node=\"\" data-is-only-node=\"\">Travel by Shuttle!<\/strong><\/span>\u200b<\/h1>\n<p>[\/vc_column_text][vc_column_text]<\/p>\n<h2 class=\"chapeau\"><span class=\"relative -mx-px my-[-0.2rem] rounded px-px py-[0.2rem] transition-colors duration-100 ease-in-out\">Throughout the season, numerous shuttle services are available to help you move easily around Valmorel and the Aigueblanche valleys.<\/span>\u200b<\/h2>\n<p>[\/vc_column_text][\/vc_column][\/vc_row][vc_section el_class=&#8221;show-hiver&#8221;][vc_row][vc_column][vc_single_image image=&#8221;115871&#8243; img_size=&#8221;medium&#8221; alignment=&#8221;center&#8221; style=&#8221;img_valmo1&#8243; el_class=&#8221;show-hiver&#8221;][vc_btn title=&#8221;Download timetable&#8221; style=&#8221;valmo&#8221; color=&#8221;rougeval&#8221; align=&#8221;center&#8221; css=&#8221;&#8221; link=&#8221;url:https%3A%2F%2Fwww.valmorel.com%2Fwp-content%2Fuploads%2F2025%2F11%2FPlan-A3-navettes-hiver-2025-2026.pdf|target:_blank&#8221;][vc_separator][vc_row_inner][vc_column_inner width=&#8221;1\/2&#8243;][vc_empty_space][vc_column_text css=&#8221;&#8221;]<\/p>\n<div class=\"wpb_text_column wpb_content_element\">\n<div class=\"wpb_wrapper\">\n<h3>Valmobus shuttle bus<\/h3>\n<p><strong>From 20 December 2025 to 10 April 2026<\/strong><\/p>\n<ul>\n<li><strong>Line 1 :<\/strong>\u00a0Aigle Blanc \u2013 Le Mottet<\/li>\n<\/ul>\n<p><strong>From 20 December 2025to 10 April 2026<\/strong><\/p>\n<ul>\n<li><strong>Line 2 :\u00a0<\/strong>Le Fey-dessous \u2013 Le Mottet<\/li>\n<li><strong>Line 3 :<\/strong>\u00a0Fontaine \u2013 Le Mottet<\/li>\n<\/ul>\n<p><strong>Where is my bus?<\/strong><br \/>\nWith the\u00a0<a href=\"https:\/\/zenbus.net\/valmorel?route=route890136&amp;direction=0\" target=\"_blank\" rel=\"noopener\">ZENBUS<\/a>\u00a0application, you can see where your bus is in real time!<\/p>\n<\/div>\n<\/div>\n<div class=\"vc_btn3-container vc_btn3-inline vc_do_btn\"><\/div>\n<div class=\"wpb_text_column wpb_content_element\">\n<div class=\"wpb_wrapper\"><\/div>\n<\/div>\n<p>[\/vc_column_text][vc_btn title=&#8221;Download timetables&#8221; style=&#8221;valmo&#8221; color=&#8221;rougeval&#8221; align=&#8221;left&#8221; css=&#8221;&#8221; link=&#8221;url:https%3A%2F%2Fwww.valmorel.com%2Fwp-content%2Fuploads%2F2025%2F11%2Fnavettes-valmobus-2025-2026.pdf|target:_blank&#8221;][\/vc_column_inner][vc_column_inner width=&#8221;1\/2&#8243;][vc_single_image image=&#8221;111934&#8243; img_size=&#8221;medium&#8221; alignment=&#8221;center&#8221; style=&#8221;img_valmo1&#8243;][\/vc_column_inner][\/vc_row_inner][vc_row_inner][vc_column_inner][vc_empty_space][vc_column_text css=&#8221;&#8221;]<\/p>\n<h3 style=\"text-align: left;\"><span style=\"color: #095b55;\">Vall\u00e9e&#8217;BUS<\/span> &#8211; Liaison Valmorel &lt;&gt; La L\u00e9ch\u00e8re &lt;&gt;<\/h3>\n<p><strong>From 20 December 2025 to 10 April 2026<\/strong><\/p>\n<p>The Communaut\u00e9 de communes des Vall\u00e9es d\u2019Aigueblanche offers a shuttle service between Feissons-sur-Is\u00e8re, La L\u00e9ch\u00e8re-les-Bains, Aigueblanche and the resort of Valmorel, and is committed to mobility for all!<\/p>\n<p><strong>Fares 2025-2026<\/strong><\/p>\n<ul>\n<li>Single ticket: 2\u20ac (1\u20ac if purchased online)<\/li>\n<li>Weekly pass: 10\u20ac (5\u20ac if purchased online)<\/li>\n<li>Season pass: 30\u20ac online<\/li>\n<\/ul>\n<p>[\/vc_column_text][\/vc_column_inner][\/vc_row_inner][vc_row_inner][vc_column_inner][vc_single_image image=&#8221;116227&#8243; img_size=&#8221;medium&#8221;][vc_single_image image=&#8221;115109&#8243; img_size=&#8221;large&#8221; el_class=&#8221;hide&#8221;][vc_column_text]<a href=\"https:\/\/www.google.com\/maps\/d\/u\/0\/edit?mid=14MsVnHI1LxZlUHq4kliwC6LpP2az5Aia&amp;usp=sharing\" target=\"_blank\" rel=\"noopener\"><strong>&gt; Voir les arr\u00eats sur la carte<\/strong><\/a>[\/vc_column_text][\/vc_column_inner][\/vc_row_inner][vc_row_inner][vc_column_inner width=&#8221;1\/4&#8243;][vc_btn title=&#8221;Download timetables&#8221; style=&#8221;valmo&#8221; color=&#8221;rougeval&#8221; align=&#8221;left&#8221; css=&#8221;&#8221; link=&#8221;url:https%3A%2F%2Fwww.valmorel.com%2Fwp-content%2Fuploads%2F2025%2F09%2FNavette-ValleeBus-25-26-portrait-A3.pdf|target:_blank&#8221;][\/vc_column_inner][vc_column_inner width=&#8221;1\/4&#8243;][\/vc_column_inner][vc_column_inner width=&#8221;1\/4&#8243;][\/vc_column_inner][vc_column_inner width=&#8221;1\/4&#8243;][\/vc_column_inner][\/vc_row_inner][vc_separator][vc_row_inner el_class=&#8221;show-hiver&#8221;][vc_column_inner width=&#8221;2\/3&#8243;][vc_empty_space][vc_column_text css=&#8221;&#8221;]<\/p>\n<h3 style=\"text-align: left;\">La ligne des Cimes &#8211; Liaison Doucy &lt;&gt; Valmorel<\/h3>\n<div class=\"wpb_text_column wpb_content_element\">\n<div class=\"wpb_wrapper\">\n<p><strong>From 20 December 2025 to 10 April 2026<\/strong><\/p>\n<p>A free shuttle is available all season between the Doucy resort and Valmorel (4 round trips per day)<\/p>\n<\/div>\n<\/div>\n<p>[\/vc_column_text][\/vc_column_inner][vc_column_inner width=&#8221;1\/3&#8243;][\/vc_column_inner][\/vc_row_inner][vc_row_inner el_class=&#8221;show-hiver&#8221;][vc_column_inner][vc_single_image image=&#8221;115176&#8243; img_size=&#8221;medium&#8221;][\/vc_column_inner][\/vc_row_inner][vc_btn title=&#8221;Download timetables&#8221; style=&#8221;valmo&#8221; color=&#8221;rougeval&#8221; align=&#8221;left&#8221; css=&#8221;&#8221; link=&#8221;url:https%3A%2F%2Fwww.valmorel.com%2Fwp-content%2Fuploads%2F2025%2F10%2FAffiche-navette-Doucy-25-26-v4.pdf|title:T%C3%A9l%C3%A9charger%20les%20horaires|target:_blank&#8221;][vc_row_inner][vc_column_inner][vc_separator][vc_column_text css=&#8221;&#8221;]<\/p>\n<h3 style=\"text-align: left;\">Liaison La L\u00e9ch\u00e8re &lt;&gt; Grand N\u00e2ves &lt;&gt; Le Tovet<\/h3>\n<p>A free shuttle service has been set up between Village 92 (La L\u00e9ch\u00e8re) and the Maison de la Montagne (N\u00e2ves), at weekends and during school holidays. A link from Valmorel is possible with the Vall\u00e9e\u2019BUS shuttle.[\/vc_column_text][vc_btn title=&#8221;Download timetables&#8221; style=&#8221;valmo&#8221; color=&#8221;rougeval&#8221; align=&#8221;left&#8221; css=&#8221;&#8221; link=&#8221;url:https%3A%2F%2Fwww.valmorel.com%2Fwp-content%2Fuploads%2F2025%2F11%2Fnaves-site.png|title:T%C3%A9l%C3%A9charger%20les%20horaires|target:_blank&#8221;][vc_empty_space height=&#8221;10&#8243;][\/vc_column_inner][\/vc_row_inner][vc_separator][vc_row_inner el_class=&#8221;show-hiver&#8221;][vc_column_inner][vc_empty_space][vc_column_text css=&#8221;&#8221;]<\/p>\n<h3>From Mo\u00fbtiers<\/h3>\n<p><strong>Shuttles departing from the bus and train stations in Mo\u00fbtiers provide a link with the resort at arrival and departure times (chargeable service).<\/strong><br \/>\n<a href=\"https:\/\/www.valmorel.com\/wp-content\/uploads\/2025\/11\/Horaires-ligne-S62.pdf\">&gt; Mo\u00fbtiers \u2013 Valmorel line timetable (2025-2026)<\/a><br \/>\n<a href=\"https:\/\/www.valmorel.com\/wp-content\/uploads\/2025\/11\/Horaires-ligne-S61.pdf\">&gt; Mo\u00fbtiers \u2013 Doucy line timetable (2025-2026)<\/a>[\/vc_column_text][\/vc_column_inner][\/vc_row_inner][vc_separator][\/vc_column][\/vc_row][\/vc_section][vc_section el_class=&#8221;show-ete&#8221;][vc_row][vc_column][vc_column_text]<\/p>\n<p style=\"text-align: center;\"><span class=\"relative -mx-px my-[-0.2rem] rounded px-px py-[0.2rem] transition-colors duration-100 ease-in-out\">During the summer, three free shuttle services run for an easy, ecological, and responsible holiday!<\/span>\u200b<\/p>\n<p>[\/vc_column_text][vc_empty_space][vc_row_inner][vc_column_inner width=&#8221;1\/2&#8243;][vc_column_text]<\/p>\n<h3 class=\"\" data-start=\"2715\" data-end=\"2745\">\ud83d\ude8d Shuttle Villages-Resort<\/h3>\n<p class=\"\" data-start=\"2747\" data-end=\"2832\"><span class=\"relative -mx-px my-[-0.2rem] rounded px-px py-[0.2rem] transition-colors duration-100 ease-in-out\"><strong data-start=\"0\" data-end=\"47\" data-is-last-node=\"\" data-is-only-node=\"\">Operating from June 28 to August 31 , 2025<\/strong><\/span><\/p>\n<ul data-start=\"2834\" data-end=\"2963\">\n<li class=\"\" data-start=\"2834\" data-end=\"2875\">\n<p class=\"\" data-start=\"2836\" data-end=\"2875\"><span class=\"relative -mx-px my-[-0.2rem] rounded px-px py-[0.2rem] transition-colors duration-100 ease-in-out\"><strong data-start=\"0\" data-end=\"10\" data-is-only-node=\"\">Line 1<\/strong>: Aigle Blanc \u2013 Club Med<\/span><\/p>\n<\/li>\n<li class=\"\" data-start=\"2876\" data-end=\"2963\">\n<p class=\"\" data-start=\"2878\" data-end=\"2963\"><span class=\"relative -mx-px my-[-0.2rem] rounded px-px py-[0.2rem] transition-colors duration-100 ease-in-out\"><strong data-start=\"0\" data-end=\"10\" data-is-only-node=\"\">Line 2<\/strong>: Le Fey-dessous \u2013 Le Mottet \u2013 Club Med\u00a0<\/span><\/p>\n<\/li>\n<\/ul>\n<p class=\"\" data-start=\"2965\" data-end=\"3050\"><span class=\"relative -mx-px my-[-0.2rem] rounded px-px py-[0.2rem] transition-colors duration-100 ease-in-out\"><em data-start=\"0\" data-end=\"64\" data-is-last-node=\"\" data-is-only-node=\"\">Reminder: Valmobus shuttles are reserved for pedestrians only.<\/em><\/span><\/p>\n<p>[\/vc_column_text][vc_btn title=&#8221;Download the timetable&#8221; style=&#8221;valmo&#8221; color=&#8221;rougeval&#8221; link=&#8221;url:https%3A%2F%2Fwww.valmorel.com%2Fwp-content%2Fuploads%2F2025%2F05%2FHoraires-navettes-ete-2025-Ligne-1-2.pdf&#8221;][\/vc_column_inner][vc_column_inner width=&#8221;1\/2&#8243;][vc_single_image image=&#8221;101624&#8243; img_size=&#8221;medium&#8221; alignment=&#8221;center&#8221; style=&#8221;img_valmo1&#8243;][\/vc_column_inner][\/vc_row_inner][\/vc_column][\/vc_row][vc_row][vc_column][vc_separator][vc_empty_space][vc_row_inner][vc_column_inner][vc_column_text]<\/p>\n<h3 class=\"\" data-start=\"3052\" data-end=\"3114\">\ud83d\ude8c Vall\u00e9e\u2019BUS Shuttle \u2013 Notre-Dame-de-Brian\u00e7on &lt;&gt; Valmorel<\/h3>\n<p class=\"\" data-start=\"3116\" data-end=\"3201\"><span class=\"relative -mx-px my-[-0.2rem] rounded px-px py-[0.2rem] transition-colors duration-100 ease-in-out\"><strong data-start=\"0\" data-end=\"52\" data-is-last-node=\"\" data-is-only-node=\"\">Operating daily from July 05 to August 31, 2025<\/strong><\/span>\u200b<\/p>\n<p class=\"\" data-start=\"3203\" data-end=\"3288\"><span class=\"relative -mx-px my-[-0.2rem] rounded px-px py-[0.2rem] transition-colors duration-100 ease-in-out\">The Communaut\u00e9 de communes des Vall\u00e9es d\u2019Aigueblanche offers a shuttle service between Notre-Dame-de-Brian\u00e7on, La L\u00e9ch\u00e8re-les-Bains, Aigueblanche, and the resort of Valmorel, promoting mobility for all!<\/span><\/p>\n<p>[\/vc_column_text][vc_column_text]<\/p>\n<p class=\"\" data-start=\"3290\" data-end=\"3312\"><strong data-start=\"3290\" data-end=\"3312\">Summer 2025 Fares:<\/strong><\/p>\n<ul data-start=\"3314\" data-end=\"3485\">\n<li class=\"\" data-start=\"3314\" data-end=\"3355\">\n<p class=\"\" data-start=\"3316\" data-end=\"3355\"><span class=\"relative -mx-px my-[-0.2rem] rounded px-px py-[0.2rem] transition-colors duration-100 ease-in-out\">Day pass: \u20ac2 (\u20ac1 if purchased online)<\/span><\/p>\n<\/li>\n<li class=\"\" data-start=\"3356\" data-end=\"3397\">\n<p class=\"\" data-start=\"3358\" data-end=\"3397\"><span class=\"relative -mx-px my-[-0.2rem] rounded px-px py-[0.2rem] transition-colors duration-100 ease-in-out\">Weekly pass: \u20ac5 online<\/span><\/p>\n<\/li>\n<li class=\"\" data-start=\"3398\" data-end=\"3485\">\n<p class=\"\" data-start=\"3400\" data-end=\"3485\"><span class=\"relative -mx-px my-[-0.2rem] rounded px-px py-[0.2rem] transition-colors duration-100 ease-in-out\">Season pass: \u20ac20 online<\/span>\u200b<span class=\"\" data-state=\"closed\"><span class=\"ms-1 inline-flex max-w-full items-center relative top-[-0.094rem] animate-[show_150ms_ease-in]\"><a class=\"flex h-6 overflow-hidden rounded-xl px-2.5 text-[0.5625em] font-medium text-token-text-secondary! bg-[#F4F4F4]! dark:bg-[#303030]! transition-colors duration-150 ease-in-out\" href=\"https:\/\/www.valmorel.com\/en\/practical-information\/shuttles\/?utm_source=chatgpt.com\" target=\"_blank\" rel=\"noopener\"><span class=\"relative start-0 bottom-0 flex h-full w-full items-center\"><span class=\"flex h-4 w-full items-center justify-between overflow-hidden\"><span class=\"max-w-full grow truncate overflow-hidden text-center\">Valmorel<\/span><\/span><\/span><\/a><\/span><\/span><\/p>\n<\/li>\n<\/ul>\n<p class=\"\" data-start=\"3487\" data-end=\"3572\"><span class=\"relative -mx-px my-[-0.2rem] rounded px-px py-[0.2rem] transition-colors duration-100 ease-in-out\"><em data-start=\"0\" data-end=\"48\" data-is-last-node=\"\" data-is-only-node=\"\">Free service between Fey Dessous and Valmorel.<\/em><\/span>\u200b<\/p>\n<p>[\/vc_column_text][vc_single_image image=&#8221;116921&#8243; img_size=&#8221;medium&#8221;][\/vc_column_inner][\/vc_row_inner][vc_row_inner][vc_column_inner width=&#8221;1\/4&#8243;][vc_btn title=&#8221;Download the timetable&#8221; style=&#8221;valmo&#8221; color=&#8221;rougeval&#8221; link=&#8221;url:https%3A%2F%2Fwww.valmorel.com%2Fwp-content%2Fuploads%2F2025%2F04%2FNavette-vallee-BUS-A5-2025.pdf|target:_blank&#8221;][\/vc_column_inner][vc_column_inner width=&#8221;1\/4&#8243;][vc_btn title=&#8221;Buy a ticket online&#8221; style=&#8221;valmo&#8221; color=&#8221;rougeval&#8221; link=&#8221;url:https%3A%2F%2Fboutique-valleebus.altibus.com%2F|target:_blank|&#8221;][\/vc_column_inner][vc_column_inner width=&#8221;1\/4&#8243;][\/vc_column_inner][vc_column_inner width=&#8221;1\/4&#8243;][\/vc_column_inner][\/vc_row_inner][\/vc_column][\/vc_row][vc_row][vc_column][vc_separator][vc_empty_space height=&#8221;34px&#8221;][vc_row_inner el_class=&#8221;hide&#8221;][vc_column_inner][vc_column_text]<\/p>\n<h3 class=\"\" style=\"text-align: center;\" data-start=\"3748\" data-end=\"3766\">\ud83d\udeb4 MTB Shuttle<\/h3>\n<p>[\/vc_column_text][vc_column_text]<\/p>\n<p class=\"\" style=\"text-align: center;\" data-start=\"3768\" data-end=\"3853\"><span class=\"relative -mx-px my-[-0.2rem] rounded px-px py-[0.2rem] transition-colors duration-100 ease-in-out\" style=\"color: #ff0000;\"><strong data-start=\"0\" data-end=\"47\" data-is-last-node=\"\" data-is-only-node=\"\">Operating from June 28 to August 31, 2025\u00a0<\/strong><\/span><\/p>\n<p class=\"\" style=\"text-align: center;\" data-start=\"3855\" data-end=\"3940\"><span class=\"relative -mx-px my-[-0.2rem] rounded px-px py-[0.2rem] transition-colors duration-100 ease-in-out\">Throughout the season, a mountain bike shuttle bus runs every Tuesday, Thursday, and Saturday between Aigueblanche and Valmorel!<\/span>\u200b<span class=\"ms-1 inline-flex max-w-full items-center relative top-[-0.094rem] animate-[show_150ms_ease-in]\"><a class=\"flex h-6 overflow-hidden rounded-xl px-2.5 text-[0.5625em] font-medium text-token-text-secondary! bg-[#F4F4F4]! dark:bg-[#303030]! transition-colors duration-150 ease-in-out\" href=\"https:\/\/www.valmorel.com\/en\/practical-information\/shuttles\/?utm_source=chatgpt.com\" target=\"_blank\" rel=\"noopener\"><span class=\"relative start-0 bottom-0 flex h-full w-full items-center\"><span class=\"flex h-4 w-full items-center justify-between absolute\"><span class=\"max-w-full grow truncate overflow-hidden text-center\">Valmorel<\/span><span class=\"ms-1 -me-1 flex h-full items-center rounded-full px-1 text-[#8F8F8F]\">+2<\/span><\/span><span class=\"flex h-4 w-full items-center justify-between\"><span class=\"max-w-full grow truncate overflow-hidden text-center\">Valmorel<\/span><span class=\"ms-1 -me-1 flex h-full items-center rounded-full px-1 text-[#8F8F8F]\">+2<\/span><\/span><span class=\"flex h-4 w-full items-center justify-between absolute\"><span class=\"max-w-full grow truncate overflow-hidden text-center\">Valmorel<\/span><span class=\"ms-1 -me-1 flex h-full items-center rounded-full px-1 text-[#8F8F8F]\">+2<\/span><\/span><\/span><\/a><\/span><\/p>\n<p class=\"\" style=\"text-align: center;\" data-start=\"3942\" data-end=\"4027\"><span class=\"relative -mx-px my-[-0.2rem] rounded px-px py-[0.2rem] transition-colors duration-100 ease-in-out\">The buses are equipped with special bike racks, allowing you to cycle down the slopes and then take the shuttle back up.<\/span>\u200b<span class=\"\" data-state=\"closed\"><span class=\"ms-1 inline-flex max-w-full items-center relative top-[-0.094rem] animate-[show_150ms_ease-in]\"><a class=\"flex h-6 overflow-hidden rounded-xl px-2.5 text-[0.5625em] font-medium text-token-text-secondary! bg-[#F4F4F4]! dark:bg-[#303030]! transition-colors duration-150 ease-in-out\" href=\"https:\/\/www.valmorel.com\/en\/practical-information\/shuttles\/?utm_source=chatgpt.com\" target=\"_blank\" rel=\"noopener\"><span class=\"relative start-0 bottom-0 flex h-full w-full items-center\"><span class=\"flex h-4 w-full items-center justify-between overflow-hidden\"><span class=\"max-w-full grow truncate overflow-hidden text-center\">Valmorel<\/span><\/span><\/span><\/a><\/span><\/span><\/p>\n<p class=\"\" style=\"text-align: center;\" data-start=\"4029\" data-end=\"4114\"><span class=\"relative -mx-px my-[-0.2rem] rounded px-px py-[0.2rem] transition-colors duration-100 ease-in-out\">The buses depart from the Bellecombe school and take you back to Valmorel.<\/span>\u200b<\/p>\n<p>[\/vc_column_text][vc_column_text el_class=&#8221;show-ete&#8221;]<\/p>\n<p class=\"\" style=\"text-align: center;\" data-start=\"4116\" data-end=\"4201\"><span class=\"relative -mx-px my-[-0.2rem] rounded px-px py-[0.2rem] transition-colors duration-100 ease-in-out\"><strong data-start=\"0\" data-end=\"36\" data-is-last-node=\"\" data-is-only-node=\"\">From June 28 to August 1, 2025<\/strong><\/span><\/p>\n<p class=\"\" style=\"text-align: center;\" data-start=\"4203\" data-end=\"4288\"><span class=\"relative -mx-px my-[-0.2rem] rounded px-px py-[0.2rem] transition-colors duration-100 ease-in-out\">A new free special mountain bike shuttle bus now runs between Bellecombe and N\u00e2ves, stopping at the Village 92 roundabout in La L\u00e9ch\u00e8re-les-Bains and at the Maison de N\u00e2ves.<\/span><\/p>\n<p style=\"text-align: center;\"><a href=\"https:\/\/www.valmorel.com\/bikepark-vtt-cyclos\/le-domaine-vtt\/\"><strong>&gt; Discover MTB area<\/strong><\/a><\/p>\n<p>[\/vc_column_text][\/vc_column_inner][\/vc_row_inner][\/vc_column][\/vc_row][vc_row][vc_column width=&#8221;1\/2&#8243;][vc_single_image image=&#8221;116790&#8243; img_size=&#8221;medium&#8221; alignment=&#8221;center&#8221;][\/vc_column][vc_column width=&#8221;1\/2&#8243;][vc_single_image image=&#8221;116783&#8243; img_size=&#8221;medium&#8221; alignment=&#8221;center&#8221;][\/vc_column][\/vc_row][vc_row][vc_column][\/vc_column][\/vc_row][\/vc_section][vc_row][vc_column][vc_column_text]<\/p>\n<h2>Voir aussi<\/h2>\n<p>[\/vc_column_text][\/vc_column][\/vc_row][vc_row][vc_column width=&#8221;1\/3&#8243;][vc_single_image image=&#8221;832&#8243; alignment=&#8221;center&#8221; style=&#8221;img_valmo1&#8243;][vc_btn title=&#8221;Acc\u00e8s&#8221; style=&#8221;valmo&#8221; color=&#8221;rougeval&#8221; align=&#8221;center&#8221; link=&#8221;url:https%3A%2F%2Fwww.valmorel.com%2Fen%2Fpractical-information%2Faccess%2F|title:Acc%C3%A8s|&#8221;][\/vc_column][vc_column width=&#8221;1\/3&#8243;][vc_single_image image=&#8221;853&#8243; alignment=&#8221;center&#8221; style=&#8221;img_valmo1&#8243; onclick=&#8221;custom_link&#8221; link=&#8221;https:\/\/valmorel.com\/guide-et-infos-pratiques\/parkings-et-aires-de-chainages\/&#8221;][vc_btn title=&#8221;Parkings&#8221; style=&#8221;valmo&#8221; color=&#8221;rougeval&#8221; align=&#8221;center&#8221; link=&#8221;url:https%3A%2F%2Fvalmorel.com%2Fguide-et-infos-pratiques%2Fparkings-et-aires-de-chainages%2F|title:Parkings|&#8221;][\/vc_column][vc_column width=&#8221;1\/3&#8243;][vc_single_image image=&#8221;792&#8243; alignment=&#8221;center&#8221; style=&#8221;img_valmo1&#8243;][vc_btn title=&#8221;Taxis et transports&#8221; style=&#8221;valmo&#8221; color=&#8221;rougeval&#8221; align=&#8221;center&#8221; link=&#8221;url:https%3A%2F%2Fwww.valmorel.com%2Fen%2Fpractical-information%2Ftaxis-and-transports%2F|title:Acc%C3%A8s|&#8221;][\/vc_column][\/vc_row]<\/p>\n<\/div>","protected":false},"excerpt":{"rendered":"<p>[vc_row][vc_column][vc_column_text el_class=&#8221;titre-selection&#8221;] Travel by Shuttle!\u200b [\/vc_column_text][vc_column_text] Throughout the season, numerous shuttle services are available to help you move easily around Valmorel and the Aigueblanche valleys.\u200b [\/vc_column_text][\/vc_column][\/vc_row][vc_section el_class=&#8221;show-hiver&#8221;][vc_row][vc_column][vc_single_image image=&#8221;115871&#8243; img_size=&#8221;medium&#8221; alignment=&#8221;center&#8221; style=&#8221;img_valmo1&#8243; el_class=&#8221;show-hiver&#8221;][vc_btn title=&#8221;Download timetable&#8221; style=&#8221;valmo&#8221; color=&#8221;rougeval&#8221; align=&#8221;center&#8221; css=&#8221;&#8221; link=&#8221;url:https%3A%2F%2Fwww.valmorel.com%2Fwp-content%2Fuploads%2F2025%2F11%2FPlan-A3-navettes-hiver-2025-2026.pdf|target:_blank&#8221;][vc_separator][vc_row_inner][vc_column_inner width=&#8221;1\/2&#8243;][vc_empty_space][vc_column_text css=&#8221;&#8221;] Valmobus shuttle bus From 20 December 2025 to 10 April 2026 Line 1 :\u00a0Aigle [&hellip;]<\/p>\n","protected":false},"author":1,"featured_media":2596,"parent":31907,"menu_order":30,"comment_status":"closed","ping_status":"closed","template":"","meta":{"_acf_changed":false,"footnotes":""},"class_list":["post-29032","page","type-page","status-publish","has-post-thumbnail","hentry"],"acf":[],"_links":{"self":[{"href":"https:\/\/www.valmorel.com\/en\/wp-json\/wp\/v2\/pages\/29032","targetHints":{"allow":["GET"]}}],"collection":[{"href":"https:\/\/www.valmorel.com\/en\/wp-json\/wp\/v2\/pages"}],"about":[{"href":"https:\/\/www.valmorel.com\/en\/wp-json\/wp\/v2\/types\/page"}],"author":[{"embeddable":true,"href":"https:\/\/www.valmorel.com\/en\/wp-json\/wp\/v2\/users\/1"}],"replies":[{"embeddable":true,"href":"https:\/\/www.valmorel.com\/en\/wp-json\/wp\/v2\/comments?post=29032"}],"version-history":[{"count":7,"href":"https:\/\/www.valmorel.com\/en\/wp-json\/wp\/v2\/pages\/29032\/revisions"}],"predecessor-version":[{"id":118089,"href":"https:\/\/www.valmorel.com\/en\/wp-json\/wp\/v2\/pages\/29032\/revisions\/118089"}],"up":[{"embeddable":true,"href":"https:\/\/www.valmorel.com\/en\/wp-json\/wp\/v2\/pages\/31907"}],"wp:featuredmedia":[{"embeddable":true,"href":"https:\/\/www.valmorel.com\/en\/wp-json\/wp\/v2\/media\/2596"}],"wp:attachment":[{"href":"https:\/\/www.valmorel.com\/en\/wp-json\/wp\/v2\/media?parent=29032"}],"curies":[{"name":"wp","href":"https:\/\/api.w.org\/{rel}","templated":true}]}}