{"id":32027,"date":"2020-04-01T11:13:31","date_gmt":"2020-04-01T09:13:31","guid":{"rendered":"https:\/\/www.valmorel.com\/le-domaine-vtt\/"},"modified":"2026-03-26T09:38:53","modified_gmt":"2026-03-26T08:38:53","slug":"mtb-area","status":"publish","type":"page","link":"https:\/\/www.valmorel.com\/en\/summer-activities\/bikepark-mtb-cycling\/mtb-area\/","title":{"rendered":"MTB Area"},"content":{"rendered":"<div class=\"wpb-content-wrapper\"><p>[vc_row][vc_column][vc_column_text]<\/p>\n<h1>Discover the MTB area of Valmorel and the Aigueblanche Valleys!<\/h1>\n<p>[\/vc_column_text][vc_column_text css=&#8221;&#8221;]<\/p>\n<h2 class=\"chapeau\">From July 4 to August 30, 2026<\/h2>\n<div id=\"gtx-trans\" style=\"position: absolute; left: 282px; top: 43.6px;\">\n<div class=\"gtx-trans-icon\"><\/div>\n<\/div>\n<p>[\/vc_column_text][\/vc_column][\/vc_row][vc_row][vc_column width=&#8221;1\/2&#8243;][vc_row_inner][vc_column_inner width=&#8221;1\/4&#8243;][vc_empty_space height=&#8221;62px&#8221;][vc_single_image image=&#8221;10507&#8243; img_size=&#8221;medium&#8221; onclick=&#8221;custom_link&#8221; img_link_target=&#8221;_blank&#8221; link=&#8221;https:\/\/sitesvtt.ffc.fr\/sites\/valmorel-vallees-daigueblanche\/&#8221;][\/vc_column_inner][vc_column_inner width=&#8221;3\/4&#8243;][vc_column_text]<\/p>\n<p class=\"\" data-start=\"107\" data-end=\"241\">In a wonderfully welcoming natural setting, the MTB area offers undeniable advantages for making the most of the region on two wheels.<\/p>\n<p class=\"\" data-start=\"243\" data-end=\"498\">With over 365 km of marked trails through the Aigueblanche Valleys, 27 routes allow you to discover this fabulous territory with its many facets. Forests, alpine meadows, rocky peaks, streams, breathtaking landscapes, and traditional activities await you.<\/p>\n<p class=\"\" data-start=\"500\" data-end=\"695\">Are you a fan of downhill MTB, enduro, or cross-country? Whether you\u2019re a beginner or experienced rider, the wide variety of trails will let you explore the area at your own pace and skill level.<\/p>\n<p class=\"\" data-start=\"697\" data-end=\"763\"><strong data-start=\"697\" data-end=\"763\">NEW \u2013 A beginner MTB zone at the top of the Pierrafort gondola<\/strong><\/p>\n<p class=\"\" data-start=\"765\" data-end=\"1017\">Starting this summer, a new MTB beginner zone will be available at the top of the Pierrafort gondola. Equipped with 5 brand-new wooden modules, this area allows riders of all levels to safely learn and improve before heading out on the domain&#8217;s trails.<\/p>\n<p>[\/vc_column_text][\/vc_column_inner][\/vc_row_inner][\/vc_column][vc_column width=&#8221;1\/2&#8243;][vc_video link=&#8221;https:\/\/www.youtube.com\/watch?v=8dLJ5Z48j64&#8243; align=&#8221;center&#8221;][\/vc_column][\/vc_row][vc_row][vc_column width=&#8221;2\/3&#8243;][\/vc_column][vc_column width=&#8221;1\/3&#8243;][\/vc_column][\/vc_row][vc_row][vc_column][vc_empty_space height=&#8221;64px&#8221;][vc_single_image image=&#8221;114011&#8243; img_size=&#8221;large&#8221; alignment=&#8221;center&#8221;][vc_row_inner][vc_column_inner width=&#8221;1\/4&#8243;][vc_btn title=&#8221;Download the trail map&#8221; style=&#8221;valmo&#8221; color=&#8221;rougeval&#8221; align=&#8221;center&#8221; link=&#8221;url:https%3A%2F%2Fwww.valmorel.com%2Fwp-content%2Fuploads%2F2024%2F06%2FValmorel-Generale-2024-HD.pdf|target:_blank|&#8221;][\/vc_column_inner][vc_column_inner width=&#8221;1\/4&#8243;][vc_btn title=&#8221;Download the Valmorel\u2013Doucy\u2013Celliers area map&#8221; style=&#8221;valmo&#8221; color=&#8221;rougeval&#8221; align=&#8221;center&#8221; link=&#8221;url:https%3A%2F%2Fwww.valmorel.com%2Fwp-content%2Fuploads%2F2024%2F06%2FCarte-Valmorel-2024-HD.pdf|target:_blank|&#8221;][\/vc_column_inner][vc_column_inner width=&#8221;1\/4&#8243;][vc_btn title=&#8221;Download the Valmorel downhill (DH) trail map&#8221; style=&#8221;valmo&#8221; color=&#8221;rougeval&#8221; align=&#8221;center&#8221; link=&#8221;url:https%3A%2F%2Fwww.valmorel.com%2Fwp-content%2Fuploads%2F2024%2F06%2FZoom-DH-2024-HD.pdf|target:_blank|&#8221;][\/vc_column_inner][vc_column_inner width=&#8221;1\/4&#8243;][vc_btn title=&#8221;Download the N\u00e2ves area map&#8221; style=&#8221;valmo&#8221; color=&#8221;rougeval&#8221; align=&#8221;center&#8221; link=&#8221;url:https%3A%2F%2Fwww.valmorel.com%2Fwp-content%2Fuploads%2F2024%2F06%2FCarte-Nave-2024-HD.pdf|target:_blank|&#8221;][\/vc_column_inner][\/vc_row_inner][vc_empty_space][\/vc_column][\/vc_row][vc_row][vc_column width=&#8221;1\/2&#8243;][vc_single_image image=&#8221;25545&#8243; img_size=&#8221;600&#215;800&#8243; style=&#8221;img_valmo1&#8243;][vc_empty_space][\/vc_column][vc_column width=&#8221;1\/2&#8243;][vc_custom_heading text=&#8221;The MTB area in 2025 :&#8221; use_theme_fonts=&#8221;yes&#8221;][vc_column_text css=&#8221;&#8221;]<\/p>\n<p class=\"\" data-start=\"113\" data-end=\"654\"><strong data-start=\"113\" data-end=\"130\">5 disciplines<\/strong>: Downhill (DH), Enduro, Cross-country (XC), E-MTB and Pumptrack<br data-start=\"194\" data-end=\"197\" \/><strong data-start=\"197\" data-end=\"216\">1 beginner area<\/strong> in Valmorel<br data-start=\"228\" data-end=\"231\" \/><strong data-start=\"231\" data-end=\"260\">2 free bike wash stations<\/strong>: Valmorel and Doucy Station<br data-start=\"288\" data-end=\"291\" \/><strong data-start=\"291\" data-end=\"317\">4 accessible ski lifts<\/strong><br data-start=\"317\" data-end=\"320\" \/><strong data-start=\"320\" data-end=\"340\">1 Pumptrack area<\/strong> in Bellecombe<br data-start=\"354\" data-end=\"357\" \/><strong data-start=\"357\" data-end=\"373\">1 MTB school<\/strong> in Valmorel<br data-start=\"385\" data-end=\"388\" \/><strong data-start=\"388\" data-end=\"409\">Free MTB shuttles<\/strong> between the valley and the resort in July\/August<br data-start=\"458\" data-end=\"461\" \/><strong data-start=\"461\" data-end=\"482\">4 valleys crossed<\/strong>: Is\u00e8re, Morel, N\u00e2ves, Eau Rousse<br data-start=\"515\" data-end=\"518\" \/><strong data-start=\"518\" data-end=\"534\">Guided rides<\/strong> throughout the entire territory<br data-start=\"566\" data-end=\"569\" \/><strong data-start=\"569\" data-end=\"584\">Bike rental<\/strong> available in the valley or at the resort<br data-start=\"625\" data-end=\"628\" \/><strong data-start=\"628\" data-end=\"654\">Certified FFC MTB site<\/strong><\/p>\n<p class=\"\" data-start=\"656\" data-end=\"696\"><strong data-start=\"656\" data-end=\"696\">Ski lifts will open on July 4, 2026<\/strong><\/p>\n<p>[\/vc_column_text][\/vc_column][\/vc_row][vc_row el_class=&#8221;hide&#8221; el_id=&#8221;hide&#8221;][vc_column][vc_custom_heading text=&#8221;Offre sp\u00e9ciale VTT !&#8221; font_container=&#8221;tag:h2|font_size:34|text_align:center|color:%23dd3333&#8243; google_fonts=&#8221;font_family:Abel%3Aregular|font_style:400%20regular%3A400%3Anormal&#8221;][vc_column_text]<\/p>\n<p style=\"text-align: center;\">Ton forfait VTT \u00e0 <strong>16\u20ac\/jour<\/strong> les samedis et dimanches !<br \/>\nDu 02 juillet au 28 ao\u00fbt 2022<\/p>\n<p style=\"text-align: center;\">*Les forfaits sont en vente au d\u00e9part des remont\u00e9es m\u00e9caniques.<\/p>\n<p style=\"text-align: center;\"><a href=\"https:\/\/www.valmorel.com\/en\/summer-activities\/bikepark-mtb-cycling\/practical-information\/\" target=\"_blank\" rel=\"noopener\"><strong>&gt; Tous les tarifs<\/strong><\/a><\/p>\n<p>[\/vc_column_text][vc_empty_space][\/vc_column][\/vc_row][vc_row full_width=&#8221;stretch_row&#8221; content_placement=&#8221;middle&#8221; css=&#8221;.vc_custom_1593000613120{background-image: url(https:\/\/valmorel.com\/wp-content\/uploads\/2020\/05\/Bandeau-VTT-cyclo-Le-Domaine.jpg?id=2317) !important;}&#8221;][vc_column][vc_custom_heading text=&#8221;Discover all our MTB tips!&#8221; font_container=&#8221;tag:h2|font_size:60|text_align:left|color:%23ffffff&#8221; google_fonts=&#8221;font_family:Raleway%3A100%2C200%2C300%2Cregular%2C500%2C600%2C700%2C800%2C900|font_style:300%20light%20regular%3A300%3Anormal&#8221;][vc_btn title=&#8221;Discover&#8221; style=&#8221;valmo&#8221; color=&#8221;rougeval&#8221; align=&#8221;left&#8221; link=&#8221;url:https%3A%2F%2Fvalmorel.com%2Fbikepark-vtt-cyclos%2Fconseils%2F|title:Conseils|&#8221;][vc_empty_space height=&#8221;300px&#8221;][\/vc_column][\/vc_row]<\/p>\n<\/div>","protected":false},"excerpt":{"rendered":"<p>[vc_row][vc_column][vc_column_text] Discover the MTB area of Valmorel and the Aigueblanche Valleys! [\/vc_column_text][vc_column_text css=&#8221;&#8221;] From July 4 to August 30, 2026 [\/vc_column_text][\/vc_column][\/vc_row][vc_row][vc_column width=&#8221;1\/2&#8243;][vc_row_inner][vc_column_inner width=&#8221;1\/4&#8243;][vc_empty_space height=&#8221;62px&#8221;][vc_single_image image=&#8221;10507&#8243; img_size=&#8221;medium&#8221; onclick=&#8221;custom_link&#8221; img_link_target=&#8221;_blank&#8221; link=&#8221;https:\/\/sitesvtt.ffc.fr\/sites\/valmorel-vallees-daigueblanche\/&#8221;][\/vc_column_inner][vc_column_inner width=&#8221;3\/4&#8243;][vc_column_text] In a wonderfully welcoming natural setting, the MTB area offers undeniable advantages for making the most of the region on two wheels. With over 365 [&hellip;]<\/p>\n","protected":false},"author":1,"featured_media":0,"parent":32269,"menu_order":10,"comment_status":"closed","ping_status":"closed","template":"","meta":{"_acf_changed":false,"footnotes":""},"class_list":["post-32027","page","type-page","status-publish","hentry"],"acf":[],"_links":{"self":[{"href":"https:\/\/www.valmorel.com\/en\/wp-json\/wp\/v2\/pages\/32027","targetHints":{"allow":["GET"]}}],"collection":[{"href":"https:\/\/www.valmorel.com\/en\/wp-json\/wp\/v2\/pages"}],"about":[{"href":"https:\/\/www.valmorel.com\/en\/wp-json\/wp\/v2\/types\/page"}],"author":[{"embeddable":true,"href":"https:\/\/www.valmorel.com\/en\/wp-json\/wp\/v2\/users\/1"}],"replies":[{"embeddable":true,"href":"https:\/\/www.valmorel.com\/en\/wp-json\/wp\/v2\/comments?post=32027"}],"version-history":[{"count":5,"href":"https:\/\/www.valmorel.com\/en\/wp-json\/wp\/v2\/pages\/32027\/revisions"}],"predecessor-version":[{"id":119143,"href":"https:\/\/www.valmorel.com\/en\/wp-json\/wp\/v2\/pages\/32027\/revisions\/119143"}],"up":[{"embeddable":true,"href":"https:\/\/www.valmorel.com\/en\/wp-json\/wp\/v2\/pages\/32269"}],"wp:attachment":[{"href":"https:\/\/www.valmorel.com\/en\/wp-json\/wp\/v2\/media?parent=32027"}],"curies":[{"name":"wp","href":"https:\/\/api.w.org\/{rel}","templated":true}]}}