{"id":32056,"date":"2020-04-29T19:37:16","date_gmt":"2020-04-29T17:37:16","guid":{"rendered":"https:\/\/www.valmorel.com\/trail-a-valmorel-savoie\/"},"modified":"2020-10-27T16:10:57","modified_gmt":"2020-10-27T15:10:57","slug":"trail-valmorel","status":"publish","type":"page","link":"https:\/\/www.valmorel.com\/en\/summer-activities\/hiking-trail\/trail-valmorel\/","title":{"rendered":"Trail in Valmorel"},"content":{"rendered":"<div class=\"wpb-content-wrapper\"><p>[vc_row][vc_column width=&#8221;1\/2&#8243;][vc_custom_heading text=&#8221;Trail territory&#8221; use_theme_fonts=&#8221;yes&#8221;][vc_column_text]The valleys of N\u00e2ves, Morel, Eau Rousse and Is\u00e8re offer an exceptional playground for trail enthusiasts!<\/p>\n<p>With a mixture of authenticity, diversity and generosity, these four valleys, and those who work here, welcome you into sumptuous, characteristic and unique landscapes.<\/p>\n<p>The range of circuits on offer is in the image of the territory, diverse and adapted to all levels and all aspirations. Each valley offers you the best of itself.<\/p>\n<p>The time of a trail in Valmorel with impressive tracks, from the balconies of Lauzi\u00e8re to the mythical Cheval Noir, to the peaks of Cr\u00e8ve-T\u00eate. Trail races in a grandiose setting off to conquer the Savoyard giants ![\/vc_column_text][vc_row_inner][vc_column_inner width=&#8221;2\/3&#8243;][\/vc_column_inner][vc_column_inner width=&#8221;1\/3&#8243;][\/vc_column_inner][\/vc_row_inner][\/vc_column][vc_column width=&#8221;1\/2&#8243;][vc_gallery type=&#8221;image_grid&#8221; images=&#8221;677,674,668,656&#8243; onclick=&#8221;&#8221; css=&#8221;.vc_custom_1588699973034{padding-top: 15px !important;}&#8221;][\/vc_column][\/vc_row][vc_row][vc_column][vc_empty_space height=&#8221;64px&#8221;][\/vc_column][\/vc_row][vc_row][vc_column width=&#8221;1\/2&#8243;][vc_custom_heading text=&#8221;There are 10 numbered and coloured circuits * with 4 levels of difficulty spread over all 4 valleys and divided into 7 sectors&#8221; use_theme_fonts=&#8221;yes&#8221;][vc_column_text]<\/p>\n<ul>\n<li>A territory over an area of 183.8 km\u00b2<\/li>\n<li>4 Valleys : Morel Valley, Eau Rousse Valley, N\u00e2ves Valley, Is\u00e8re Valley<\/li>\n<li>1 vertical kilometre<\/li>\n<li>Highest point at 2829 m<\/li>\n<li>Lowest point at 394 m<\/li>\n<\/ul>\n<p>These\u00a0 10 numbered and marked trail circuits are divided into 7 sectors which combine the passion of trailing with the discovery of a territory rich in its unique diversity.<\/p>\n<p><em>* 20 circuits will be signposted by the end of 2020!<\/em>[\/vc_column_text][vc_row_inner][vc_column_inner width=&#8221;2\/3&#8243;][vc_btn title=&#8221;See the map&#8221; style=&#8221;valmo&#8221; color=&#8221;rougeval&#8221; link=&#8221;url:https%3A%2F%2Fwww.valmorel.com%2Fwp-content%2Fuploads%2F2020%2F07%2FCarte-itineraires-parcours-trail.pdf||target:%20_blank|&#8221;][\/vc_column_inner][vc_column_inner width=&#8221;1\/3&#8243;][\/vc_column_inner][\/vc_row_inner][\/vc_column][vc_column width=&#8221;1\/2&#8243;][vc_single_image image=&#8221;671&#8243; img_size=&#8221;medium&#8221; style=&#8221;img_valmo1&#8243;][\/vc_column][vc_column][vc_empty_space][\/vc_column][\/vc_row][vc_section full_width=&#8221;stretch_row&#8221; css=&#8221;.vc_custom_1588699193115{background-image: url(https:\/\/valmorel.com\/wp-content\/uploads\/2020\/05\/Conseil-Territoire-de-trail-004.jpg?id=653) !important;background-position: center !important;background-repeat: no-repeat !important;background-size: cover !important;}&#8221;][vc_row css=&#8221;.vc_custom_1490183052538{margin-bottom: 0px !important;padding-bottom: 0px !important;}&#8221;][vc_column width=&#8221;1\/2&#8243; css=&#8221;.vc_custom_1490183061477{margin-bottom: 0px !important;padding-bottom: 0px !important;}&#8221;][\/vc_column][vc_column width=&#8221;1\/2&#8243; css=&#8221;.vc_custom_1490183066911{margin-bottom: 0px !important;padding-bottom: 0px !important;}&#8221;][\/vc_column][\/vc_row][vc_row css=&#8221;.vc_custom_1490183011590{margin-top: 0px !important;padding-top: 0px !important;}&#8221;][vc_column css=&#8221;.vc_custom_1490183021092{margin-top: 0px !important;padding-top: 0px !important;}&#8221;][vc_separator color=&#8221;custom&#8221; align=&#8221;align_left&#8221; border_width=&#8221;2&#8243; accent_color=&#8221;#ffffff&#8221; css=&#8221;.vc_custom_1490183003947{margin-top: 0px !important;padding-top: 0px !important;}&#8221;][\/vc_column][\/vc_row][vc_row full_height=&#8221;yes&#8221;][vc_column width=&#8221;1\/2&#8243; css=&#8221;.vc_custom_1588752800510{background-color: #ffffff !important;}&#8221;][vc_column_text]The difficulty of the circuits\u00a0 are colour coded as for ski\u00a0 pistes or MTB tracks.<\/p>\n<ul>\n<li>Green = Discovery level \/ Very easy<\/li>\n<li>Blue = Occasional trailer \/ Easy<\/li>\n<li>Red = Experienced trailer \/ Difficult<\/li>\n<li>Black = Expert trailer \/ Very difficult<\/li>\n<\/ul>\n<p>Please note, the level equivalences are detailed in relation to average standards. It is essential, when you embark on a circuit, to realise whether its difficulty is suitable to your training and your physical capacities.<\/p>\n<p>The Aigueblanche valleys are divided between 4 valleys which are themselves separated into 7 sectors which generally indicate the starting point of the circuits:<\/p>\n<ul>\n<li>Haute vall\u00e9e de N\u00e2ves (6 circuits)<\/li>\n<li>Valmorel resort (5 circuits)<\/li>\n<li>Doucy resort(3 circuits)<\/li>\n<li>Le Massif de La Lauzi\u00e8re \/ Bonneval (3 circuits)<\/li>\n<li>Le Massif de la Lauzi\u00e8re \/ Celliers (1 circuit)<\/li>\n<li>Vall\u00e9e de l\u2019Is\u00e8re\/ Grand-Aigueblanche (1 circuit)<\/li>\n<li>Vall\u00e9e de l\u2019Is\u00e8re \/ Feissons Sur Is\u00e8re (1 circuit)<\/li>\n<\/ul>\n<p>[\/vc_column_text][\/vc_column][vc_column width=&#8221;1\/2&#8243;][vc_custom_heading text=&#8221;Understanding the levels of the trail circuits in Valmorel&#8221; font_container=&#8221;tag:h2|font_size:60|text_align:left|color:%23ffffff&#8221; google_fonts=&#8221;font_family:Raleway%3A100%2C200%2C300%2Cregular%2C500%2C600%2C700%2C800%2C900|font_style:300%20light%20regular%3A300%3Anormal&#8221;][vc_empty_space height=&#8221;96px&#8221;][vc_btn title=&#8221;Learn More about Mad&#8217;Trail&#8221; style=&#8221;valmo&#8221; color=&#8221;rougeval&#8221; size=&#8221;lg&#8221; align=&#8221;right&#8221; css_animation=&#8221;none&#8221; link=&#8221;url:http%3A%2F%2Fwww.madtrail.com|title:Mad%20Trail|target:%20_blank|&#8221;][\/vc_column][\/vc_row][\/vc_section]<\/p>\n<\/div>","protected":false},"excerpt":{"rendered":"<p>[vc_row][vc_column width=&#8221;1\/2&#8243;][vc_custom_heading text=&#8221;Trail territory&#8221; use_theme_fonts=&#8221;yes&#8221;][vc_column_text]The valleys of N\u00e2ves, Morel, Eau Rousse and Is\u00e8re offer an exceptional playground for trail enthusiasts! With a mixture of authenticity, diversity and generosity, these four valleys, and those who work here, welcome you into sumptuous, characteristic and unique landscapes. The range of circuits on offer is in the image of [&hellip;]<\/p>\n","protected":false},"author":1,"featured_media":695,"parent":32273,"menu_order":0,"comment_status":"closed","ping_status":"closed","template":"","meta":{"_acf_changed":false,"footnotes":""},"class_list":["post-32056","page","type-page","status-publish","has-post-thumbnail","hentry"],"acf":[],"_links":{"self":[{"href":"https:\/\/www.valmorel.com\/en\/wp-json\/wp\/v2\/pages\/32056","targetHints":{"allow":["GET"]}}],"collection":[{"href":"https:\/\/www.valmorel.com\/en\/wp-json\/wp\/v2\/pages"}],"about":[{"href":"https:\/\/www.valmorel.com\/en\/wp-json\/wp\/v2\/types\/page"}],"author":[{"embeddable":true,"href":"https:\/\/www.valmorel.com\/en\/wp-json\/wp\/v2\/users\/1"}],"replies":[{"embeddable":true,"href":"https:\/\/www.valmorel.com\/en\/wp-json\/wp\/v2\/comments?post=32056"}],"version-history":[{"count":2,"href":"https:\/\/www.valmorel.com\/en\/wp-json\/wp\/v2\/pages\/32056\/revisions"}],"predecessor-version":[{"id":32058,"href":"https:\/\/www.valmorel.com\/en\/wp-json\/wp\/v2\/pages\/32056\/revisions\/32058"}],"up":[{"embeddable":true,"href":"https:\/\/www.valmorel.com\/en\/wp-json\/wp\/v2\/pages\/32273"}],"wp:featuredmedia":[{"embeddable":true,"href":"https:\/\/www.valmorel.com\/en\/wp-json\/wp\/v2\/media\/695"}],"wp:attachment":[{"href":"https:\/\/www.valmorel.com\/en\/wp-json\/wp\/v2\/media?parent=32056"}],"curies":[{"name":"wp","href":"https:\/\/api.w.org\/{rel}","templated":true}]}}