{"id":48330,"date":"2020-07-16T16:43:18","date_gmt":"2020-07-16T14:43:18","guid":{"rendered":"https:\/\/www.valmorel.com\/espace-presse\/communiques-de-presse\/"},"modified":"2020-10-27T15:08:32","modified_gmt":"2020-10-27T14:08:32","slug":"press-realease","status":"publish","type":"page","link":"https:\/\/www.valmorel.com\/en\/press\/press-realease\/","title":{"rendered":"Press release"},"content":{"rendered":"<div class=\"wpb-content-wrapper\"><p>[vc_row][vc_column][vc_column_text]<\/p>\n<h1>Press releases<\/h1>\n<h2 class=\"chapeau\">Find all our press releases here!<\/h2>\n<p>[\/vc_column_text][vc_media_grid element_width=&#8221;2&#8243; grid_id=&#8221;vc_gid:1603807454146-b68d0b9a-be95-4&#8243; include=&#8221;21200,12953,33267,33264,10968,2109&#8243;][\/vc_column][\/vc_row][vc_row][vc_column width=&#8221;1\/2&#8243;][vc_column_text]<\/p>\n<h4 style=\"text-align: left;\">\u00c9T\u00c9 2020<\/h4>\n<ul>\n<li><a href=\"https:\/\/www.valmorel.com\/wp-content\/uploads\/2020\/08\/Valmorel-vacances-\u00e9t\u00e9-2020.pdf\" target=\"_blank\" rel=\"noopener noreferrer\">Valmorel, la libert\u00e9 retrouv\u00e9e<\/a><\/li>\n<li><a href=\"https:\/\/www.valmorel.com\/wp-content\/uploads\/2020\/08\/Sisters-Boys-\u00e0-La-L\u00e9ch\u00e8re-les-Bains.pdf\" target=\"_blank\" rel=\"noopener noreferrer\">Les Sisters Boys d\u00e9barquent \u00e0 La L\u00e9ch\u00e8re-les-Bains<\/a><\/li>\n<li><a href=\"https:\/\/www.valmorel.com\/wp-content\/uploads\/2020\/07\/Les-Acousticimes-2020.pdf\" target=\"_blank\" rel=\"noopener noreferrer\">2e \u00e9dition des Acoustic\u00eemes \u00e0 Valmorel<\/a><\/li>\n<li><a href=\"https:\/\/www.valmorel.com\/wp-content\/uploads\/2020\/08\/F\u00eate-du-col-de-la-madeleine-2020.pdf\" target=\"_blank\" rel=\"noopener noreferrer\">F\u00eate du Col de La madeleine<\/a><\/li>\n<li><a href=\"https:\/\/www.valmorel.com\/wp-content\/uploads\/2020\/08\/Mountain-Collection-2020.pdf\" target=\"_blank\" rel=\"noopener noreferrer\">Mountain Collection<\/a><\/li>\n<li><a href=\"https:\/\/www.valmorel.com\/wp-content\/uploads\/2020\/08\/F\u00eate-du-parc-thermal-2020.pdf\" target=\"_blank\" rel=\"noopener noreferrer\">F\u00eate du parc thermal \u00e0 la L\u00e9ch\u00e8re-les-bains<\/a><\/li>\n<li><a href=\"https:\/\/www.valmorel.com\/wp-content\/uploads\/2020\/08\/CP-Teambuilding-Handball-pros.pdf\" target=\"_blank\" rel=\"noopener noreferrer\">Le Handball Club de Villeurbanne \u00e0 Valmorel<\/a><\/li>\n<li><a href=\"https:\/\/www.valmorel.com\/wp-content\/uploads\/2020\/08\/Op\u00e9ration-soignant-post-covid.pdf\" target=\"_blank\" rel=\"noopener noreferrer\">Les soignants profitent de leur journ\u00e9e offerte \u00e0 Valmorel<\/a><\/li>\n<li><a href=\"https:\/\/www.valmorel.com\/wp-content\/uploads\/2020\/08\/Bilan-mi-saison-\u00e9t\u00e9-2020.pdf\" target=\"_blank\" rel=\"noopener noreferrer\">Bel \u00e9t\u00e9 \u00e0 valmorel -Bilan mi-saison<\/a><\/li>\n<li><a href=\"https:\/\/www.valmorel.com\/wp-content\/uploads\/2020\/08\/Valmorel-La-Bielle-2020.pdf\" target=\"_blank\" rel=\"noopener noreferrer\">Valmorel La bielle &#8211; Rassemblement de voitures de collection<\/a><\/li>\n<\/ul>\n<p>[\/vc_column_text][\/vc_column][vc_column width=&#8221;1\/2&#8243;][\/vc_column][\/vc_row]<\/p>\n<\/div>","protected":false},"excerpt":{"rendered":"<p>[vc_row][vc_column][vc_column_text] Press releases Find all our press releases here! [\/vc_column_text][vc_media_grid element_width=&#8221;2&#8243; grid_id=&#8221;vc_gid:1603807454146-b68d0b9a-be95-4&#8243; include=&#8221;21200,12953,33267,33264,10968,2109&#8243;][\/vc_column][\/vc_row][vc_row][vc_column width=&#8221;1\/2&#8243;][vc_column_text] \u00c9T\u00c9 2020 Valmorel, la libert\u00e9 retrouv\u00e9e Les Sisters Boys d\u00e9barquent \u00e0 La L\u00e9ch\u00e8re-les-Bains 2e \u00e9dition des Acoustic\u00eemes \u00e0 Valmorel F\u00eate du Col de La madeleine Mountain Collection F\u00eate du parc thermal \u00e0 la L\u00e9ch\u00e8re-les-bains Le Handball Club de Villeurbanne \u00e0 Valmorel [&hellip;]<\/p>\n","protected":false},"author":3,"featured_media":33261,"parent":48326,"menu_order":0,"comment_status":"closed","ping_status":"closed","template":"","meta":{"_acf_changed":false,"footnotes":""},"class_list":["post-48330","page","type-page","status-publish","has-post-thumbnail","hentry"],"acf":[],"_links":{"self":[{"href":"https:\/\/www.valmorel.com\/en\/wp-json\/wp\/v2\/pages\/48330","targetHints":{"allow":["GET"]}}],"collection":[{"href":"https:\/\/www.valmorel.com\/en\/wp-json\/wp\/v2\/pages"}],"about":[{"href":"https:\/\/www.valmorel.com\/en\/wp-json\/wp\/v2\/types\/page"}],"author":[{"embeddable":true,"href":"https:\/\/www.valmorel.com\/en\/wp-json\/wp\/v2\/users\/3"}],"replies":[{"embeddable":true,"href":"https:\/\/www.valmorel.com\/en\/wp-json\/wp\/v2\/comments?post=48330"}],"version-history":[{"count":2,"href":"https:\/\/www.valmorel.com\/en\/wp-json\/wp\/v2\/pages\/48330\/revisions"}],"predecessor-version":[{"id":48332,"href":"https:\/\/www.valmorel.com\/en\/wp-json\/wp\/v2\/pages\/48330\/revisions\/48332"}],"up":[{"embeddable":true,"href":"https:\/\/www.valmorel.com\/en\/wp-json\/wp\/v2\/pages\/48326"}],"wp:featuredmedia":[{"embeddable":true,"href":"https:\/\/www.valmorel.com\/en\/wp-json\/wp\/v2\/media\/33261"}],"wp:attachment":[{"href":"https:\/\/www.valmorel.com\/en\/wp-json\/wp\/v2\/media?parent=48330"}],"curies":[{"name":"wp","href":"https:\/\/api.w.org\/{rel}","templated":true}]}}