{"id":114492,"date":"2021-08-03T10:01:38","date_gmt":"2021-08-03T08:01:38","guid":{"rendered":"https:\/\/www.valmorel.com\/le-pastoralisme\/"},"modified":"2024-07-26T12:33:54","modified_gmt":"2024-07-26T10:33:54","slug":"le-pastoralisme","status":"publish","type":"page","link":"https:\/\/www.valmorel.com\/nl\/le-pastoralisme\/","title":{"rendered":"Le pastoralisme"},"content":{"rendered":"<div class=\"wpb-content-wrapper\"><p>[vc_row][vc_column][vc_column_text el_class=&#8221;hide&#8221;]<\/p>\n<h2>Le pastoralisme, qu&#8217;est-ce-que c&#8217;est ?<\/h2>\n<div class=\"flex-video widescreen\"><\/div>\n<p>[\/vc_column_text][\/vc_column][\/vc_row][vc_row][vc_column][vc_column_text]<\/p>\n<section class=\"elementor-element elementor-element-723a478 elementor-section-boxed elementor-section-height-default elementor-section-height-default elementor-section elementor-top-section\" data-particle_enable=\"false\" data-particle-mobile-disabled=\"false\" data-id=\"723a478\" data-element_type=\"section\">\n<div class=\"elementor-container elementor-column-gap-default\">\n<div class=\"elementor-row\">\n<div class=\"elementor-element elementor-element-2d6d204 elementor-column elementor-col-100 elementor-top-column\" data-id=\"2d6d204\" data-element_type=\"column\">\n<div class=\"elementor-column-wrap elementor-element-populated\">\n<div class=\"elementor-widget-wrap\">\n<div class=\"elementor-element elementor-element-33d3994 elementor-widget elementor-widget-heading\" data-id=\"33d3994\" data-element_type=\"widget\" data-widget_type=\"heading.default\">\n<div class=\"elementor-widget-container\">\n<h2 class=\"elementor-heading-title elementor-size-default\">Et les chiens de protection de troupeaux, qui sont-ils ?<\/h2>\n<\/div>\n<\/div>\n<\/div>\n<\/div>\n<\/div>\n<\/div>\n<\/div>\n<\/section>\n<p style=\"text-align: center;\">Comprenez, \u00e0 travers ce petit clip d\u2019animation au ton humoristique, la raison de la pr\u00e9sence et les comportements de ces <strong>chiens de protection<\/strong> plus commun\u00e9ment appel\u00e9s \u00ab\u00a0<strong>patous<\/strong>\u00a0\u00bb.<\/p>\n<p>[\/vc_column_text][vc_video link=&#8221;https:\/\/youtu.be\/A-WhtYfif2s&#8221; align=&#8221;center&#8221;][\/vc_column][\/vc_row]<\/p>\n<\/div>","protected":false},"excerpt":{"rendered":"<p>[vc_row][vc_column][vc_column_text el_class=&#8221;hide&#8221;] Le pastoralisme, qu&#8217;est-ce-que c&#8217;est ? [\/vc_column_text][\/vc_column][\/vc_row][vc_row][vc_column][vc_column_text] Et les chiens de protection de troupeaux, qui sont-ils ? Comprenez, \u00e0 travers ce petit clip d\u2019animation au ton humoristique, la raison de la pr\u00e9sence et les comportements de ces chiens de protection plus commun\u00e9ment appel\u00e9s \u00ab\u00a0patous\u00a0\u00bb. [\/vc_column_text][vc_video link=&#8221;https:\/\/youtu.be\/A-WhtYfif2s&#8221; align=&#8221;center&#8221;][\/vc_column][\/vc_row]<\/p>\n","protected":false},"author":3,"featured_media":86267,"parent":0,"menu_order":0,"comment_status":"closed","ping_status":"closed","template":"","meta":{"_acf_changed":false,"footnotes":""},"class_list":["post-114492","page","type-page","status-publish","has-post-thumbnail","hentry"],"acf":[],"_links":{"self":[{"href":"https:\/\/www.valmorel.com\/nl\/wp-json\/wp\/v2\/pages\/114492","targetHints":{"allow":["GET"]}}],"collection":[{"href":"https:\/\/www.valmorel.com\/nl\/wp-json\/wp\/v2\/pages"}],"about":[{"href":"https:\/\/www.valmorel.com\/nl\/wp-json\/wp\/v2\/types\/page"}],"author":[{"embeddable":true,"href":"https:\/\/www.valmorel.com\/nl\/wp-json\/wp\/v2\/users\/3"}],"replies":[{"embeddable":true,"href":"https:\/\/www.valmorel.com\/nl\/wp-json\/wp\/v2\/comments?post=114492"}],"version-history":[{"count":3,"href":"https:\/\/www.valmorel.com\/nl\/wp-json\/wp\/v2\/pages\/114492\/revisions"}],"predecessor-version":[{"id":114500,"href":"https:\/\/www.valmorel.com\/nl\/wp-json\/wp\/v2\/pages\/114492\/revisions\/114500"}],"wp:featuredmedia":[{"embeddable":true,"href":"https:\/\/www.valmorel.com\/nl\/wp-json\/wp\/v2\/media\/86267"}],"wp:attachment":[{"href":"https:\/\/www.valmorel.com\/nl\/wp-json\/wp\/v2\/media?parent=114492"}],"curies":[{"name":"wp","href":"https:\/\/api.w.org\/{rel}","templated":true}]}}