{"id":33510,"date":"2020-04-01T11:11:25","date_gmt":"2020-04-01T09:11:25","guid":{"rendered":"https:\/\/www.valmorel.com\/guide-et-infos-pratiques\/acces\/"},"modified":"2024-11-14T10:27:29","modified_gmt":"2024-11-14T09:27:29","slug":"toegang","status":"publish","type":"page","link":"https:\/\/www.valmorel.com\/nl\/gids-en-praktische-informatie\/toegang\/","title":{"rendered":"Toegang"},"content":{"rendered":"<div class=\"wpb-content-wrapper\"><p>[vc_row][vc_column][vc_column_text]<\/p>\n<h2><strong>Hoe kom ik naar Valmorel\u00a0?<\/strong><\/h2>\n<p style=\"text-align: center;\"><strong>Valmorel en de valleien van Aigueblanche<\/strong> liggen maar <strong>2 uur<\/strong> van de snelweg van Lyon en Genev\u00e8, <strong>1 uur<\/strong> vanaf Chambery en een <strong>half uur<\/strong> vanaf Albertville.<\/p>\n<p>[\/vc_column_text][\/vc_column][\/vc_row][vc_row][vc_column][vc_single_image image=&#8221;831&#8243; img_size=&#8221;medium&#8221; alignment=&#8221;center&#8221; style=&#8221;img_valmo1&#8243; el_class=&#8221;show-ete&#8221;][vc_btn title=&#8221;Download het plan in PDF&#8221; style=&#8221;valmo&#8221; color=&#8221;rougeval&#8221; align=&#8221;center&#8221; css_animation=&#8221;none&#8221; el_class=&#8221;show-ete&#8221; link=&#8221;url:%2Fwp-content%2Fuploads%2F2020%2F06%2FPlan-acces-station-territoire-valmorel-ete.pdf||target:%20_blank|&#8221;][vc_single_image image=&#8221;9927&#8243; img_size=&#8221;medium&#8221; alignment=&#8221;center&#8221; style=&#8221;img_valmo1&#8243; el_class=&#8221;show-hiver&#8221;][vc_btn title=&#8221;Download het plan in PDF&#8221; style=&#8221;valmo&#8221; color=&#8221;rougeval&#8221; align=&#8221;center&#8221; css_animation=&#8221;none&#8221; el_class=&#8221;show-hiver&#8221; link=&#8221;url:%2Fwp-content%2Fuploads%2F2020%2F06%2FPlan-acces-station-territoire-valmorel-hiver.pdf||target:%20_blank|&#8221;][vc_empty_space][\/vc_column][\/vc_row][vc_row][vc_column][vc_zigzag color=&#8221;custom&#8221; el_width=&#8221;30&#8243; el_border_width=&#8221;10&#8243; custom_color=&#8221;#e52228&#8243;][vc_empty_space][\/vc_column][\/vc_row][vc_row full_width=&#8221;stretch_row&#8221; equal_height=&#8221;yes&#8221; content_placement=&#8221;middle&#8221; css=&#8221;.vc_custom_1592298340752{background-image: url(https:\/\/valmorel.com\/wp-content\/uploads\/2020\/05\/fond-bandeau-acces-voiture-2.jpg?id=2156) !important;background-position: center !important;background-repeat: no-repeat !important;background-size: cover !important;}&#8221;][vc_column width=&#8221;2\/3&#8243;][\/vc_column][vc_column width=&#8221;1\/3&#8243;][vc_custom_heading text=&#8221;Met de auto&#8221; font_container=&#8221;tag:h2|text_align:right|color:%23ffffff&#8221; use_theme_fonts=&#8221;yes&#8221;][\/vc_column][\/vc_row][vc_row][vc_column][vc_column_text]<\/p>\n<h3 style=\"text-align: left;\"><strong>Met de auto<\/strong><\/h3>\n<p>&nbsp;<\/p>\n<p><strong>Volg de richting Albertville vanaf de A43 via Chambery of de N212 vanaf Annecy. Neem vervolgens de RN90 richting Mo\u00fbtiers (2 baansweg).<\/strong><\/p>\n<ul>\n<li>Neem de afslag 36 om naar Celliers en Pussy te gaan, richting de Col de la Madeleine.<\/li>\n<li>Neem de afslag 37 voor La L\u00e9ch\u00e8re, Saint Oyen, Doucy, Valmorel en N\u00e2ves<\/li>\n<li>Neem de afslag 38 voor Aigueblanche, Villargerel of Villoudry<\/li>\n<\/ul>\n<p>[\/vc_column_text][\/vc_column][\/vc_row][vc_row][vc_column][vc_empty_space][\/vc_column][\/vc_row][vc_row full_width=&#8221;stretch_row&#8221; equal_height=&#8221;yes&#8221; content_placement=&#8221;middle&#8221; css=&#8221;.vc_custom_1592298354156{background-image: url(https:\/\/valmorel.com\/wp-content\/uploads\/2020\/05\/fond-bandeau-acces-train-3.jpg?id=2179) !important;background-position: center !important;background-repeat: no-repeat !important;background-size: cover !important;}&#8221;][vc_column width=&#8221;2\/3&#8243;][\/vc_column][vc_column width=&#8221;1\/3&#8243;][vc_custom_heading text=&#8221;Met de trein&#8221; font_container=&#8221;tag:h2|text_align:right|color:%23ffffff&#8221; use_theme_fonts=&#8221;yes&#8221;][\/vc_column][\/vc_row][vc_row][vc_column][vc_column_text]<\/p>\n<h3 style=\"text-align: left;\"><strong>Met de trein<\/strong><\/h3>\n<p>&nbsp;<\/p>\n<p>Het treinstation Mo\u00fbtiers-Salins en Notre-Dame-de-Brian\u00e7on is het station wat het dichtst bij Valmorel ligt.[\/vc_column_text][vc_btn title=&#8221;Reserveer hier uw treinticket&#8221; style=&#8221;valmo&#8221; color=&#8221;rougeval&#8221; css_animation=&#8221;none&#8221; link=&#8221;url:https%3A%2F%2Fwww.oui.sncf%2F||target:%20_blank|&#8221;][vc_column_text]<strong>Shuttles die vertrekken vanaf de bus- en SNCF-stations van Mo\u00fbtiers verbinden zich met het station op de aankomst- en vertrektijden (betaalde dienst).<\/strong><\/p>\n<ul>\n<li><a href=\"https:\/\/www.valmorel.com\/wp-content\/uploads\/2024\/11\/aura_referentielinfovoyageurs_fh_savoie_85x120_s62.pdf\">Verbinding Mo\u00fbtiers \u2013 Valmorel (2024-2025)<\/a><\/li>\n<li><a href=\"https:\/\/www.valmorel.com\/wp-content\/uploads\/2024\/11\/aura_referentielinfovoyageurs_fh_savoie_85x120_s61.pdf\">Verbinding Mo\u00fbtiers \u2013 Doucy (2024-2025)<\/a><\/li>\n<\/ul>\n<p>[\/vc_column_text][vc_btn title=&#8221;Ik reserveer mijn bus traject&#8221; style=&#8221;valmo&#8221; color=&#8221;rougeval&#8221; css_animation=&#8221;none&#8221; link=&#8221;url:http%3A%2F%2Fwww.altibus.com||target:%20_blank|&#8221;][\/vc_column][\/vc_row][vc_row][vc_column][vc_empty_space][\/vc_column][\/vc_row][vc_row full_width=&#8221;stretch_row&#8221; equal_height=&#8221;yes&#8221; content_placement=&#8221;middle&#8221; css=&#8221;.vc_custom_1592298367282{background-image: url(https:\/\/valmorel.com\/wp-content\/uploads\/2020\/05\/fond-bandeau-acces-avion-2.jpg?id=2150) !important;background-position: center !important;background-repeat: no-repeat !important;background-size: cover !important;}&#8221;][vc_column width=&#8221;2\/3&#8243;][\/vc_column][vc_column width=&#8221;1\/3&#8243;][vc_custom_heading text=&#8221;Met het vliegtuig&#8221; font_container=&#8221;tag:h2|text_align:right|color:%23ffffff&#8221; use_theme_fonts=&#8221;yes&#8221;][\/vc_column][\/vc_row][vc_row][vc_column][vc_column_text]<\/p>\n<h3 style=\"text-align: left;\"><strong>Met het vliegtuig<\/strong><\/h3>\n<p><strong>Er zijn drie luchthavens in de buurt van Valmorel. U kunt dan de verbinding maken met de auto, trein of bus:<\/strong><\/p>\n<ul>\n<li>Chamb\u00e9ry-Aix les-Bains (90 km- 1 uur rijden)<\/li>\n<li>Lyon-Saint Exup\u00e9ry (180 km- 2 uur rijden)<\/li>\n<li>Genev\u00e8ve-Cointrin (125 km- 2 uur rijden)<\/li>\n<\/ul>\n<p>[\/vc_column_text][\/vc_column][\/vc_row]<\/p>\n<\/div>","protected":false},"excerpt":{"rendered":"<p>[vc_row][vc_column][vc_column_text] Hoe kom ik naar Valmorel\u00a0? Valmorel en de valleien van Aigueblanche liggen maar 2 uur van de snelweg van Lyon en Genev\u00e8, 1 uur vanaf Chambery en een half uur vanaf Albertville. [\/vc_column_text][\/vc_column][\/vc_row][vc_row][vc_column][vc_single_image image=&#8221;831&#8243; img_size=&#8221;medium&#8221; alignment=&#8221;center&#8221; style=&#8221;img_valmo1&#8243; el_class=&#8221;show-ete&#8221;][vc_btn title=&#8221;Download het plan in PDF&#8221; style=&#8221;valmo&#8221; color=&#8221;rougeval&#8221; align=&#8221;center&#8221; css_animation=&#8221;none&#8221; el_class=&#8221;show-ete&#8221; link=&#8221;url:%2Fwp-content%2Fuploads%2F2020%2F06%2FPlan-acces-station-territoire-valmorel-ete.pdf||target:%20_blank|&#8221;][vc_single_image image=&#8221;9927&#8243; img_size=&#8221;medium&#8221; alignment=&#8221;center&#8221; style=&#8221;img_valmo1&#8243; el_class=&#8221;show-hiver&#8221;][vc_btn [&hellip;]<\/p>\n","protected":false},"author":1,"featured_media":33409,"parent":33507,"menu_order":10,"comment_status":"closed","ping_status":"closed","template":"","meta":{"_acf_changed":false,"footnotes":""},"class_list":["post-33510","page","type-page","status-publish","has-post-thumbnail","hentry"],"acf":[],"_links":{"self":[{"href":"https:\/\/www.valmorel.com\/nl\/wp-json\/wp\/v2\/pages\/33510","targetHints":{"allow":["GET"]}}],"collection":[{"href":"https:\/\/www.valmorel.com\/nl\/wp-json\/wp\/v2\/pages"}],"about":[{"href":"https:\/\/www.valmorel.com\/nl\/wp-json\/wp\/v2\/types\/page"}],"author":[{"embeddable":true,"href":"https:\/\/www.valmorel.com\/nl\/wp-json\/wp\/v2\/users\/1"}],"replies":[{"embeddable":true,"href":"https:\/\/www.valmorel.com\/nl\/wp-json\/wp\/v2\/comments?post=33510"}],"version-history":[{"count":4,"href":"https:\/\/www.valmorel.com\/nl\/wp-json\/wp\/v2\/pages\/33510\/revisions"}],"predecessor-version":[{"id":115200,"href":"https:\/\/www.valmorel.com\/nl\/wp-json\/wp\/v2\/pages\/33510\/revisions\/115200"}],"up":[{"embeddable":true,"href":"https:\/\/www.valmorel.com\/nl\/wp-json\/wp\/v2\/pages\/33507"}],"wp:featuredmedia":[{"embeddable":true,"href":"https:\/\/www.valmorel.com\/nl\/wp-json\/wp\/v2\/media\/33409"}],"wp:attachment":[{"href":"https:\/\/www.valmorel.com\/nl\/wp-json\/wp\/v2\/media?parent=33510"}],"curies":[{"name":"wp","href":"https:\/\/api.w.org\/{rel}","templated":true}]}}