{"id":33538,"date":"2020-04-01T11:12:12","date_gmt":"2020-04-01T09:12:12","guid":{"rendered":"https:\/\/www.valmorel.com\/guide-et-infos-pratiques\/parkings\/"},"modified":"2026-02-27T11:59:09","modified_gmt":"2026-02-27T10:59:09","slug":"parkings","status":"publish","type":"page","link":"https:\/\/www.valmorel.com\/nl\/gids-en-praktische-informatie\/parkings\/","title":{"rendered":"Parkeerplaatsen"},"content":{"rendered":"<div class=\"wpb-content-wrapper\"><p>[vc_row][vc_column][vc_column_text]<\/p>\n<h2>Een vakantie zonder auto is mogelijk\u00a0!<\/h2>\n<p>[\/vc_column_text][\/vc_column][\/vc_row][vc_row][vc_column][vc_column_text el_class=&#8221;show-hiver&#8221;]<\/p>\n<h3 style=\"text-align: center;\"><strong>Valmorel <\/strong><\/h3>\n<p>&nbsp;<\/p>\n<p style=\"text-align: center;\">Valmorel is het eerste skioord van de Tarentaise waar U uw auto in alle kunt parkren, beschut tegen zwaar weer en veel sneeuwval.<\/p>\n<p style=\"text-align: center;\">Er zijn 530 <strong>overdekte parkeerplaatsen<\/strong> en 1200 <strong>buiten parkeerplaatsen<\/strong>, vlak bij uw onderkomen.<\/p>\n<p style=\"text-align: center;\"><a href=\"https:\/\/www.valmorelgestion.com\/en\/booking.html?no_cache=1\" target=\"_blank\" rel=\"noopener\">&gt; zie hier de tarieven<\/a><\/p>\n<p style=\"text-align: center;\">Uw kunt uw auto ook gratis parkeren (180 plaatseen) bij het dorp \u00ab\u00a0le Crey\u00a0\u00bb\u00a0! De <strong>gratis shuttlebus<\/strong> neemt U dan weer mee\u00a0 terug naar Valmorel.<\/p>\n<p>&nbsp;<\/p>\n<p style=\"text-align: center;\"><strong>Elektrische voertuigen:<\/strong><\/p>\n<p style=\"text-align: center;\">Een oplaadpunt voor elektrische voertuigen is ge\u00efnstalleerd bij de receptiechalet aan de ingang van het Valmorel resort. Dit oplaadpunt is betalend en 24 uur per dag toegankelijk.<\/p>\n<p style=\"text-align: center;\">TESLA elektrische oplaadpunten zijn beschikbaar in La L\u00e9ch\u00e8re, &#8220;afrit 37&#8221; net voor u naar Valmorel gaat.<\/p>\n<p>[\/vc_column_text][vc_column_text el_class=&#8221;show-ete&#8221;]<\/p>\n<p style=\"text-align: center;\">Parkeren in de zomer is gratis in Valmorel, Doucy, N\u00e2ves, Celliers en la L\u00e9ch\u00e8re-les-bains!<\/p>\n<p>&nbsp;<\/p>\n<p style=\"text-align: center;\"><strong>Parkeerplaats voor campers<\/strong><\/p>\n<p style=\"text-align: center;\">De camperparking in de sector Cr\u00e8ve-c\u0153ur ligt tegenover de residentie Le Pierrer.<br \/>\nJe vindt er een waterpunt en een ledigingszone op slechts 5 minuten afstand (vlakbij de openbare toiletten bij de Pierrafort kabelbaan).<\/p>\n<p style=\"text-align: center;\">Je kunt ook parkeren op de Camarine parkeerplaats bij de ingang van het resort. Het uitzicht is adembenemend (8 minuten lopen van het centrum van Valmorel).<\/p>\n<p style=\"text-align: center;\"><strong>Elektrische voertuigen:<\/strong><\/p>\n<p style=\"text-align: center;\">Een oplaadpunt voor elektrische voertuigen is beschikbaar bij de parkeerplaats chalet bij de ingang van het Valmorel resort.<br \/>\nU moet contact opnemen met het zwembad van Valmorel, dat elke dag geopend is van 10.30 tot 18.30 uur, behalve op zaterdag van 13.30 tot 18.30 uur.<\/p>\n<p style=\"text-align: center;\">Afspraak VERPLICHT, tijden mogelijk &#8217;s ochtends 9 uur en &#8217;s middags 18 uur.<\/p>\n<p style=\"text-align: center;\">Reserveren kan door te bellen naar 04 79 09 80 92<\/p>\n<p style=\"text-align: center;\">TESLA elektrische oplaadpunten zijn beschikbaar in La L\u00e9ch\u00e8re, &#8220;afrit 37&#8221; net voordat je naar Valmorel gaat.<\/p>\n<p>[\/vc_column_text][vc_btn title=&#8221;Ik reserveer mijn parkeerplaats&#8221; style=&#8221;valmo&#8221; color=&#8221;rougeval&#8221; align=&#8221;center&#8221; css_animation=&#8221;none&#8221; link=&#8221;url:https%3A%2F%2Fwww.valmorelgestion.com%2Freservation.html||target:%20_blank|&#8221; el_class=&#8221;show-hiver&#8221;][vc_single_image image=&#8221;104814&#8243; img_size=&#8221;medium&#8221; alignment=&#8221;center&#8221; style=&#8221;img_valmo1&#8243; onclick=&#8221;img_link_large&#8221; el_class=&#8221;show-ete&#8221;][vc_column_text css=&#8221;&#8221;]<\/p>\n<p style=\"text-align: center;\">Voor meer informatie nodigen wij u uit om contact op te nemen met Valmorel Gestion, de exploitant van de parkeergarage, op +33 (0)4 79 09 99 91<\/p>\n<p style=\"text-align: center;\"><a href=\"https:\/\/www.valmorel.com\/wp-content\/uploads\/2025\/12\/Plan-Station-valmorel-hiver-2025-2026-VFINAL.pdf\" target=\"_blank\" rel=\"noopener\"><strong>&gt; Bekijk de parkeergarages op de kaart<\/strong><\/a><\/p>\n<p>[\/vc_column_text][\/vc_column][\/vc_row][vc_row el_class=&#8221;show-hiver&#8221;][vc_column][vc_column_text]<\/p>\n<h3><strong>A Doucy, la L\u00e9ch\u00e8re-les-bains, N\u00e2ves en Celliers<\/strong><\/h3>\n<p>&nbsp;<\/p>\n<p style=\"text-align: center;\">In deze dorpen is parkeren gratis!<\/p>\n<p>[\/vc_column_text][\/vc_column][\/vc_row]<\/p>\n<\/div>","protected":false},"excerpt":{"rendered":"<p>[vc_row][vc_column][vc_column_text] Een vakantie zonder auto is mogelijk\u00a0! [\/vc_column_text][\/vc_column][\/vc_row][vc_row][vc_column][vc_column_text el_class=&#8221;show-hiver&#8221;] Valmorel &nbsp; Valmorel is het eerste skioord van de Tarentaise waar U uw auto in alle kunt parkren, beschut tegen zwaar weer en veel sneeuwval. Er zijn 530 overdekte parkeerplaatsen en 1200 buiten parkeerplaatsen, vlak bij uw onderkomen. &gt; zie hier de tarieven Uw kunt uw [&hellip;]<\/p>\n","protected":false},"author":1,"featured_media":33539,"parent":33507,"menu_order":20,"comment_status":"closed","ping_status":"closed","template":"","meta":{"_acf_changed":false,"footnotes":""},"class_list":["post-33538","page","type-page","status-publish","has-post-thumbnail","hentry"],"acf":[],"_links":{"self":[{"href":"https:\/\/www.valmorel.com\/nl\/wp-json\/wp\/v2\/pages\/33538","targetHints":{"allow":["GET"]}}],"collection":[{"href":"https:\/\/www.valmorel.com\/nl\/wp-json\/wp\/v2\/pages"}],"about":[{"href":"https:\/\/www.valmorel.com\/nl\/wp-json\/wp\/v2\/types\/page"}],"author":[{"embeddable":true,"href":"https:\/\/www.valmorel.com\/nl\/wp-json\/wp\/v2\/users\/1"}],"replies":[{"embeddable":true,"href":"https:\/\/www.valmorel.com\/nl\/wp-json\/wp\/v2\/comments?post=33538"}],"version-history":[{"count":4,"href":"https:\/\/www.valmorel.com\/nl\/wp-json\/wp\/v2\/pages\/33538\/revisions"}],"predecessor-version":[{"id":118812,"href":"https:\/\/www.valmorel.com\/nl\/wp-json\/wp\/v2\/pages\/33538\/revisions\/118812"}],"up":[{"embeddable":true,"href":"https:\/\/www.valmorel.com\/nl\/wp-json\/wp\/v2\/pages\/33507"}],"wp:featuredmedia":[{"embeddable":true,"href":"https:\/\/www.valmorel.com\/nl\/wp-json\/wp\/v2\/media\/33539"}],"wp:attachment":[{"href":"https:\/\/www.valmorel.com\/nl\/wp-json\/wp\/v2\/media?parent=33538"}],"curies":[{"name":"wp","href":"https:\/\/api.w.org\/{rel}","templated":true}]}}