{"id":33914,"date":"2020-04-01T11:13:31","date_gmt":"2020-04-01T09:13:31","guid":{"rendered":"https:\/\/www.valmorel.com\/bikepark-vtt-cyclos\/le-domaine-vtt\/"},"modified":"2025-04-15T09:35:41","modified_gmt":"2025-04-15T07:35:41","slug":"le-domaine-vtt","status":"publish","type":"page","link":"https:\/\/www.valmorel.com\/nl\/activites-ete\/bikepark-vtt-cyclos\/le-domaine-vtt\/","title":{"rendered":"Mountainbike gebied"},"content":{"rendered":"<div class=\"wpb-content-wrapper\"><p>[vc_row][vc_column][vc_column_text]<\/p>\n<h1>Ontdek het mountainbikegebied van Valmorel en de Valleien van Aigueblanche!<\/h1>\n<p>[\/vc_column_text][vc_column_text]<\/p>\n<h2 class=\"chapeau\">Van 28 juni tot 31 augustus 2025<\/h2>\n<div id=\"gtx-trans\" style=\"position: absolute; left: 282px; top: 43.6px;\">\n<div class=\"gtx-trans-icon\"><\/div>\n<\/div>\n<p>[\/vc_column_text][\/vc_column][\/vc_row][vc_row][vc_column width=&#8221;1\/2&#8243;][vc_row_inner][vc_column_inner width=&#8221;1\/4&#8243;][vc_empty_space height=&#8221;62px&#8221;][vc_single_image image=&#8221;10505&#8243; img_size=&#8221;medium&#8221; onclick=&#8221;custom_link&#8221; img_link_target=&#8221;_blank&#8221; link=&#8221;https:\/\/sitesvtt.ffc.fr\/sites\/valmorel-vallees-daigueblanche\/&#8221;][\/vc_column_inner][vc_column_inner width=&#8221;3\/4&#8243;][vc_column_text]<\/p>\n<p class=\"\" data-start=\"1049\" data-end=\"1197\">In een bijzonder gastvrije natuurlijke omgeving biedt het mountainbikegebied tal van troeven om ten volle te genieten van dit gebied op twee wielen.<\/p>\n<p class=\"\" data-start=\"1199\" data-end=\"1488\">Met meer dan 365 km aan gemarkeerde routes door de Valleien van Aigueblanche, laten 27 parcoursen je dit fantastische gebied ontdekken in al zijn facetten. Bossen, alpenweiden, rotsachtige toppen, bergbeekjes, adembenemende landschappen en traditionele activiteiten staan op het programma.<\/p>\n<p class=\"\" data-start=\"1490\" data-end=\"1662\">Fan van downhill, enduro of cross-country? Of je nu beginner of gevorderd bent, de verschillende routes geven je de mogelijkheid om het terrein te verkennen op jouw niveau.<\/p>\n<p class=\"\" data-start=\"1664\" data-end=\"1736\"><strong data-start=\"1664\" data-end=\"1736\">NIEUW \u2013 Een MTB-beginnerszone op de top van de Pierrafort-gondelbaan<\/strong><\/p>\n<p class=\"\" data-start=\"1738\" data-end=\"1978\">Vanaf deze zomer is er een nieuwe zone speciaal voor MTB-beginners aan de top van de Pierrafort-gondel. Met 5 gloednieuwe houten modules kunnen fietsers van elk niveau veilig leren en vooruitgang boeken voor ze aan de echte pistes beginnen.<\/p>\n<p>[\/vc_column_text][\/vc_column_inner][\/vc_row_inner][\/vc_column][vc_column width=&#8221;1\/2&#8243;][vc_video link=&#8221;https:\/\/www.youtube.com\/watch?v=8dLJ5Z48j64&#8243; align=&#8221;center&#8221;][\/vc_column][\/vc_row][vc_row][vc_column width=&#8221;2\/3&#8243;][\/vc_column][vc_column width=&#8221;1\/3&#8243;][\/vc_column][\/vc_row][vc_row][vc_column][vc_empty_space height=&#8221;64px&#8221;][vc_single_image image=&#8221;114009&#8243; img_size=&#8221;large&#8221; alignment=&#8221;center&#8221;][vc_row_inner][vc_column_inner width=&#8221;1\/4&#8243;][vc_btn title=&#8221;Download de overzichtskaart van het gebied&#8221; style=&#8221;valmo&#8221; color=&#8221;rougeval&#8221; align=&#8221;center&#8221; link=&#8221;url:https%3A%2F%2Fwww.valmorel.com%2Fwp-content%2Fuploads%2F2024%2F06%2FValmorel-Generale-2024-HD.pdf|target:_blank|&#8221;][\/vc_column_inner][vc_column_inner width=&#8221;1\/4&#8243;][vc_btn title=&#8221;Download de kaart van het Valmorel\u2013Doucy\u2013Celliers gebied&#8221; style=&#8221;valmo&#8221; color=&#8221;rougeval&#8221; align=&#8221;center&#8221; link=&#8221;url:https%3A%2F%2Fwww.valmorel.com%2Fwp-content%2Fuploads%2F2024%2F06%2FCarte-Valmorel-2024-HD.pdf|target:_blank|&#8221;][\/vc_column_inner][vc_column_inner width=&#8221;1\/4&#8243;][vc_btn title=&#8221;Download de downhill (DH) pistekaart van Valmorel&#8221; style=&#8221;valmo&#8221; color=&#8221;rougeval&#8221; align=&#8221;center&#8221; link=&#8221;url:https%3A%2F%2Fwww.valmorel.com%2Fwp-content%2Fuploads%2F2024%2F06%2FZoom-DH-2024-HD.pdf|target:_blank|&#8221;][\/vc_column_inner][vc_column_inner width=&#8221;1\/4&#8243;][vc_btn title=&#8221;Download de kaart van het gebied N\u00e2ves&#8221; style=&#8221;valmo&#8221; color=&#8221;rougeval&#8221; align=&#8221;center&#8221; link=&#8221;url:https%3A%2F%2Fwww.valmorel.com%2Fwp-content%2Fuploads%2F2024%2F06%2FCarte-Nave-2024-HD.pdf|target:_blank|&#8221;][\/vc_column_inner][\/vc_row_inner][vc_empty_space][\/vc_column][\/vc_row][vc_row][vc_column width=&#8221;1\/2&#8243;][vc_single_image image=&#8221;25543&#8243; img_size=&#8221;600&#215;800&#8243; style=&#8221;img_valmo1&#8243;][vc_empty_space][\/vc_column][vc_column width=&#8221;1\/2&#8243;][vc_custom_heading text=&#8221;Le domaine VTT en 2024, c&#8217;est :&#8221; use_theme_fonts=&#8221;yes&#8221;][vc_column_text]<\/p>\n<p class=\"\" data-start=\"730\" data-end=\"1262\"><strong data-start=\"730\" data-end=\"747\">5 disciplines<\/strong>: Downhill (DH), Enduro, Cross-country (XC), E-MTB en Pumptrack<br data-start=\"810\" data-end=\"813\" \/><strong data-start=\"813\" data-end=\"828\">1 oefenzone<\/strong> in Valmorel<br data-start=\"840\" data-end=\"843\" \/><strong data-start=\"843\" data-end=\"874\">2 gratis bike wash stations<\/strong>: Valmorel en Doucy Station<br data-start=\"901\" data-end=\"904\" \/><strong data-start=\"904\" data-end=\"933\">4 toegankelijke skiliften<\/strong><br data-start=\"933\" data-end=\"936\" \/><strong data-start=\"936\" data-end=\"956\">1 Pumptrack zone<\/strong> in Bellecombe<br data-start=\"970\" data-end=\"973\" \/><strong data-start=\"973\" data-end=\"989\">1 MTB-school<\/strong> in Valmorel<br data-start=\"1001\" data-end=\"1004\" \/><strong data-start=\"1004\" data-end=\"1036\">Gratis mountainbike-shuttles<\/strong> tussen dal en station in juli\/augustus<br data-start=\"1075\" data-end=\"1078\" \/><strong data-start=\"1078\" data-end=\"1103\">4 valleien doorkruist<\/strong>: Is\u00e8re, Morel, N\u00e2ves, Eau Rousse<br data-start=\"1136\" data-end=\"1139\" \/><strong data-start=\"1139\" data-end=\"1157\">Geleide ritten<\/strong> door het hele gebied<br data-start=\"1178\" data-end=\"1181\" \/><strong data-start=\"1181\" data-end=\"1197\">Fietsverhuur<\/strong> in het dal of in het station<br data-start=\"1226\" data-end=\"1229\" \/><strong data-start=\"1229\" data-end=\"1262\">FFC-gecertificeerd MTB-gebied<\/strong><\/p>\n<p class=\"\" data-start=\"1264\" data-end=\"1306\"><strong data-start=\"1264\" data-end=\"1306\">De skiliften gaan open op 28 juni 2025<\/strong><\/p>\n<p>[\/vc_column_text][\/vc_column][\/vc_row][vc_row el_class=&#8221;hide&#8221; el_id=&#8221;hide&#8221;][vc_column][vc_custom_heading text=&#8221;Offre sp\u00e9ciale VTT !&#8221; font_container=&#8221;tag:h2|font_size:34|text_align:center|color:%23dd3333&#8243; google_fonts=&#8221;font_family:Abel%3Aregular|font_style:400%20regular%3A400%3Anormal&#8221;][vc_column_text]<\/p>\n<p style=\"text-align: center;\">Ton forfait VTT \u00e0 <strong>16\u20ac\/jour<\/strong> les samedis et dimanches !<br \/>\nDu 02 juillet au 28 ao\u00fbt 2022<\/p>\n<p style=\"text-align: center;\">*Les forfaits sont en vente au d\u00e9part des remont\u00e9es m\u00e9caniques.<\/p>\n<p style=\"text-align: center;\"><a href=\"https:\/\/www.valmorel.com\/nl\/activites-ete\/bikepark-vtt-cyclos\/praktische-informatie\/\" target=\"_blank\" rel=\"noopener\"><strong>&gt; Tous les tarifs<\/strong><\/a><\/p>\n<p>[\/vc_column_text][vc_empty_space][\/vc_column][\/vc_row][vc_row full_width=&#8221;stretch_row&#8221; content_placement=&#8221;middle&#8221; css=&#8221;.vc_custom_1593000613120{background-image: url(https:\/\/valmorel.com\/wp-content\/uploads\/2020\/05\/Bandeau-VTT-cyclo-Le-Domaine.jpg?id=2317) !important;}&#8221;][vc_column][vc_custom_heading text=&#8221;Ontdek al onze MTB-tips!&#8221; font_container=&#8221;tag:h2|font_size:60|text_align:left|color:%23ffffff&#8221; google_fonts=&#8221;font_family:Raleway%3A100%2C200%2C300%2Cregular%2C500%2C600%2C700%2C800%2C900|font_style:300%20light%20regular%3A300%3Anormal&#8221;][vc_btn title=&#8221;Ontdek&#8221; style=&#8221;valmo&#8221; color=&#8221;rougeval&#8221; align=&#8221;left&#8221; link=&#8221;url:https%3A%2F%2Fvalmorel.com%2Fbikepark-vtt-cyclos%2Fconseils%2F|title:Conseils|&#8221;][vc_empty_space height=&#8221;300px&#8221;][\/vc_column][\/vc_row]<\/p>\n<\/div>","protected":false},"excerpt":{"rendered":"<p>[vc_row][vc_column][vc_column_text] Ontdek het mountainbikegebied van Valmorel en de Valleien van Aigueblanche! [\/vc_column_text][vc_column_text] Van 28 juni tot 31 augustus 2025 [\/vc_column_text][\/vc_column][\/vc_row][vc_row][vc_column width=&#8221;1\/2&#8243;][vc_row_inner][vc_column_inner width=&#8221;1\/4&#8243;][vc_empty_space height=&#8221;62px&#8221;][vc_single_image image=&#8221;10505&#8243; img_size=&#8221;medium&#8221; onclick=&#8221;custom_link&#8221; img_link_target=&#8221;_blank&#8221; link=&#8221;https:\/\/sitesvtt.ffc.fr\/sites\/valmorel-vallees-daigueblanche\/&#8221;][\/vc_column_inner][vc_column_inner width=&#8221;3\/4&#8243;][vc_column_text] In een bijzonder gastvrije natuurlijke omgeving biedt het mountainbikegebied tal van troeven om ten volle te genieten van dit gebied op twee wielen. Met meer dan [&hellip;]<\/p>\n","protected":false},"author":1,"featured_media":33910,"parent":33909,"menu_order":10,"comment_status":"closed","ping_status":"closed","template":"","meta":{"_acf_changed":false,"footnotes":""},"class_list":["post-33914","page","type-page","status-publish","has-post-thumbnail","hentry"],"acf":[],"_links":{"self":[{"href":"https:\/\/www.valmorel.com\/nl\/wp-json\/wp\/v2\/pages\/33914","targetHints":{"allow":["GET"]}}],"collection":[{"href":"https:\/\/www.valmorel.com\/nl\/wp-json\/wp\/v2\/pages"}],"about":[{"href":"https:\/\/www.valmorel.com\/nl\/wp-json\/wp\/v2\/types\/page"}],"author":[{"embeddable":true,"href":"https:\/\/www.valmorel.com\/nl\/wp-json\/wp\/v2\/users\/1"}],"replies":[{"embeddable":true,"href":"https:\/\/www.valmorel.com\/nl\/wp-json\/wp\/v2\/comments?post=33914"}],"version-history":[{"count":4,"href":"https:\/\/www.valmorel.com\/nl\/wp-json\/wp\/v2\/pages\/33914\/revisions"}],"predecessor-version":[{"id":116750,"href":"https:\/\/www.valmorel.com\/nl\/wp-json\/wp\/v2\/pages\/33914\/revisions\/116750"}],"up":[{"embeddable":true,"href":"https:\/\/www.valmorel.com\/nl\/wp-json\/wp\/v2\/pages\/33909"}],"wp:featuredmedia":[{"embeddable":true,"href":"https:\/\/www.valmorel.com\/nl\/wp-json\/wp\/v2\/media\/33910"}],"wp:attachment":[{"href":"https:\/\/www.valmorel.com\/nl\/wp-json\/wp\/v2\/media?parent=33914"}],"curies":[{"name":"wp","href":"https:\/\/api.w.org\/{rel}","templated":true}]}}