{"id":34026,"date":"2020-04-01T11:14:19","date_gmt":"2020-04-01T09:14:19","guid":{"rendered":"https:\/\/www.valmorel.com\/bikepark-vtt-cyclos\/infos-pratiques\/"},"modified":"2025-04-18T16:13:54","modified_gmt":"2025-04-18T14:13:54","slug":"praktische-informatie","status":"publish","type":"page","link":"https:\/\/www.valmorel.com\/nl\/activites-ete\/bikepark-vtt-cyclos\/praktische-informatie\/","title":{"rendered":"Praktische informatie"},"content":{"rendered":"<div class=\"wpb-content-wrapper\"><p>[vc_row][vc_column][vc_column_text]<\/p>\n<h1>Alle praktische informatie\u00a0!<\/h1>\n<p>[\/vc_column_text][vc_column_text]<\/p>\n<h2>Skipassen en skiliften<\/h2>\n<p>[\/vc_column_text][\/vc_column][\/vc_row][vc_row][vc_column][vc_column_text]<\/p>\n<h3>De skiliften zijn geopend van 28 juni tot 31 august 2025<\/h3>\n<p>[\/vc_column_text][vc_empty_space][\/vc_column][\/vc_row][vc_row][vc_column width=&#8221;1\/2&#8243;][vc_single_image image=&#8221;116772&#8243; img_size=&#8221;full&#8221; alignment=&#8221;center&#8221; onclick=&#8221;img_link_large&#8221; img_link_target=&#8221;_blank&#8221;][\/vc_column][vc_column width=&#8221;1\/2&#8243;][vc_single_image image=&#8221;116841&#8243; img_size=&#8221;full&#8221; alignment=&#8221;center&#8221; onclick=&#8221;img_link_large&#8221; img_link_target=&#8221;_blank&#8221;][\/vc_column][\/vc_row][vc_row el_class=&#8221;hide&#8221;][vc_column][vc_column_text]Passen en skipassen zijn te koop bij de skiliften.<br \/>\nDe voorwaarden kunnen worden geraadpleegd bij de verkooppunten van de skiliften of op de website: skipass.valmorel.com.<br \/>\nKinderen onder 1m25 moeten door een volwassene begeleid worden om aan boord van een stoeltjeslift te gaan.<br \/>\nHonden kunnen gebruik maken van de liften, maar moeten gemuilkorfd en aangelijnd zijn.<br \/>\nIn geval van storm kunnen de liften zonder aankondiging worden gesloten.[\/vc_column_text][vc_empty_space][\/vc_column][\/vc_row][vc_row][vc_column width=&#8221;1\/2&#8243;][vc_empty_space][vc_single_image image=&#8221;100959&#8243; img_size=&#8221;medium&#8221; alignment=&#8221;center&#8221; style=&#8221;img_valmo1&#8243;][\/vc_column][vc_column width=&#8221;1\/2&#8243;][vc_column_text]<\/p>\n<h2><strong>Mountainbike bus<\/strong><\/h2>\n<p>[\/vc_column_text][vc_column_text]Elke maandag, donderdag en zaterdag rijdt er een speciale bus voor mountain bikers tussen Aigueblanche en Valmorel !<\/p>\n<p>In de bussen is er een speciale plaats voor de fietsen. U kunt zorgeloos naar beneden fietsen en vervolgens met de bus weer naar Valmorel omhoog gaan\u00a0!<\/p>\n<p>De bus vertrekt vanaf de school van Bellecombe en neemt U vervolgens mee naar Valmorel.[\/vc_column_text][vc_column_text]Er is ook een nieuwe busverbinding tussen Bellecombe en N\u00e2ves. Deze bus stopt op de rotonde Village 92 in la L\u00e9ch\u00e8re en bij het Maison de N\u00e2ves.[\/vc_column_text][\/vc_column][\/vc_row][vc_row][vc_column][vc_single_image image=&#8221;116789&#8243; img_size=&#8221;full&#8221; alignment=&#8221;center&#8221;][\/vc_column][\/vc_row][vc_row][vc_column][vc_btn title=&#8221;Download de dienstregeling in PDF&#8221; style=&#8221;valmo&#8221; color=&#8221;rougeval&#8221; link=&#8221;url:https%3A%2F%2Fwww.valmorel.com%2Fwp-content%2Fuploads%2F2025%2F04%2FPink-Minimalist-Skincare-Brand-Comparison-Chart-Table-Graph-3-1.png|target:_blank&#8221;][\/vc_column][\/vc_row]<\/p>\n<\/div>","protected":false},"excerpt":{"rendered":"<p>[vc_row][vc_column][vc_column_text] Alle praktische informatie\u00a0! [\/vc_column_text][vc_column_text] Skipassen en skiliften [\/vc_column_text][\/vc_column][\/vc_row][vc_row][vc_column][vc_column_text] De skiliften zijn geopend van 28 juni tot 31 august 2025 [\/vc_column_text][vc_empty_space][\/vc_column][\/vc_row][vc_row][vc_column width=&#8221;1\/2&#8243;][vc_single_image image=&#8221;116772&#8243; img_size=&#8221;full&#8221; alignment=&#8221;center&#8221; onclick=&#8221;img_link_large&#8221; img_link_target=&#8221;_blank&#8221;][\/vc_column][vc_column width=&#8221;1\/2&#8243;][vc_single_image image=&#8221;116841&#8243; img_size=&#8221;full&#8221; alignment=&#8221;center&#8221; onclick=&#8221;img_link_large&#8221; img_link_target=&#8221;_blank&#8221;][\/vc_column][\/vc_row][vc_row el_class=&#8221;hide&#8221;][vc_column][vc_column_text]Passen en skipassen zijn te koop bij de skiliften. De voorwaarden kunnen worden geraadpleegd bij de verkooppunten van de skiliften of op [&hellip;]<\/p>\n","protected":false},"author":1,"featured_media":34028,"parent":33909,"menu_order":60,"comment_status":"closed","ping_status":"closed","template":"","meta":{"_acf_changed":false,"footnotes":""},"class_list":["post-34026","page","type-page","status-publish","has-post-thumbnail","hentry"],"acf":[],"_links":{"self":[{"href":"https:\/\/www.valmorel.com\/nl\/wp-json\/wp\/v2\/pages\/34026","targetHints":{"allow":["GET"]}}],"collection":[{"href":"https:\/\/www.valmorel.com\/nl\/wp-json\/wp\/v2\/pages"}],"about":[{"href":"https:\/\/www.valmorel.com\/nl\/wp-json\/wp\/v2\/types\/page"}],"author":[{"embeddable":true,"href":"https:\/\/www.valmorel.com\/nl\/wp-json\/wp\/v2\/users\/1"}],"replies":[{"embeddable":true,"href":"https:\/\/www.valmorel.com\/nl\/wp-json\/wp\/v2\/comments?post=34026"}],"version-history":[{"count":4,"href":"https:\/\/www.valmorel.com\/nl\/wp-json\/wp\/v2\/pages\/34026\/revisions"}],"predecessor-version":[{"id":116845,"href":"https:\/\/www.valmorel.com\/nl\/wp-json\/wp\/v2\/pages\/34026\/revisions\/116845"}],"up":[{"embeddable":true,"href":"https:\/\/www.valmorel.com\/nl\/wp-json\/wp\/v2\/pages\/33909"}],"wp:featuredmedia":[{"embeddable":true,"href":"https:\/\/www.valmorel.com\/nl\/wp-json\/wp\/v2\/media\/34028"}],"wp:attachment":[{"href":"https:\/\/www.valmorel.com\/nl\/wp-json\/wp\/v2\/media?parent=34026"}],"curies":[{"name":"wp","href":"https:\/\/api.w.org\/{rel}","templated":true}]}}