{"id":34046,"date":"2020-04-29T19:37:16","date_gmt":"2020-04-29T17:37:16","guid":{"rendered":"https:\/\/www.valmorel.com\/activites-ete\/randonnees-trail\/trail-a-valmorel-savoie\/"},"modified":"2020-09-09T11:34:01","modified_gmt":"2020-09-09T09:34:01","slug":"trail-a-valmorel-savoie","status":"publish","type":"page","link":"https:\/\/www.valmorel.com\/nl\/activites-ete\/randonnees-trail\/trail-a-valmorel-savoie\/","title":{"rendered":"Trail"},"content":{"rendered":"<div class=\"wpb-content-wrapper\"><p>[vc_row][vc_column width=&#8221;1\/2&#8243;][vc_custom_heading text=&#8221;Trail gebied&#8221; use_theme_fonts=&#8221;yes&#8221;][vc_column_text]De valleien van N\u00e2ves, Morel, L\u2019Eau Rousse en de Is\u00e8re bieden een speelweide aan voor trail liefhebbers\u00a0!<\/p>\n<p>Deze 4 valleien en hun gidsen bieden U een mix van authenticiteit, diversiteit en vrijgevigheid. U wordt ontvangen in weelderige, kenmerkende en unieke landschappen.<\/p>\n<p>De parcours aanbiedingen zijn divers en aangepast aan alle niveaus en ambities. Iedere vallei geeft het beste van zichzelf.<\/p>\n<p>Valmorel biedt verschillende indrukwekkende parcoursen aan, van de Lauzi\u00e8re tot de mytique Cheval Noir, tot en met de rug van de Cr\u00e8ve-T\u00eate. De trail races in een grandioos decor tot de \u00ab reuzen \u00bb van de Savoie ![\/vc_column_text][vc_row_inner][vc_column_inner width=&#8221;2\/3&#8243;][\/vc_column_inner][vc_column_inner width=&#8221;1\/3&#8243;][\/vc_column_inner][\/vc_row_inner][\/vc_column][vc_column width=&#8221;1\/2&#8243;][vc_gallery type=&#8221;image_grid&#8221; images=&#8221;677,674,668,656&#8243; onclick=&#8221;&#8221; css=&#8221;.vc_custom_1588699973034{padding-top: 15px !important;}&#8221;][\/vc_column][\/vc_row][vc_row][vc_column][vc_empty_space height=&#8221;64px&#8221;][\/vc_column][\/vc_row][vc_row][vc_column width=&#8221;1\/2&#8243;][vc_custom_heading text=&#8221;Een aanbod van 10 parcoursen, genummerd en gekleurd, met 4 moeilijkheidsgraden, verdeeld over 4 valleien en 7 sectoren&#8221; use_theme_fonts=&#8221;yes&#8221;][vc_column_text]<\/p>\n<ul>\n<li>Een gebied met een oppervlakte van 183,8 vierkante kilometer<\/li>\n<li>4 valleien\u00a0: du Morel, de L\u2019Eau Rousse, De N\u00e2ves, de L\u2019Is\u00e8re<\/li>\n<li>1 verticale kilometer<\/li>\n<li>Hoogste punt\u00a0: 2829 meter<\/li>\n<li>Laagste punt\u00a0: 394 meter<\/li>\n<\/ul>\n<p>Er zijn dus 10 genumeriseerde en afgebakende trail parcoursen, verdeeld over 7 sectoren die de beoefening van uw passie combineren\u00a0 in een rijke en unieke omgeving.<\/p>\n<p>*20 parcoursen zullen afgebakend zijn voor het einde van het jaar 2020\u00a0![\/vc_column_text][vc_row_inner][vc_column_inner width=&#8221;2\/3&#8243;][vc_btn title=&#8221;Voir la carte&#8221; style=&#8221;valmo&#8221; color=&#8221;rougeval&#8221; link=&#8221;url:https%3A%2F%2Fwww.valmorel.com%2Fwp-content%2Fuploads%2F2020%2F07%2FCarte-itineraires-parcours-trail.pdf||target:%20_blank|&#8221;][\/vc_column_inner][vc_column_inner width=&#8221;1\/3&#8243;][\/vc_column_inner][\/vc_row_inner][\/vc_column][vc_column width=&#8221;1\/2&#8243;][vc_single_image image=&#8221;671&#8243; img_size=&#8221;medium&#8221; style=&#8221;img_valmo1&#8243;][\/vc_column][vc_column][vc_empty_space][\/vc_column][\/vc_row][vc_section full_width=&#8221;stretch_row&#8221; css=&#8221;.vc_custom_1588699193115{background-image: url(https:\/\/valmorel.com\/wp-content\/uploads\/2020\/05\/Conseil-Territoire-de-trail-004.jpg?id=653) !important;background-position: center !important;background-repeat: no-repeat !important;background-size: cover !important;}&#8221;][vc_row css=&#8221;.vc_custom_1490183052538{margin-bottom: 0px !important;padding-bottom: 0px !important;}&#8221;][vc_column width=&#8221;1\/2&#8243; css=&#8221;.vc_custom_1490183061477{margin-bottom: 0px !important;padding-bottom: 0px !important;}&#8221;][\/vc_column][vc_column width=&#8221;1\/2&#8243; css=&#8221;.vc_custom_1490183066911{margin-bottom: 0px !important;padding-bottom: 0px !important;}&#8221;][\/vc_column][\/vc_row][vc_row css=&#8221;.vc_custom_1490183011590{margin-top: 0px !important;padding-top: 0px !important;}&#8221;][vc_column css=&#8221;.vc_custom_1490183021092{margin-top: 0px !important;padding-top: 0px !important;}&#8221;][vc_separator color=&#8221;custom&#8221; align=&#8221;align_left&#8221; border_width=&#8221;2&#8243; accent_color=&#8221;#ffffff&#8221; css=&#8221;.vc_custom_1490183003947{margin-top: 0px !important;padding-top: 0px !important;}&#8221;][\/vc_column][\/vc_row][vc_row full_height=&#8221;yes&#8221;][vc_column width=&#8221;1\/2&#8243; css=&#8221;.vc_custom_1588752800510{background-color: #ffffff !important;}&#8221;][vc_column_text]De parcoursen zijn verdeeld onder 4 kleuren net zoals de kleuren bij de skipistes of mountainbikeroutes.<\/p>\n<ul>\n<li>Groen=Niveau ontdekking\/erg gemakkelijk<\/li>\n<li>Blauw=Niveau soms beoefenen\/gemakkkelijk<\/li>\n<li>Rood=Niveau vaak beoefenen\/moeilijk<\/li>\n<li>Zwart=Niveau deskundig\/erg moeilijk<\/li>\n<\/ul>\n<p>Attentie,\u00a0 de equivalenties zijn gedetailleerd in vergelijking met standaard normen. Het is primoriaal dat U een parcours neemt, U uw eigen mogelijkheden waarneemt, qua training en lichamelijke capaciteiten.<\/p>\n<p>De valleien van Aigueblanche zijn onderverdeeld in 4 valleien en 7 sectoren die meestal de startplaatsen zijn van de trails\u00a0:<\/p>\n<ul>\n<li>Haute vall\u00e9e de N\u00e2ves ( 6 parcoursen)<\/li>\n<li>Skioord Valmorel (5 parcoursen)<\/li>\n<li>Skioord Doucy (3 parcoursen)<\/li>\n<li>Het massief la Lauzi\u00e8re\/Bonneval (3parcoursen)<\/li>\n<li>Het masssief la Lauzi\u00e8re\/Celliers ( 1 parcours)<\/li>\n<li>Vallei de L\u2019Is\u00e8re\/Grand-Aigueblanche (1parcours)<\/li>\n<li>Vallei de L\u2019Is\u00e8re\/Feissons Sur Is\u00e8re (1 parcours)<\/li>\n<\/ul>\n<p>[\/vc_column_text][\/vc_column][vc_column width=&#8221;1\/2&#8243;][vc_custom_heading text=&#8221;De trail levels begrijpen van de trail parcoursen in Valmorel&#8221; font_container=&#8221;tag:h2|font_size:60|text_align:left|color:%23ffffff&#8221; google_fonts=&#8221;font_family:Raleway%3A100%2C200%2C300%2Cregular%2C500%2C600%2C700%2C800%2C900|font_style:300%20light%20regular%3A300%3Anormal&#8221;][vc_empty_space height=&#8221;96px&#8221;][vc_btn title=&#8221;En savoir plus sur le Mad Trail&#8221; style=&#8221;valmo&#8221; color=&#8221;rougeval&#8221; size=&#8221;lg&#8221; align=&#8221;right&#8221; css_animation=&#8221;none&#8221; link=&#8221;url:http%3A%2F%2Fwww.madtrail.com|title:Mad%20Trail|target:%20_blank|&#8221;][\/vc_column][\/vc_row][\/vc_section]<\/p>\n<\/div>","protected":false},"excerpt":{"rendered":"<p>[vc_row][vc_column width=&#8221;1\/2&#8243;][vc_custom_heading text=&#8221;Trail gebied&#8221; use_theme_fonts=&#8221;yes&#8221;][vc_column_text]De valleien van N\u00e2ves, Morel, L\u2019Eau Rousse en de Is\u00e8re bieden een speelweide aan voor trail liefhebbers\u00a0! Deze 4 valleien en hun gidsen bieden U een mix van authenticiteit, diversiteit en vrijgevigheid. U wordt ontvangen in weelderige, kenmerkende en unieke landschappen. De parcours aanbiedingen zijn divers en aangepast aan alle niveaus [&hellip;]<\/p>\n","protected":false},"author":1,"featured_media":34048,"parent":34034,"menu_order":0,"comment_status":"closed","ping_status":"closed","template":"","meta":{"_acf_changed":false,"footnotes":""},"class_list":["post-34046","page","type-page","status-publish","has-post-thumbnail","hentry"],"acf":[],"_links":{"self":[{"href":"https:\/\/www.valmorel.com\/nl\/wp-json\/wp\/v2\/pages\/34046","targetHints":{"allow":["GET"]}}],"collection":[{"href":"https:\/\/www.valmorel.com\/nl\/wp-json\/wp\/v2\/pages"}],"about":[{"href":"https:\/\/www.valmorel.com\/nl\/wp-json\/wp\/v2\/types\/page"}],"author":[{"embeddable":true,"href":"https:\/\/www.valmorel.com\/nl\/wp-json\/wp\/v2\/users\/1"}],"replies":[{"embeddable":true,"href":"https:\/\/www.valmorel.com\/nl\/wp-json\/wp\/v2\/comments?post=34046"}],"version-history":[{"count":4,"href":"https:\/\/www.valmorel.com\/nl\/wp-json\/wp\/v2\/pages\/34046\/revisions"}],"predecessor-version":[{"id":38339,"href":"https:\/\/www.valmorel.com\/nl\/wp-json\/wp\/v2\/pages\/34046\/revisions\/38339"}],"up":[{"embeddable":true,"href":"https:\/\/www.valmorel.com\/nl\/wp-json\/wp\/v2\/pages\/34034"}],"wp:featuredmedia":[{"embeddable":true,"href":"https:\/\/www.valmorel.com\/nl\/wp-json\/wp\/v2\/media\/34048"}],"wp:attachment":[{"href":"https:\/\/www.valmorel.com\/nl\/wp-json\/wp\/v2\/media?parent=34046"}],"curies":[{"name":"wp","href":"https:\/\/api.w.org\/{rel}","templated":true}]}}