{"id":34307,"date":"2020-04-01T11:13:03","date_gmt":"2020-04-01T09:13:03","guid":{"rendered":"https:\/\/www.valmorel.com\/la-destination\/histoire\/"},"modified":"2020-08-31T14:11:21","modified_gmt":"2020-08-31T12:11:21","slug":"histoire","status":"publish","type":"page","link":"https:\/\/www.valmorel.com\/nl\/la-destination\/histoire\/","title":{"rendered":"Geschiedenis"},"content":{"rendered":"<div class=\"wpb-content-wrapper\"><p>[vc_row][vc_column][vc_column_text]<\/p>\n<h1><strong>Geschiedenis\u00a0: de geboorte van valmorel<\/strong><\/h1>\n<h2 class=\"chapeau\">Valmorel is \u00ab\u00a0zoals gezegd\u00a0\u00bb de vierde generatie, gemiddelde maat en gebouwd na grote producties in de jaren 60.<br \/>\nValmorel begint met een enorm respect voor een natuurlijk kader<\/h2>\n<p>[\/vc_column_text][\/vc_column][\/vc_row][vc_row][vc_column width=&#8221;1\/2&#8243;][vc_column_text]<\/p>\n<h2><strong>Een terugblik in het verleden<\/strong><\/h2>\n<p>In <strong>1974<\/strong> associ\u00ebren de gemeentes Aigueblanche en la L\u00e8ch\u00e9re zich en vormen het <strong>district Bassin de Aigueblanche<\/strong>.<\/p>\n<p>Een van de belangrijkste projekten van deze samenwerking is het cre\u00ebren van een <strong>skioord<\/strong> om het leeglopen van het platteland tegen te gaan.<\/p>\n<p>In augustus 1975 wordt een protocool getekend. In het kader van het <strong>Plan Neige<\/strong> (sneeuwplan) wordt beroep gedaan op de architect\/stadsplanner <strong>Michel Bezan\u00e7on<\/strong> om een nieuw bergdorp te ontwerpen, <strong>een skidorp<\/strong>.<\/p>\n<p><strong>Valmorel ziet de dag in 1976<\/strong>. Het station biedt een architectuur met chalets die niet hoger zijn dan 3 of 4 verdiepingen. Er worden alleen nobele produkten gebruikt\u00a0: daken van leisteen, gevelbekleding op de muren, decoren met optische illusies en een overvloed aan hout.<\/p>\n<p>Het dorp wordt gebouwd rondom een hoofdstraat (autovrij), la<strong> rue du Bourg<\/strong>, waar alle winkels worden geinstalleerd in prachtige gebouwen.[\/vc_column_text][vc_column_text][\/vc_column_text][\/vc_column][vc_column width=&#8221;1\/2&#8243;][vc_empty_space height=&#8221;70px&#8221;][vc_single_image image=&#8221;15037&#8243; img_size=&#8221;medium&#8221; alignment=&#8221;center&#8221; style=&#8221;img_valmo1&#8243;][\/vc_column][\/vc_row][vc_row][vc_column][vc_empty_space height=&#8221;64px&#8221;][\/vc_column][\/vc_row][vc_row][vc_column width=&#8221;1\/2&#8243;][vc_single_image image=&#8221;15116&#8243; img_size=&#8221;medium&#8221; style=&#8221;img_valmo1&#8243;][\/vc_column][vc_column width=&#8221;1\/2&#8243;][vc_empty_space][vc_column_text]Valmorel opent met kerstmis in <strong>1976<\/strong> met een 2 sterren hotel La Fontaine en ongeveer 100 appartementen die 197 bedden bieden in de wijken La Souche en La Sapini\u00e8re. In de hoofdstraat bevinden zich al enkele winkels, waaronder een discotheek.<\/p>\n<p>De <strong>skiliftmaatschappij <\/strong>begint met <strong>15 skiliften en 35 kilometers aan pistes<\/strong> die verbonden zijn aan et station Doucy.<\/p>\n<p>De skischool geeft haar eerste lessen.[\/vc_column_text][vc_column_text]In <strong>1975<\/strong> was het weiland van Avanchers nog helemaal leeg met als uitzondering de sleepliften Blanchot, Rocher, Plan Chevron en l\u2019Empire in het dorpje Le Pr\u00e9.<\/p>\n<p>Gedurende de jaren is Valmorel een flink stuk groter geworden en heeft zich aan weten te passen aan de evolutie van het toerisme en dat alles met het behoud van de charme van een skidorp.[\/vc_column_text][\/vc_column][\/vc_row][vc_row][vc_column][vc_empty_space][vc_separator color=&#8221;custom&#8221; border_width=&#8221;3&#8243; el_width=&#8221;20&#8243; accent_color=&#8221;#e52228&#8243;][vc_empty_space][\/vc_column][\/vc_row][vc_row][vc_column width=&#8221;1\/4&#8243;][vc_single_image image=&#8221;15188&#8243; style=&#8221;img_valmo1&#8243;][\/vc_column][vc_column width=&#8221;1\/4&#8243;][vc_single_image image=&#8221;15199&#8243; style=&#8221;img_valmo1&#8243;][\/vc_column][vc_column width=&#8221;1\/4&#8243;][vc_single_image image=&#8221;15194&#8243; style=&#8221;img_valmo1&#8243;][\/vc_column][vc_column width=&#8221;1\/4&#8243;][vc_single_image image=&#8221;15191&#8243; style=&#8221;img_valmo1&#8243;][\/vc_column][\/vc_row]<\/p>\n<\/div>","protected":false},"excerpt":{"rendered":"<p>[vc_row][vc_column][vc_column_text] Geschiedenis\u00a0: de geboorte van valmorel Valmorel is \u00ab\u00a0zoals gezegd\u00a0\u00bb de vierde generatie, gemiddelde maat en gebouwd na grote producties in de jaren 60. Valmorel begint met een enorm respect voor een natuurlijk kader [\/vc_column_text][\/vc_column][\/vc_row][vc_row][vc_column width=&#8221;1\/2&#8243;][vc_column_text] Een terugblik in het verleden In 1974 associ\u00ebren de gemeentes Aigueblanche en la L\u00e8ch\u00e9re zich en vormen het district [&hellip;]<\/p>\n","protected":false},"author":1,"featured_media":34308,"parent":34304,"menu_order":10,"comment_status":"closed","ping_status":"closed","template":"","meta":{"_acf_changed":false,"footnotes":""},"class_list":["post-34307","page","type-page","status-publish","has-post-thumbnail","hentry"],"acf":[],"_links":{"self":[{"href":"https:\/\/www.valmorel.com\/nl\/wp-json\/wp\/v2\/pages\/34307","targetHints":{"allow":["GET"]}}],"collection":[{"href":"https:\/\/www.valmorel.com\/nl\/wp-json\/wp\/v2\/pages"}],"about":[{"href":"https:\/\/www.valmorel.com\/nl\/wp-json\/wp\/v2\/types\/page"}],"author":[{"embeddable":true,"href":"https:\/\/www.valmorel.com\/nl\/wp-json\/wp\/v2\/users\/1"}],"replies":[{"embeddable":true,"href":"https:\/\/www.valmorel.com\/nl\/wp-json\/wp\/v2\/comments?post=34307"}],"version-history":[{"count":2,"href":"https:\/\/www.valmorel.com\/nl\/wp-json\/wp\/v2\/pages\/34307\/revisions"}],"predecessor-version":[{"id":34309,"href":"https:\/\/www.valmorel.com\/nl\/wp-json\/wp\/v2\/pages\/34307\/revisions\/34309"}],"up":[{"embeddable":true,"href":"https:\/\/www.valmorel.com\/nl\/wp-json\/wp\/v2\/pages\/34304"}],"wp:featuredmedia":[{"embeddable":true,"href":"https:\/\/www.valmorel.com\/nl\/wp-json\/wp\/v2\/media\/34308"}],"wp:attachment":[{"href":"https:\/\/www.valmorel.com\/nl\/wp-json\/wp\/v2\/media?parent=34307"}],"curies":[{"name":"wp","href":"https:\/\/api.w.org\/{rel}","templated":true}]}}