{"id":34348,"date":"2020-04-01T11:06:45","date_gmt":"2020-04-01T09:06:45","guid":{"rendered":"https:\/\/www.valmorel.com\/ski-glisse\/domaine-skiable\/"},"modified":"2026-02-24T17:20:08","modified_gmt":"2026-02-24T16:20:08","slug":"skigebied","status":"publish","type":"page","link":"https:\/\/www.valmorel.com\/nl\/winter-activiteiten\/skien-en-glijden\/skigebied\/","title":{"rendered":"Skigebied"},"content":{"rendered":"<div class=\"wpb-content-wrapper\"><p>[vc_row][vc_column][vc_column_text css=&#8221;&#8221;]<\/p>\n<h1>Van 20 december 2025 tot 11 april 2026<\/h1>\n<p>[\/vc_column_text][vc_column_text]<\/p>\n<h1><\/h1>\n<h2 class=\"chapeau\">Vlakbij gelegen aan het Parc de la Vanoise, hergroepeert Le Grand Domaine de skigebieden Valmorel, Saint-Fran\u00e7ois-Longchamps, Doucy en Celliers. Samen biedt het een zonnig skigebied van 165 kilometers pistes.<\/h2>\n<p>[\/vc_column_text][\/vc_column][\/vc_row][vc_row][vc_column width=&#8221;1\/6&#8243;][\/vc_column][vc_column width=&#8221;2\/3&#8243;][vc_single_image image=&#8221;118001&#8243; img_size=&#8221;full&#8221; alignment=&#8221;center&#8221; onclick=&#8221;custom_link&#8221; img_link_target=&#8221;_blank&#8221; css=&#8221;&#8221; link=&#8221;https:\/\/www.valmorel.com\/wp-content\/uploads\/2025\/11\/plan-des-pistes-25-26-plan-unique.pdf&#8221;][\/vc_column][vc_column width=&#8221;1\/6&#8243;][\/vc_column][\/vc_row][vc_row][vc_column][vc_btn title=&#8221;Download de pistekaart&#8221; style=&#8221;valmo&#8221; color=&#8221;rougeval&#8221; align=&#8221;center&#8221; css_animation=&#8221;none&#8221; css=&#8221;&#8221; button_block=&#8221;true&#8221; link=&#8221;url:https%3A%2F%2Fwww.valmorel.com%2Fwp-content%2Fuploads%2F2025%2F11%2Fplan-des-pistes-25-26-plan-unique.pdf|target:_blank&#8221;][\/vc_column][\/vc_row][vc_row][vc_column width=&#8221;1\/2&#8243;][vc_column_text]<\/p>\n<h2>165 kilometers pistes<\/h2>\n<p>[\/vc_column_text][vc_column_text]<strong>Le Grand Domaine<\/strong>, met bossen, zachte hellingen, en zwaardere hellingen op de toppen, biedt gelegenheden aan alle niveau\u2019s van ski\u00ebrs. Groot en klein kunnen gemakkelijk de Col de la Madeleine nemen via een blauwe piste.<\/p>\n<p>Een werkelijk paradijs voor skifanaten en off piste, met diverse landschappen zoals dennebomen en hoge rotsen.[\/vc_column_text][\/vc_column][vc_column width=&#8221;1\/2&#8243;][vc_empty_space height=&#8221;60px&#8221;][vc_single_image image=&#8221;54497&#8243; img_size=&#8221;large&#8221; alignment=&#8221;center&#8221; style=&#8221;img_valmo1&#8243;][\/vc_column][\/vc_row][vc_row][vc_column][vc_empty_space height=&#8221;50px&#8221;][\/vc_column][\/vc_row][vc_row][vc_column width=&#8221;1\/2&#8243;][vc_empty_space height=&#8221;60px&#8221;][vc_raw_html]JTNDaWZyYW1lJTIwd2lkdGglM0QlMjI1NjAlMjIlMjBoZWlnaHQlM0QlMjIzMTUlMjIlMjBzcmMlM0QlMjJodHRwcyUzQSUyRiUyRnd3dy55b3V0dWJlLmNvbSUyRmVtYmVkJTJGVjBzS1VXTUI1SHMlMjIlMjBmcmFtZWJvcmRlciUzRCUyMjAlMjIlMjBhbGxvdyUzRCUyMmFjY2VsZXJvbWV0ZXIlM0IlMjBhdXRvcGxheSUzQiUyMGVuY3J5cHRlZC1tZWRpYSUzQiUyMGd5cm9zY29wZSUzQiUyMHBpY3R1cmUtaW4tcGljdHVyZSUyMiUyMGFsbG93ZnVsbHNjcmVlbiUzRSUzQyUyRmlmcmFtZSUzRQ==[\/vc_raw_html][\/vc_column][vc_column width=&#8221;1\/2&#8243;][vc_column_text]<\/p>\n<h2><strong>Speelse ruimtes<\/strong><\/h2>\n<p style=\"text-align: center;\">Ontdek de speelse ruimtes in Valmorel met een boardercross, snowparks of het piraten dorp met wekelijkse aciviteiten\u00a0!<\/p>\n<p>[\/vc_column_text][vc_btn title=&#8221;ik ontdek&#8221; style=&#8221;valmo&#8221; color=&#8221;rougeval&#8221; align=&#8221;center&#8221; css_animation=&#8221;none&#8221; link=&#8221;url:https%3A%2F%2Fvalmorel.com%2Fnl%2Fski-glisse%2Fsnowpark-et-espaces-ludiques%2F|title:Snowpark%20et%20espaces%20ludiques||&#8221;][\/vc_column][\/vc_row][vc_row css=&#8221;.vc_custom_1592401824176{background-position: center !important;background-repeat: no-repeat !important;background-size: cover !important;}&#8221;][vc_column width=&#8221;1\/2&#8243;][vc_column_text]<\/p>\n<h2><strong>4 glijzones voor beginners<\/strong><\/h2>\n<p><strong>4 zones om te leren ski\u00ebn in alle zekerheid en kalmte verdeeld over het skigebied.<\/strong><\/p>\n<ul>\n<li><strong>Ruimte Rocher-Blanchot\u00a0:<\/strong>\n<ul>\n<li>\u00a0Sleeplift du Rocher<\/li>\n<li>Sleeplift du Blanchot (gratis)<br \/>\nToegankelijk via de Valmobus, uitstappen bij\u00a0 \u00ab le Pr\u00e9 \u00bb<\/li>\n<\/ul>\n<\/li>\n<\/ul>\n<ul>\n<li><strong>Ruimte Bois de la Croix-Cheval Blanc\u00a0:<\/strong>\n<ul>\n<li>Sneeuwtapijt de Bois de la Croix<\/li>\n<li>Sleeplift de Cheval Blanc (gratis)<br \/>\nToegang via de T\u00e9l\u00e9bourg, halte Cr\u00e8ve c\u0153ur<\/li>\n<\/ul>\n<\/li>\n<\/ul>\n<ul>\n<li><strong>Ruimte Malatrai-Roches Blanches :<\/strong>\n<ul>\n<li>Gondellift Pierrafort<\/li>\n<li>Sneeuwtapijt de Roches Blanches<\/li>\n<li>Sleeplift Malatrai<br \/>\nToegang via de gondellift Pierrafort<\/li>\n<\/ul>\n<\/li>\n<\/ul>\n<ul>\n<li><strong>Ruimte Echappeaux-Charmettes\u00a0:<\/strong>\n<ul>\n<li>Stoeltjeslift de Combelouvi\u00e8re<\/li>\n<li>Sleeplift Charmettes<\/li>\n<li>Sleeplift des Echappeaux<\/li>\n<li>Gondellift de Celliers<br \/>\nToegankelijk via de stoeltjeslift de Combelouvi\u00e8re vanuit het skioord Doucy<\/li>\n<\/ul>\n<\/li>\n<\/ul>\n<p>[\/vc_column_text][\/vc_column][vc_column width=&#8221;1\/2&#8243;][vc_empty_space height=&#8221;60px&#8221;][vc_single_image image=&#8221;19745&#8243; img_size=&#8221;medium&#8221; style=&#8221;img_valmo1&#8243;][\/vc_column][\/vc_row][vc_row][vc_column][vc_row_inner][vc_column_inner width=&#8221;1\/2&#8243;][vc_empty_space][vc_single_image image=&#8221;19744&#8243; img_size=&#8221;medium&#8221; style=&#8221;img_valmo1&#8243;][\/vc_column_inner][vc_column_inner width=&#8221;1\/2&#8243;][vc_column_text]<\/p>\n<h2><strong>4 Freeride zones<\/strong><\/h2>\n<p><em><strong>Niveau rode of zwarte piste<\/strong><\/em><\/p>\n<p>De Freeride zones zijn in zeker gestelde maar niet geprepareerde zones voor off piste fanaten. Ontdek de 4 zones\u00a0:<\/p>\n<ul>\n<li>De Freeride du Gollet<\/li>\n<li>De Freeride du Mottet<\/li>\n<li>De freeride du Riondet<\/li>\n<li>De Freeride de la Procureuse<\/li>\n<\/ul>\n<p>Al deze zones zijn afgebakend en zijn in het geel aangegeven op de <strong>skimap van Valmorel<\/strong>[\/vc_column_text][\/vc_column_inner][\/vc_row_inner][vc_empty_space height=&#8221;50px&#8221;][\/vc_column][\/vc_row][vc_row][vc_column width=&#8221;1\/2&#8243;][vc_column_text]<\/p>\n<h2><strong>Twee fotopunten<\/strong><\/h2>\n<p style=\"text-align: center;\"><strong>Deel uw mooiste vakantie herinneringen\u00a0!<\/strong><\/p>\n<p>Het is niet meer nodig om uw smartphone uit uw zak te halen of uw handschoenen uit de doen op de piste\u2026 Valmorel heeft twee foto plekken geinstalleerd ! Gezeten op \u00e9\u00e9n van de oudste skiliften du Mottet, op 2400 meter hoogte, hoeft U alleen maar uw skipas voor de eind terminal te houden, te wachten op 4 biepjes en te lachen voor de foto !<\/p>\n<p>Op de achtergrond van uw foto\u00a0: een buitengewoon mooi panorama van de Mont-Blanc voor de <strong>foto plek du Mottet<\/strong> en een geweldige achtergrond van het massief la Lauzi\u00e8re voor de <strong>foto plek van de L\u2019Arenouillaz<\/strong>\u2026[\/vc_column_text][vc_btn title=&#8221;Meer informatie&#8221; style=&#8221;valmo&#8221; color=&#8221;rougeval&#8221; align=&#8221;center&#8221; css_animation=&#8221;none&#8221; css=&#8221;&#8221; link=&#8221;url:https%3A%2F%2Fskipass.valmorel.com%2Fen%2Fles-points-photos|target:_blank&#8221;][\/vc_column][vc_column width=&#8221;1\/2&#8243;][vc_empty_space height=&#8221;60px&#8221;][vc_single_image image=&#8221;19743&#8243; img_size=&#8221;medium&#8221; style=&#8221;img_valmo1&#8243;][\/vc_column][\/vc_row][vc_row][vc_column][vc_column_text]<\/p>\n<h2><strong>Toegankelijk voor voetgangers\u00a0!<\/strong><\/h2>\n<div class=\"banner immersion-5\" data-stellar-offset-parent=\"true\" data-stellar-background-ratio=\"0.2\">\n<p style=\"text-align: center;\">Te voet, of met sneeuwschoenen : dankzij onze 50 kilometer aan afgebakende en onderhouden paden, kunt U le Grand Domaine op een andere manier ontdekken. Met de stoeltjeslift L\u2019Altispace, des Lanchettes of de Combelouvi\u00e8re, kunt U gemakkelijk naar het hoge gebied om te genieten van een uniek panorama op het massief van de Lauzi\u00e8re.<\/p>\n<p style=\"text-align: center;\">De routekaarten zijn te koop bij het VVV.<\/p>\n<\/div>\n<div class=\"banner immersion-6\" data-stellar-offset-parent=\"true\" data-stellar-background-ratio=\"0.8\">\n<div class=\"radial open\"><\/div>\n<\/div>\n<p>[\/vc_column_text][\/vc_column][\/vc_row][vc_row][vc_column width=&#8221;1\/2&#8243;][vc_empty_space height=&#8221;125px&#8221;][vc_single_image image=&#8221;102375&#8243; img_size=&#8221;medium&#8221; alignment=&#8221;center&#8221; style=&#8221;img_valmo1&#8243;][\/vc_column][vc_column width=&#8221;1\/2&#8243;][vc_empty_space height=&#8221;125px&#8221;][vc_column_text]<\/p>\n<h2 style=\"text-align: center;\">Wat is nieuw in het skigebied<\/h2>\n<div class=\"wpb_text_column wpb_content_element \" style=\"text-align: center;\">\n<div class=\"wpb_wrapper\"><\/div>\n<\/div>\n<div class=\"wpb_text_column wpb_content_element \">\n<div class=\"wpb_wrapper\">\n<p><strong>Skikluisjes Beschikbaar<\/strong><\/p>\n<p>Ontdek onze SKICASE skikluizen bij de basis van het station. Perfect om je uitrusting veilig op te bergen en volop te genieten van je verblijf.<\/p>\n<ul>\n<li>10 kluisjes voor 2 tot 3 paar ski\u2019s<\/li>\n<li>70 kluisjes voor 4 tot 5 paar ski\u2019s<\/li>\n<\/ul>\n<p><strong>Online Reservering:<\/strong> Een speciale reserveringssite opent begin december 2024. Het is ook mogelijk om ter plaatse een kluisje te huren via onze self-service kiosk.<\/p>\n<p><strong>Hoe werkt het?<\/strong> Na het boeken ontvang je een toegangscode per e-mail om je kluisje te openen. Je kunt een kluisje huren voor een dag, een week of het hele seizoen, afhankelijk van je behoeften.<\/p>\n<p><strong>ESF (Franse Skischool)<\/strong><\/p>\n<p><strong>Nieuwe Functies Binnenkort!<\/strong><\/p>\n<p><strong>Nieuwe Hors-Sac Ruimte<\/strong><\/p>\n<p>Geniet van onze nieuwe hors-sac ruimte bij de basis van de Bioll\u00e8ne stoeltjeslift. Deze gastvrije ruimte is binnen en buiten beschikbaar, ideaal om even op adem te komen voor je weer de piste op gaat!<\/p>\n<p><strong>Nieuwe Elektrische Laadstations<\/strong><\/p>\n<p>In de overdekte parkeergarage P7 \u2013 Du Bourg zijn nu zes nieuwe laadstations met Type 2-aansluitingen 24\/7 beschikbaar. Het opladen wordt gefactureerd op basis van gebruikstijd en kan worden betaald met je parkeerticket.<\/p>\n<\/div>\n<\/div>\n<p>[\/vc_column_text][\/vc_column][\/vc_row][vc_row][vc_column][vc_separator border_width=&#8221;2&#8243;][\/vc_column][\/vc_row][vc_row][vc_column width=&#8221;1\/4&#8243;][vc_btn title=&#8221;Ik koop mijn skipas&#8221; style=&#8221;valmo&#8221; color=&#8221;rougeval&#8221; css=&#8221;&#8221; link=&#8221;url:https%3A%2F%2Fskipass.valmorel.com%2Fen%2F|target:_blank&#8221;][\/vc_column][vc_column width=&#8221;1\/4&#8243;][vc_btn title=&#8221;Ik boek mijn skilessen&#8221; style=&#8221;valmo&#8221; color=&#8221;rougeval&#8221; link=&#8221;url:https%3A%2F%2Fwww.esf-valmorel.com%2F||target:%20_blank|&#8221;][\/vc_column][vc_column width=&#8221;1\/4&#8243;][vc_btn title=&#8221;Ik reserveer mijn verblijf&#8221; style=&#8221;valmo&#8221; color=&#8221;rougeval&#8221; link=&#8221;url:https%3A%2F%2Freservation.valmorel.com%2F||target:%20_blank|&#8221;][\/vc_column][\/vc_row][vc_row][vc_column]\n\n    <div class=\"brochure\">\n      <a class=\"brochure_link gtm-brochure\" href=\"\" target=\"_blank\">\n      <p class=\"brochure_title  gtm-nom-brochure\"><\/p>\n    \n  <\/a>\n  <\/div>[\/vc_column][\/vc_row]<\/p>\n<\/div>","protected":false},"excerpt":{"rendered":"<p>[vc_row][vc_column][vc_column_text css=&#8221;&#8221;] Van 20 december 2025 tot 11 april 2026 [\/vc_column_text][vc_column_text] Vlakbij gelegen aan het Parc de la Vanoise, hergroepeert Le Grand Domaine de skigebieden Valmorel, Saint-Fran\u00e7ois-Longchamps, Doucy en Celliers. Samen biedt het een zonnig skigebied van 165 kilometers pistes. [\/vc_column_text][\/vc_column][\/vc_row][vc_row][vc_column width=&#8221;1\/6&#8243;][\/vc_column][vc_column width=&#8221;2\/3&#8243;][vc_single_image image=&#8221;118001&#8243; img_size=&#8221;full&#8221; alignment=&#8221;center&#8221; onclick=&#8221;custom_link&#8221; img_link_target=&#8221;_blank&#8221; css=&#8221;&#8221; link=&#8221;https:\/\/www.valmorel.com\/wp-content\/uploads\/2025\/11\/plan-des-pistes-25-26-plan-unique.pdf&#8221;][\/vc_column][vc_column width=&#8221;1\/6&#8243;][\/vc_column][\/vc_row][vc_row][vc_column][vc_btn title=&#8221;Download de pistekaart&#8221; style=&#8221;valmo&#8221; [&hellip;]<\/p>\n","protected":false},"author":1,"featured_media":19738,"parent":34345,"menu_order":10,"comment_status":"closed","ping_status":"closed","template":"","meta":{"_acf_changed":false,"footnotes":""},"class_list":["post-34348","page","type-page","status-publish","has-post-thumbnail","hentry"],"acf":[],"_links":{"self":[{"href":"https:\/\/www.valmorel.com\/nl\/wp-json\/wp\/v2\/pages\/34348","targetHints":{"allow":["GET"]}}],"collection":[{"href":"https:\/\/www.valmorel.com\/nl\/wp-json\/wp\/v2\/pages"}],"about":[{"href":"https:\/\/www.valmorel.com\/nl\/wp-json\/wp\/v2\/types\/page"}],"author":[{"embeddable":true,"href":"https:\/\/www.valmorel.com\/nl\/wp-json\/wp\/v2\/users\/1"}],"replies":[{"embeddable":true,"href":"https:\/\/www.valmorel.com\/nl\/wp-json\/wp\/v2\/comments?post=34348"}],"version-history":[{"count":5,"href":"https:\/\/www.valmorel.com\/nl\/wp-json\/wp\/v2\/pages\/34348\/revisions"}],"predecessor-version":[{"id":118780,"href":"https:\/\/www.valmorel.com\/nl\/wp-json\/wp\/v2\/pages\/34348\/revisions\/118780"}],"up":[{"embeddable":true,"href":"https:\/\/www.valmorel.com\/nl\/wp-json\/wp\/v2\/pages\/34345"}],"wp:featuredmedia":[{"embeddable":true,"href":"https:\/\/www.valmorel.com\/nl\/wp-json\/wp\/v2\/media\/19738"}],"wp:attachment":[{"href":"https:\/\/www.valmorel.com\/nl\/wp-json\/wp\/v2\/media?parent=34348"}],"curies":[{"name":"wp","href":"https:\/\/api.w.org\/{rel}","templated":true}]}}