{"id":34667,"date":"2020-04-01T11:07:42","date_gmt":"2020-04-01T09:07:42","guid":{"rendered":"https:\/\/www.valmorel.com\/ski-glisse\/ski-de-randonnee\/"},"modified":"2024-01-17T09:32:54","modified_gmt":"2024-01-17T08:32:54","slug":"noords-skien","status":"publish","type":"page","link":"https:\/\/www.valmorel.com\/nl\/winter-activiteiten\/skien-en-glijden\/noords-skien\/","title":{"rendered":"NOORDS SKI\u00cbN"},"content":{"rendered":"<div class=\"wpb-content-wrapper\"><p>[vc_row][vc_column][vc_empty_space height=&#8221;50px&#8221;][vc_column_text]<\/p>\n<h1>Ontdek Noords ski\u00ebn<\/h1>\n<h2 class=\"chapeau\">Ontdek de bergen op hun ongereptst met noords ski\u00ebn<\/h2>\n<p class=\"bodytext\" style=\"text-align: center;\">Noords ski\u00ebn is een manier om van de gebaande paden af te wijken en de bergen in hun puurste staat te ontdekken, ver van de drukte en zonder liften.<\/p>\n<p>[\/vc_column_text][vc_column_text]<strong>Veiligheidsadvies:<\/strong><\/p>\n<p>Wees u bewust van het weer en het lawinegevaar, rust u warm uit zonder uw technische uitrusting te vergeten (schep, sonde, DVA&#8230;), breng uw omgeving op de hoogte van uw route en volg de markeringen.[\/vc_column_text][\/vc_column][\/vc_row][vc_row][vc_column][vc_column_text]<\/p>\n<h2>In Valmorel &#8211; Le Toboggan route<\/h2>\n<p>[\/vc_column_text][\/vc_column][\/vc_row][vc_row][vc_column width=&#8221;1\/2&#8243;][vc_empty_space height=&#8221;32&#8243;][vc_single_image image=&#8221;2776&#8243; img_size=&#8221;medium&#8221; style=&#8221;img_valmo1&#8243;][vc_btn title=&#8221;Ontdek Le Toboggan route&#8221; style=&#8221;valmo&#8221; color=&#8221;rougeval&#8221; align=&#8221;left&#8221; link=&#8221;url:https%3A%2F%2Fwww.valmorel.com%2Fwp-content%2Fuploads%2F2024%2F01%2FCarte-le-topboggan-PLANCHAMP-2023-2024.pdf&#8221;][\/vc_column][vc_column width=&#8221;1\/2&#8243;][vc_column_text]Het <strong>toerskiparcours &#8220;Le Toboggan&#8221;<\/strong> is een parcours met een hoogteverschil van<strong> 522m<\/strong>, voor een totale afstand van <strong>3600m<\/strong>. Het bestaat uit een eerste eenvoudig deel (afhankelijk van goede sneeuwomstandigheden); en een tweede, meer technisch deel, dat een goede beheersing van de discipline vereist.<\/p>\n<p>De start is voor het restaurant Le Chalet du Mottet (1400m), net links van het ESF-begintapijt. Vervolgens gaat u door het bos, voordat u aankomt bij het tussenparcours (1655m). Op dit punt kunt u verder naar de top via de overblijfselen van de oude zwarte rodelpiste, of via de blauwe piste &#8220;Les Traverses&#8221; terugkeren naar het skistation.<\/p>\n<p>Als u doorgaat met de klim naar de top, komt u op de top van de Planchamp-gondel (1922m) met een adembenemend uitzicht op de Mont Blanc en het Lauzi\u00e8re massief. De afdaling wordt vervolgens gemaakt op de blauwe skipiste &#8220;Les Traverses&#8221;.<\/p>\n<p><strong>De route wordt getraceerd en gemarkeerd voor exclusief gebruik van toerski\u00ebrs, en dit gebeurt onder hun volledige verantwoordelijkheid.<\/strong><\/p>\n<p>Het parcours is toegankelijk tussen 6.00 en 19.00 uur. Buiten deze uren is de toegang ten strengste verboden (risico van botsing met een grooming machine).<br \/>\n<strong>Let op:<\/strong> de piste is niet gemarkeerd, beveiligd of bewegwijzerd door de piste-service voor 9.30 uur en na 16.30 uur.<\/p>\n<p>Deze toerskiroute (afdaling en beklimming) kan eventueel door de pistedienst worden afgesloten, indien het PIDA (Plan d&#8217;Intervention pour les D\u00e9clenches des Avalanches) in werking wordt gesteld.<\/p>\n<p><span style=\"color: #ff0000;\"><strong><em>Het VVV-kantoor en de pistedienst van het skigebied kunnen u niet adviseren over de staat, de omstandigheden en de uitvoerbaarheid van deze route, aangezien deze zich buiten de grenzen van het skigebied bevindt en het goede gebruik ervan afhankelijk is van de weers- en sneeuwomstandigheden.<\/em><\/strong><\/span>[\/vc_column_text][\/vc_column][\/vc_row][vc_row][vc_column][vc_empty_space height=&#8221;60&#8243;][\/vc_column][\/vc_row][vc_row][vc_column width=&#8221;2\/3&#8243;][vc_column_text]<\/p>\n<h2>In Doucy<\/h2>\n<p>[\/vc_column_text][vc_column_text]<\/p>\n<p class=\"chapeau\" style=\"text-align: left;\">Vanuit het skioord <strong>Doucy<\/strong> kunt u skitochten maken op de gezamenlijke route van Chantemerle (<strong>circuit n\u00b02<\/strong>, kaart met noordse routes te koop bij het Office du Tourisme of in onze onlineshop voor 3\u20ac). Het vertrek is vanuit het gehucht Chantemerle, u volgt de route langs het bos, dan aan de zuidkant tot aan de aankomst van de stoeltjeslift Combelouvi\u00e8re.\u00a0Deze route is gemengd (sneeuwschoenlopers, voetgangers); respecteer alstublieft de andere gebruikers.<\/p>\n<p>[\/vc_column_text][vc_column_text]Deze route is alleen toegankelijk via skitochten op de weg naar boven. De afdaling gaat via de skipistes van het skigebied.[\/vc_column_text][\/vc_column][vc_column width=&#8221;1\/3&#8243;][vc_empty_space][vc_single_image image=&#8221;94301&#8243; img_size=&#8221;medium&#8221; style=&#8221;img_valmo1&#8243;][\/vc_column][\/vc_row][vc_row][vc_column][vc_empty_space height=&#8221;60&#8243;][\/vc_column][\/vc_row][vc_row][vc_column width=&#8221;1\/3&#8243;][vc_single_image image=&#8221;94209&#8243; img_size=&#8221;medium&#8221; style=&#8221;img_valmo1&#8243;][vc_row_inner][vc_column_inner][\/vc_column_inner][\/vc_row_inner][\/vc_column][vc_column width=&#8221;2\/3&#8243;][vc_column_text]<\/p>\n<h2>In N\u00e2ves<\/h2>\n<p>[\/vc_column_text][vc_column_text]<\/p>\n<p class=\"chapeau\" style=\"text-align: left;\">De vallei van <strong>N\u00e2ves<\/strong> (op 45 minuten rijden van Valmorel of Doucy) biedt vele mogelijkheden: pistes geschikt voor beginners, gemakkelijk toegankelijke toppen (Quermoz, Grand-Cr\u00e9tet, Chauvi\u00e8re, enz.) met afdalingen van 800 tot 1200 m, maar ook couloir ski\u00ebn en het begin van meerdaagse tochten in het Beaufortain massief.<\/p>\n<p>[\/vc_column_text][vc_column_text]<\/p>\n<p style=\"text-align: left;\">Het Maison de la Montagne, dat het Noordse gebied beheert, kan u geen informatie geven over de sneeuwcondities buiten het Noordse gebied.<br \/>\nControleer dus voor u vertrekt de weersomstandigheden en lawinegevaar op websites zoals Skitour.<\/p>\n<p>[\/vc_column_text][vc_column_text]<\/p>\n<p style=\"text-align: center;\"><strong>Informatie voor ski\u00ebrs: aanbevolen routes om langlaufloipes te vermijden<\/strong><\/p>\n<p style=\"text-align: center;\"><a href=\"https:\/\/www.valmorel.com\/wp-content\/uploads\/2021\/02\/Info-SKI-DE-RANDO-Naves.pdf\" target=\"_blank\" rel=\"noopener\">&gt; Bekijk kaart<\/a><\/p>\n<p>[\/vc_column_text][\/vc_column][\/vc_row][vc_row][vc_column][vc_column_text]<\/p>\n<h2>In Celliers<\/h2>\n<p>[\/vc_column_text][vc_column_text]Het dorp <strong>Celliers<\/strong> (50 minuten rijden van Valmorel of Doucy) is een paradijs voor natuurliefhebbers en skitoeristen.\u00a0U zult de grote maagdelijke ruimtes van het massief van Lauzi\u00e8re en zijn beroemde bergkammen kunnen ontdekken.<\/p>\n<p>Opgelet: de skitochten die vertrekken in Celliers zijn niet gemarkeerd of beveiligd. Het is belangrijk op te merken dat u de volledige verantwoordelijkheid voor de risico&#8217;s op u neemt.[\/vc_column_text][\/vc_column][\/vc_row][vc_row][vc_column][vc_single_image image=&#8221;94205&#8243; img_size=&#8221;medium&#8221; alignment=&#8221;center&#8221; style=&#8221;img_valmo1&#8243;][\/vc_column][\/vc_row]<\/p>\n<\/div>","protected":false},"excerpt":{"rendered":"<p>[vc_row][vc_column][vc_empty_space height=&#8221;50px&#8221;][vc_column_text] Ontdek Noords ski\u00ebn Ontdek de bergen op hun ongereptst met noords ski\u00ebn Noords ski\u00ebn is een manier om van de gebaande paden af te wijken en de bergen in hun puurste staat te ontdekken, ver van de drukte en zonder liften. [\/vc_column_text][vc_column_text]Veiligheidsadvies: Wees u bewust van het weer en het lawinegevaar, rust u [&hellip;]<\/p>\n","protected":false},"author":1,"featured_media":34669,"parent":34345,"menu_order":70,"comment_status":"closed","ping_status":"closed","template":"","meta":{"_acf_changed":false,"footnotes":""},"class_list":["post-34667","page","type-page","status-publish","has-post-thumbnail","hentry"],"acf":[],"_links":{"self":[{"href":"https:\/\/www.valmorel.com\/nl\/wp-json\/wp\/v2\/pages\/34667","targetHints":{"allow":["GET"]}}],"collection":[{"href":"https:\/\/www.valmorel.com\/nl\/wp-json\/wp\/v2\/pages"}],"about":[{"href":"https:\/\/www.valmorel.com\/nl\/wp-json\/wp\/v2\/types\/page"}],"author":[{"embeddable":true,"href":"https:\/\/www.valmorel.com\/nl\/wp-json\/wp\/v2\/users\/1"}],"replies":[{"embeddable":true,"href":"https:\/\/www.valmorel.com\/nl\/wp-json\/wp\/v2\/comments?post=34667"}],"version-history":[{"count":4,"href":"https:\/\/www.valmorel.com\/nl\/wp-json\/wp\/v2\/pages\/34667\/revisions"}],"predecessor-version":[{"id":112578,"href":"https:\/\/www.valmorel.com\/nl\/wp-json\/wp\/v2\/pages\/34667\/revisions\/112578"}],"up":[{"embeddable":true,"href":"https:\/\/www.valmorel.com\/nl\/wp-json\/wp\/v2\/pages\/34345"}],"wp:featuredmedia":[{"embeddable":true,"href":"https:\/\/www.valmorel.com\/nl\/wp-json\/wp\/v2\/media\/34669"}],"wp:attachment":[{"href":"https:\/\/www.valmorel.com\/nl\/wp-json\/wp\/v2\/media?parent=34667"}],"curies":[{"name":"wp","href":"https:\/\/api.w.org\/{rel}","templated":true}]}}