{"id":45873,"date":"2020-06-18T14:58:05","date_gmt":"2020-06-18T12:58:05","guid":{"rendered":"https:\/\/www.valmorel.com\/qualite\/nos-conseils-pour-des-vacances-ecologiques\/"},"modified":"2021-08-11T16:19:33","modified_gmt":"2021-08-11T14:19:33","slug":"duurzame-ontwikkeling","status":"publish","type":"page","link":"https:\/\/www.valmorel.com\/nl\/qualite\/duurzame-ontwikkeling\/","title":{"rendered":"Duurzame ontwikkeling: onze verbintenissen"},"content":{"rendered":"<div class=\"wpb-content-wrapper\"><p>[vc_row][vc_column][vc_column_text]<\/p>\n<h2>De waarden van Valmorel en de Valleien van Aigueblanche<\/h2>\n<p style=\"text-align: center;\">Alle skigebieden hebben een impact op het milieu en wij zijn ons bewust van de onze.<\/p>\n<p style=\"text-align: center;\">De berg is een natuurlijke omgeving die behouden moet blijven. Daarom maken wij er een erezaak van onze invloed op de ons omringende natuur te verminderen door middel van diverse acties op het grondgebied, zodat wij kunnen blijven genieten van de voordelen en weldaden ervan.<\/p>\n<p style=\"text-align: center;\">Door zorg te dragen voor ons milieu en tegelijk economisch levensvatbaar te zijn, integreren wij dit begrip van duurzame ontwikkeling, een concept van ontwikkeling of groei dat deel uitmaakt van een langetermijnperspectief en dat ecologische en sociale beperkingen integreert.<\/p>\n<p style=\"text-align: center;\">Door ons handelen voorzien wij in de behoeften van het heden zonder het vermogen van toekomstige generaties om in hun behoeften te voorzien in gevaar te brengen.<\/p>\n<p>[\/vc_column_text][vc_column_text]<\/p>\n<h2>De verbintenissen van Valmorel inzake duurzame ontwikkeling<\/h2>\n<p>[\/vc_column_text][vc_column_text]<\/p>\n<ul>\n<li><strong>MILIEUWAARNEMINGSPOST<\/strong><\/li>\n<\/ul>\n<p>Sinds 2020 beschikt het skigebied van Valmorel over een instrument dat een proactieve benadering van de uitvoering van milieuacties mogelijk maakt. Er is een inventarisatie gemaakt van de fauna en flora van de toekomstige projectgebieden om te kunnen anticiperen op de voorbereiding van toekomstige projectdossiers (installatie van besneeuwingsnetten, skiliftinstallaties of gebouwen) en de opstelling van de effectstudie.[\/vc_column_text][\/vc_column][\/vc_row][vc_row][vc_column width=&#8221;2\/3&#8243;][vc_column_text]<\/p>\n<ul>\n<li><strong>PASTORALISME<\/strong><\/li>\n<\/ul>\n<p>De verdeling van de berg tussen de exploitant van het skigebied en de landbouwers is van essentieel belang. Daartoe wordt in het voorjaar van elk jaar een vergadering ter voorbereiding van de werklocaties georganiseerd om te zorgen voor een betere overdracht van informatie en organisatie.<br \/>\nBovendien worden er &#8220;Alpage&#8221;-borden geplaatst ter attentie van de klanten aan het begin van de skiliften, waarop de regels staan die gevolgd moeten worden bij het oversteken met een kudde: zet de slagboom weer omhoog, wees waakzaam bij de aanwezigheid van een patou, blijf op de paden, voer de dieren niet&#8230;[\/vc_column_text][vc_column_text]<a href=\"https:\/\/www.valmorel.com\/le-pastoralisme\/\"><strong><em>&gt; Meer informatie<\/em><\/strong><\/a>[\/vc_column_text][\/vc_column][vc_column width=&#8221;1\/3&#8243;][vc_single_image image=&#8221;86468&#8243; img_size=&#8221;medium&#8221;][\/vc_column][\/vc_row][vc_row][vc_column][vc_column_text]<\/p>\n<ul>\n<li><strong>BESNEEUWING EN VERZORGING<\/strong><\/li>\n<\/ul>\n<p>Het skigebied van Valmorel biedt de vakantiegangers tijdens het winterseizoen elke week een bezoek aan de sneeuwfabriek, zodat zij de productie van kunstsneeuw beter kunnen begrijpen: uitleg over de werking van het netwerk, optimalisering van de productie in verhouding tot de natuurlijke sneeuwbedekking, enz.<\/p>\n<p>Binnenkort zal in elke sneeuwploeg een sneeuwdieptemeetsysteem (SNOWSAT) worden ge\u00efnstalleerd om het gebruik van de beschikbare hulpbronnen (natuurlijke en kunstsneeuw) te optimaliseren. Alle chauffeurs zijn ook opgeleid in eco-rijden, wat het brandstofverbruik vermindert.[\/vc_column_text][\/vc_column][\/vc_row][vc_row][vc_column][vc_column_text]<\/p>\n<ul>\n<li><strong>AFVALBEHEER<\/strong><\/li>\n<\/ul>\n<p>Het lijkt vanzelfsprekend, maar een geheugensteuntje is nooit nutteloos! Als je in het bos wandelt of skiet, gooi dan niets weg!<\/p>\n<p>Een sigarettenpeuk doet er 2 jaar over om afgebroken te worden, een kauwgom 5 jaar, een aluminium blikje 100 jaar en een plastic zak 450&#8230; In de bergen is het nog erger, omdat de kou het afval &#8220;bewaart&#8221;.<\/p>\n<p>Ook al wordt er elk voorjaar een ophaaldag van afval georganiseerd op het domein met de schoolkinderen van de Vall\u00e9e d&#8217;Aigueblanche en alle vrijwilligers van het grondgebied, de visuele vervuiling van afval is niet aangenaam voor de volgende. Het schoonmaken van natuurgebieden kan een gelegenheid zijn om spelletjes met kinderen te spelen om hen aan te moedigen meer en beter te sorteren en hen bewust te maken van het belang van een schone groene ruimte.<\/p>\n<p>Rokers, opgelet: zakasbakken worden gratis uitgedeeld door de skiliftmaatschappij zodat u uw sigarettenpeuken niet op het skigebied gooit.<\/p>\n<p>Al meer dan 10 jaar worden de vuilnisbakken in het skigebied verwijderd. Daarom raden wij u aan uw vuilnis mee te nemen als u gaat picknicken. Aarzel niet om die van mensen mee te nemen die minder verantwoordelijk zijn dan jij&#8230; Het is een beetje een ondankbare taak maar zeer nuttig!<\/p>\n<p>&nbsp;<\/p>\n<p><strong>Laten we van vallei veranderen&#8230;<\/strong><\/p>\n<p>Het Domaine nordique de N\u00e2ves wordt beheerd door La Maison de la montagne de N\u00e2ves, een vereniging waarvan de &#8220;essentie&#8221; het respect voor het milieu is en de waarden van de sociale en solidaire economie ook acties onderneemt tijdens haar evenementen: de consumptiestands schenken enkel biologische en lokale dranken met herbruikbare eco-bekers, de voedselaankopen voor de consumptiestands tijdens skiwedstrijden of mountainbiketochten gebeuren enkel bij Biocoop of bij lokale boeren, de welkomstzakjes tijdens mountainbiketochten of skiwedstrijden bestaan uit lokale en biologische producten (geen made in China goodies) en ten slotte zijn de aanwezige standhouders tijdens de organisatie van de markt geen wederverkopers, maar enkel producenten en ambachtslui[\/vc_column_text][\/vc_column][\/vc_row][vc_row][vc_column][vc_column_text]<\/p>\n<ul>\n<li><strong>ECO-ACTIES<\/strong><\/li>\n<\/ul>\n<p>Wij houden van honing en we houden nog meer van bijen!<\/p>\n<p>Boven op de pylonen van de Lanchettes-lift werden bijenkorven geplaatst. Op deze plaats vormden zich regelmatig zwermen bijen die een gevaar vormden voor de klanten wanneer zij langsliepen terwijl zij op de stoel zaten. De test was een succes! De bijen zwermen in de bijenkorven en een imker komt ze ophalen.<\/p>\n<p>Om de schoonheid van onze landschappen te behouden, is de visuele vervuiling verminderd door het verwijderen van 40 masten in Bioll\u00e8ne; bovendien is de bekleding van de technische gebouwen van steen en hout gemaakt voor een perfecte integratie in het landschap.[\/vc_column_text][vc_row_inner][vc_column_inner width=&#8221;2\/3&#8243;][vc_column_text]Na de werkzaamheden worden de sporen opnieuw begroeid met een specifiek mengsel van zaden die specifiek zijn voor de alpenweiden, zodat de werkzaamheden zo snel mogelijk kunnen worden gemaskeerd.<\/p>\n<p>De verwarming van de werkplekken van de bedieners gebeurt met de warmte die door de stroomkasten van de apparatuur wordt geleverd. Er zijn ook radiatoren met deur\/raam open\/dicht-detectie ge\u00efnstalleerd om warmteverlies te voorkomen.<\/p>\n<p>In N\u00e2ves wordt de &#8220;hors-sac&#8221; kamer in het Noordse gedeelte verwarmd door een pelletkachelsysteem. De toegang tot elektriciteit wordt verzorgd door zonnepanelen.<\/p>\n<p>Wat recycling betreft, worden de oude installaties gerecycleerd. Zo worden de skilifttorens gebruikt om nieuwe &#8220;diensten&#8221; in het skigebied te cre\u00ebren: fotopunten, webcams, CATEX du Riondet, enz.[\/vc_column_text][\/vc_column_inner][vc_column_inner width=&#8221;1\/3&#8243;][vc_single_image image=&#8221;2174&#8243; img_size=&#8221;medium&#8221; style=&#8221;img_valmo1&#8243;][\/vc_column_inner][\/vc_row_inner][\/vc_column][\/vc_row][vc_row][vc_column][vc_column_text]Wat tenslotte de toeristische accommodatie betreft, helpt het Maison des Propri\u00e9taires de eigenaars die hun accommodatie willen renoveren, met advies over een isolatie- en\/of energierenovatieproject (opstellen van een diagnose, bepalen van de prioriteiten van de energie-audit, enz.) De onderwerpen in verband met de renovatie van mede-eigendom zijn zeer ruim. Twee regelingen, Coach&#8217;R\u00e9nov en Coach&#8217;Copro, zijn opgezet door de Landvergadering Tarentaise Vanoise, waardoor gebruik kan worden gemaakt van de deskundigheid van Atout France en ASDER.[\/vc_column_text][\/vc_column][\/vc_row][vc_row][vc_column width=&#8221;5\/6&#8243;][vc_column_text]<\/p>\n<ul>\n<li><strong>FAUNA EN FLORA<\/strong><\/li>\n<\/ul>\n<p>Vermijd het voederen van wilde en gekweekte dieren (koeien, paarden&#8230;) die u kunt tegenkomen met wat u maar te pakken kunt krijgen (chips, gebak, ijs, snoep&#8230;). Hoe verleidelijk het ook is, het is niet goed voor hen.<br \/>\nVoor kinderen is het essentieel uit te leggen dat wat je eet niet altijd geschikt is voor wilde dieren!<\/p>\n<p>Pluk geen bloemen tijdens uw wandelingen, u kunt een soort in gevaar brengen, zoals de Swertia Perennis, een beschermde bloem die op ons grondgebied voorkomt. Bovendien ontneemt u de volgende wandelaars het plezier om de bloemen te zien.[\/vc_column_text][\/vc_column][vc_column width=&#8221;1\/6&#8243;][vc_single_image image=&#8221;86472&#8243; img_size=&#8221;medium&#8221; style=&#8221;img_valmo1&#8243;][\/vc_column][\/vc_row][vc_row][vc_column width=&#8221;2\/5&#8243;][vc_raw_html]JTNDaWZyYW1lJTIwd2lkdGglM0QlMjI1NjAlMjIlMjBoZWlnaHQlM0QlMjIzMTUlMjIlMjBzcmMlM0QlMjJodHRwcyUzQSUyRiUyRnd3dy55b3V0dWJlLmNvbSUyRmVtYmVkJTJGZjUtNzc2SV95dFklMjIlMjB0aXRsZSUzRCUyMllvdVR1YmUlMjB2aWRlbyUyMHBsYXllciUyMiUyMGZyYW1lYm9yZGVyJTNEJTIyMCUyMiUyMGFsbG93JTNEJTIyYWNjZWxlcm9tZXRlciUzQiUyMGF1dG9wbGF5JTNCJTIwY2xpcGJvYXJkLXdyaXRlJTNCJTIwZW5jcnlwdGVkLW1lZGlhJTNCJTIwZ3lyb3Njb3BlJTNCJTIwcGljdHVyZS1pbi1waWN0dXJlJTIyJTIwYWxsb3dmdWxsc2NyZWVuJTNFJTNDJTJGaWZyYW1lJTNF[\/vc_raw_html][\/vc_column][vc_column width=&#8221;3\/5&#8243;][vc_column_text]Loop op de paden om de grond niet te eroderen en instortingen te veroorzaken en steek vooral de velden niet over, u vermorzelt het voedsel van de dieren die in de alpenweide lopen.<\/p>\n<p>Het Noordse domein van N\u00e2ves wordt aangeduid met PDESI (Plan D\u00e9partemental des Espaces, Sites et Itin\u00e9raires). Er wordt speciale aandacht besteed aan de bescherming van kwetsbare soorten. De aanwezigheid van de T\u00e9tras-Lyre en het belang om deze niet te verstoren, wordt langs de hele route van de sneeuwschoen- en langlaufroutes via borden aan ski\u00ebrs en sneeuwschoenwandelaars duidelijk gemaakt.[\/vc_column_text][\/vc_column][\/vc_row][vc_row][vc_column width=&#8221;4\/5&#8243;][vc_column_text]Tegenover N\u00e2ves is het Massif de la Lauzi\u00e8re geklasseerd als &#8220;Natura 2000-gebied&#8221; dankzij de criteria &#8220;habitats&#8221; en &#8220;vogels&#8221;.<\/p>\n<p>Hooiweiden in de bergen of hoogveen voor de natuurlijke habitats, de blauwe distel voor de flora, een gediversifieerde fauna met de Europese uil, de patrijs van Bartavelle, de T\u00e9tras-Lyre, de alpensneeuwhoen&#8230; of de Lynx, ge\u00efdentificeerde mineralen zoals goud, koper, beryllium mineralen, uranium&#8230; dit massief is een echte schatkamer van biodiversiteit die gerespecteerd en bewaard moet worden.[\/vc_column_text][\/vc_column][vc_column width=&#8221;1\/5&#8243;][vc_single_image image=&#8221;86475&#8243; img_size=&#8221;medium&#8221; style=&#8221;img_valmo1&#8243;][\/vc_column][\/vc_row][vc_row][vc_column][vc_column_text]<\/p>\n<ul>\n<li><strong>VALMOREL MOBILITEIT<\/strong><\/li>\n<\/ul>\n<p>Voor een gemakkelijk, ecologisch en verantwoord verblijf, staan er gedurende het hele zomer- en winterseizoen gratis pendelbussen tot uw beschikking om u gemakkelijk te verplaatsen in Valmorel en in de omliggende dorpen.<\/p>\n<p>In de zomer kunt u met de gratis mountainbike pendelbus vanuit Aigueblanche gemakkelijk terug naar Valmorel of N\u00e2ves.<\/p>\n<p>De &#8220;Valmobus&#8221; en de &#8220;Vall\u00e9es Bus&#8221; zijn ook beschikbaar om de individuele verplaatsingen naar Valmorel vanuit het gehucht &#8220;Fey dessous&#8221; en tussen de gemeenten La L\u00e9ch\u00e8re en Valmorel te verminderen.<\/p>\n<p>En in de winter kunnen ski\u00ebrs met gratis pendelbussen vanuit het gehucht &#8220;Fey dessous&#8221; toegang krijgen tot het skigebied van Valmorel en vanuit La Maison de N\u00e2ves en La L\u00e9ch\u00e8re (te bevestigen voor 2021-2022) tot het Noords skigebied van N\u00e2ves.[\/vc_column_text][\/vc_column][\/vc_row]<\/p>\n<\/div>","protected":false},"excerpt":{"rendered":"<p>[vc_row][vc_column][vc_column_text] De waarden van Valmorel en de Valleien van Aigueblanche Alle skigebieden hebben een impact op het milieu en wij zijn ons bewust van de onze. De berg is een natuurlijke omgeving die behouden moet blijven. Daarom maken wij er een erezaak van onze invloed op de ons omringende natuur te verminderen door middel van [&hellip;]<\/p>\n","protected":false},"author":3,"featured_media":10669,"parent":35092,"menu_order":0,"comment_status":"closed","ping_status":"closed","template":"","meta":{"_acf_changed":false,"footnotes":""},"class_list":["post-45873","page","type-page","status-publish","has-post-thumbnail","hentry"],"acf":[],"_links":{"self":[{"href":"https:\/\/www.valmorel.com\/nl\/wp-json\/wp\/v2\/pages\/45873","targetHints":{"allow":["GET"]}}],"collection":[{"href":"https:\/\/www.valmorel.com\/nl\/wp-json\/wp\/v2\/pages"}],"about":[{"href":"https:\/\/www.valmorel.com\/nl\/wp-json\/wp\/v2\/types\/page"}],"author":[{"embeddable":true,"href":"https:\/\/www.valmorel.com\/nl\/wp-json\/wp\/v2\/users\/3"}],"replies":[{"embeddable":true,"href":"https:\/\/www.valmorel.com\/nl\/wp-json\/wp\/v2\/comments?post=45873"}],"version-history":[{"count":6,"href":"https:\/\/www.valmorel.com\/nl\/wp-json\/wp\/v2\/pages\/45873\/revisions"}],"predecessor-version":[{"id":115046,"href":"https:\/\/www.valmorel.com\/nl\/wp-json\/wp\/v2\/pages\/45873\/revisions\/115046"}],"up":[{"embeddable":true,"href":"https:\/\/www.valmorel.com\/nl\/wp-json\/wp\/v2\/pages\/35092"}],"wp:featuredmedia":[{"embeddable":true,"href":"https:\/\/www.valmorel.com\/nl\/wp-json\/wp\/v2\/media\/10669"}],"wp:attachment":[{"href":"https:\/\/www.valmorel.com\/nl\/wp-json\/wp\/v2\/media?parent=45873"}],"curies":[{"name":"wp","href":"https:\/\/api.w.org\/{rel}","templated":true}]}}